{"id":755,"date":"2023-04-03T15:52:00","date_gmt":"2023-04-03T14:52:00","guid":{"rendered":"https:\/\/iuget.cm\/?page_id=755"},"modified":"2023-04-03T16:51:29","modified_gmt":"2023-04-03T15:51:29","slug":"mot-du-president","status":"publish","type":"page","link":"https:\/\/iuget.cm\/en\/mot-du-president\/","title":{"rendered":"A word from the president"},"content":{"rendered":"<div data-elementor-type=\"wp-page\" data-elementor-id=\"755\" class=\"elementor elementor-755\">\n\t\t\t\t\t\t<div class=\"elementor-inner\">\n\t\t\t\t<div class=\"elementor-section-wrap\">\n\t\t\t\t\t\t\t\t\t<section class=\"elementor-section elementor-top-section elementor-element elementor-element-6d095e79 dsvy-col-stretched-none dsvy-bg-color-over-image elementor-section-boxed elementor-section-height-default elementor-section-height-default\" data-id=\"6d095e79\" data-element_type=\"section\">\n\t\t\t\t\t\t<div class=\"elementor-container elementor-column-gap-default\">\n\t\t\t\t\t\t\t<div class=\"elementor-row\">\n\t\t\t\t\t<div class=\"elementor-column elementor-col-100 elementor-top-column elementor-element elementor-element-46934ed6 dsvy-bg-color-over-image\" data-id=\"46934ed6\" data-element_type=\"column\">\n\t\t\t<div class=\"elementor-column-wrap elementor-element-populated\">\n\t\t\t\t\t\t\t<div class=\"elementor-widget-wrap\">\n\t\t\t\t\t\t<div class=\"elementor-element elementor-element-c5503c0 dsvy-align-left elementor-widget elementor-widget-dsvy_heading\" data-id=\"c5503c0\" data-element_type=\"widget\" data-widget_type=\"dsvy_heading.default\">\n\t\t\t\t<div class=\"elementor-widget-container\">\n\t\t\t\t<div class=\"dsvy-heading-subheading left-align dsvy-reverse-heading-yes\"><h4 class=\"dsvy-element-subtitle\">\r\n\t\t\t\r\n\t\t\t\tIUGET \r\n\t\t\t\r\n\t\t\t<\/h4>\r\n\t\t<h2 class=\"dsvy-element-title\">\r\n\t\t\t\r\n\t\t\t\tWord from the President\r\n\t\t\t\r\n\t\t\t<\/h2>\r\n\t\t<\/div>\t\t<\/div>\n\t\t\t\t<\/div>\n\t\t\t\t\t\t<\/div>\n\t\t\t\t\t<\/div>\n\t\t<\/div>\n\t\t\t\t\t\t\t\t<\/div>\n\t\t\t\t\t<\/div>\n\t\t<\/section>\n\t\t\t\t<section class=\"elementor-section elementor-top-section elementor-element elementor-element-3d2d6627 dsvy-col-stretched-none dsvy-bg-color-over-image elementor-section-boxed elementor-section-height-default elementor-section-height-default\" data-id=\"3d2d6627\" data-element_type=\"section\">\n\t\t\t\t\t\t<div class=\"elementor-container elementor-column-gap-default\">\n\t\t\t\t\t\t\t<div class=\"elementor-row\">\n\t\t\t\t\t<div class=\"elementor-column elementor-col-66 elementor-top-column elementor-element elementor-element-6d28321f dsvy-bg-color-over-image\" data-id=\"6d28321f\" data-element_type=\"column\">\n\t\t\t<div class=\"elementor-column-wrap elementor-element-populated\">\n\t\t\t\t\t\t\t<div class=\"elementor-widget-wrap\">\n\t\t\t\t\t\t<div class=\"elementor-element elementor-element-71cad9df elementor-drop-cap-yes elementor-drop-cap-view-default elementor-widget elementor-widget-text-editor\" data-id=\"71cad9df\" data-element_type=\"widget\" data-settings=\"{&quot;drop_cap&quot;:&quot;yes&quot;}\" data-widget_type=\"text-editor.default\">\n\t\t\t\t<div class=\"elementor-widget-container\">\n\t\t\t\t\t\t\t\t<div class=\"elementor-text-editor elementor-clearfix\">\n\t\t\t\t<div class=\"col-md-8\"><p style=\"text-align: center;\">The option taken by Cameroon to reach the emergence at the horizon 2035, finds in this context a resonance bringing great hopes in terms of employment and career opportunities. We are convinced that, despite the unemployment rate that strongly affects the young population, the future remains promising if they receive adequate training. In order to respond to this imperative, which will serve as a gateway to quality employment, IUGET opens its doors to offers training that meets the needs of the job market, particularly through its specialized engineering cycle. Our university institute offers a truly professional training, through a permanent immersion in the practice and reality of the business world.<\/p><\/div>\t\t\t\t\t<\/div>\n\t\t\t\t\t\t<\/div>\n\t\t\t\t<\/div>\n\t\t\t\t<div class=\"elementor-element elementor-element-81950ef elementor-widget elementor-widget-heading\" data-id=\"81950ef\" data-element_type=\"widget\" data-widget_type=\"heading.default\">\n\t\t\t\t<div class=\"elementor-widget-container\">\n\t\t\t<h2 class=\"elementor-heading-title elementor-size-default\">Dr Joseph Nguepi<\/h2>\t\t<\/div>\n\t\t\t\t<\/div>\n\t\t\t\t\t\t<\/div>\n\t\t\t\t\t<\/div>\n\t\t<\/div>\n\t\t\t\t<div class=\"elementor-column elementor-col-33 elementor-top-column elementor-element elementor-element-6bd7beaf dsvy-bg-color-over-image\" data-id=\"6bd7beaf\" data-element_type=\"column\" data-settings=\"{&quot;background_background&quot;:&quot;classic&quot;}\">\n\t\t\t<div class=\"elementor-column-wrap elementor-element-populated\">\n\t\t\t\t\t\t\t<div class=\"elementor-widget-wrap\">\n\t\t\t\t\t\t<div class=\"elementor-element elementor-element-5c250cf elementor-widget elementor-widget-image\" data-id=\"5c250cf\" data-element_type=\"widget\" data-widget_type=\"image.default\">\n\t\t\t\t<div class=\"elementor-widget-container\">\n\t\t\t\t\t\t\t\t<div class=\"elementor-image\">\n\t\t\t\t\t\t\t\t\t\t\t\t<img loading=\"lazy\" decoding=\"async\" width=\"751\" height=\"1024\" src=\"https:\/\/iuget.cm\/wp-content\/uploads\/2023\/03\/Sans-titre-2-751x1024.jpg\" class=\"attachment-large size-large wp-image-250\" alt=\"\" \/>\t\t\t\t\t\t\t\t\t\t\t\t\t\t<\/div>\n\t\t\t\t\t\t<\/div>\n\t\t\t\t<\/div>\n\t\t\t\t\t\t<\/div>\n\t\t\t\t\t<\/div>\n\t\t<\/div>\n\t\t\t\t\t\t\t\t<\/div>\n\t\t\t\t\t<\/div>\n\t\t<\/section>\n\t\t\t\t\t\t\t\t\t<\/div>\n\t\t\t<\/div>\n\t\t\t\t\t<\/div>","protected":false},"excerpt":{"rendered":"<p>IUGET Mot du Pr\u00e9sident L&rsquo;option prise par le Cameroun d&rsquo;atteindre le cap de l&rsquo;\u00e9mergence \u00e0 l&rsquo;horizon 2035, trouve dans ce contexte une r\u00e9sonnance porteuse de gros espoirs en termes d&#8217;emploi et d&rsquo;opportunit\u00e9 de carri\u00e8re. Nous sommes persuad\u00e9s que, malgr\u00e9 le taux de ch\u00f4mage qui touche fortement la population jeune, l&rsquo;avenir reste prometteur si elle re\u00e7oit une formation ad\u00e9quate. Pour r\u00e9pondre justement \u00e0 cet imp\u00e9ratif qui servira de passerelle vers un[&hellip;]<\/p>","protected":false},"author":1,"featured_media":250,"parent":0,"menu_order":0,"comment_status":"closed","ping_status":"closed","template":"","meta":{"_acf_changed":false,"footnotes":""},"class_list":["post-755","page","type-page","status-publish","has-post-thumbnail","hentry"],"acf":[],"yoast_head":"<!-- This site is optimized with the Yoast SEO plugin v23.0 - https:\/\/yoast.com\/wordpress\/plugins\/seo\/ -->\n<title>Mot du pr\u00e9sident - IUGET<\/title>\n<meta name=\"description\" content=\"L&#039;option prise par le Cameroun d&#039;atteindre le cap de l&#039;\u00e9mergence \u00e0 l&#039;horizon 2035, trouve dans ce contexte une r\u00e9sonance porteuse de gros espoirs en termes d&#039;emploi et d&#039;opportunit\u00e9 de carri\u00e8re.\" \/>\n<meta name=\"robots\" content=\"index, follow, max-snippet:-1, max-image-preview:large, max-video-preview:-1\" \/>\n<link rel=\"canonical\" href=\"https:\/\/iuget.cm\/en\/mot-du-president\/\" \/>\n<meta property=\"og:locale\" content=\"en_US\" \/>\n<meta property=\"og:type\" content=\"article\" \/>\n<meta property=\"og:title\" content=\"Mot du pr\u00e9sident - IUGET\" \/>\n<meta property=\"og:description\" content=\"L&#039;option prise par le Cameroun d&#039;atteindre le cap de l&#039;\u00e9mergence \u00e0 l&#039;horizon 2035, trouve dans ce contexte une r\u00e9sonance porteuse de gros espoirs en termes d&#039;emploi et d&#039;opportunit\u00e9 de carri\u00e8re.\" \/>\n<meta property=\"og:url\" content=\"https:\/\/iuget.cm\/en\/mot-du-president\/\" \/>\n<meta property=\"og:site_name\" content=\"IUGET\" \/>\n<meta property=\"article:publisher\" content=\"https:\/\/www.facebook.com\/InstitutUniversitairedesGrandesEcolesdesTropiques\" \/>\n<meta property=\"article:modified_time\" content=\"2023-04-03T15:51:29+00:00\" \/>\n<meta property=\"og:image\" content=\"https:\/\/iuget.cm\/wp-content\/uploads\/2023\/03\/Sans-titre-2-e1679909822481.jpg\" \/>\n\t<meta property=\"og:image:width\" content=\"791\" \/>\n\t<meta property=\"og:image:height\" content=\"1007\" \/>\n\t<meta property=\"og:image:type\" content=\"image\/jpeg\" \/>\n<meta name=\"twitter:label1\" content=\"Est. reading time\" \/>\n\t<meta name=\"twitter:data1\" content=\"1 minute\" \/>\n<script type=\"application\/ld+json\" class=\"yoast-schema-graph\">{\"@context\":\"https:\/\/schema.org\",\"@graph\":[{\"@type\":\"WebPage\",\"@id\":\"https:\/\/iuget.cm\/mot-du-president\/\",\"url\":\"https:\/\/iuget.cm\/mot-du-president\/\",\"name\":\"Mot du pr\u00e9sident - IUGET\",\"isPartOf\":{\"@id\":\"https:\/\/iuget.cm\/#website\"},\"primaryImageOfPage\":{\"@id\":\"https:\/\/iuget.cm\/mot-du-president\/#primaryimage\"},\"image\":{\"@id\":\"https:\/\/iuget.cm\/mot-du-president\/#primaryimage\"},\"thumbnailUrl\":\"https:\/\/iuget.cm\/wp-content\/uploads\/2023\/03\/Sans-titre-2-e1679909822481.jpg\",\"datePublished\":\"2023-04-03T14:52:00+00:00\",\"dateModified\":\"2023-04-03T15:51:29+00:00\",\"description\":\"L'option prise par le Cameroun d'atteindre le cap de l'\u00e9mergence \u00e0 l'horizon 2035, trouve dans ce contexte une r\u00e9sonance porteuse de gros espoirs en termes d'emploi et d'opportunit\u00e9 de carri\u00e8re.\",\"inLanguage\":\"en-US\",\"potentialAction\":[{\"@type\":\"ReadAction\",\"target\":[\"https:\/\/iuget.cm\/mot-du-president\/\"]}]},{\"@type\":\"ImageObject\",\"inLanguage\":\"en-US\",\"@id\":\"https:\/\/iuget.cm\/mot-du-president\/#primaryimage\",\"url\":\"https:\/\/iuget.cm\/wp-content\/uploads\/2023\/03\/Sans-titre-2-e1679909822481.jpg\",\"contentUrl\":\"https:\/\/iuget.cm\/wp-content\/uploads\/2023\/03\/Sans-titre-2-e1679909822481.jpg\",\"width\":791,\"height\":1007},{\"@type\":\"WebSite\",\"@id\":\"https:\/\/iuget.cm\/#website\",\"url\":\"https:\/\/iuget.cm\/\",\"name\":\"IUGET\",\"description\":\"Institut Universitaire des Grandes Ecoles des Tropiques\",\"publisher\":{\"@id\":\"https:\/\/iuget.cm\/#organization\"},\"potentialAction\":[{\"@type\":\"SearchAction\",\"target\":{\"@type\":\"EntryPoint\",\"urlTemplate\":\"https:\/\/iuget.cm\/?s={search_term_string}\"},\"query-input\":\"required name=search_term_string\"}],\"inLanguage\":\"en-US\"},{\"@type\":\"Organization\",\"@id\":\"https:\/\/iuget.cm\/#organization\",\"name\":\"Institut Universitaire des Grandes Ecoles des Tropiques\",\"url\":\"https:\/\/iuget.cm\/\",\"logo\":{\"@type\":\"ImageObject\",\"inLanguage\":\"en-US\",\"@id\":\"https:\/\/iuget.cm\/#\/schema\/logo\/image\/\",\"url\":\"https:\/\/iuget.cm\/wp-content\/uploads\/2023\/03\/IUGET-FR-jpeg.png\",\"contentUrl\":\"https:\/\/iuget.cm\/wp-content\/uploads\/2023\/03\/IUGET-FR-jpeg.png\",\"width\":2801,\"height\":2522,\"caption\":\"Institut Universitaire des Grandes Ecoles des Tropiques\"},\"image\":{\"@id\":\"https:\/\/iuget.cm\/#\/schema\/logo\/image\/\"},\"sameAs\":[\"https:\/\/www.facebook.com\/InstitutUniversitairedesGrandesEcolesdesTropiques\",\"https:\/\/www.linkedin.com\/company\/iuget-institut-universitaire-des-grandes-ecoles-des-tropiques\/\",\"https:\/\/www.instagram.com\/iuget_cmr\/\",\"https:\/\/www.youtube.com\/@iugetdla7507\"]}]}<\/script>\n<!-- \/ Yoast SEO plugin. -->","yoast_head_json":{"title":"Mot du pr\u00e9sident - IUGET","description":"L'option prise par le Cameroun d'atteindre le cap de l'\u00e9mergence \u00e0 l'horizon 2035, trouve dans ce contexte une r\u00e9sonance porteuse de gros espoirs en termes d'emploi et d'opportunit\u00e9 de carri\u00e8re.","robots":{"index":"index","follow":"follow","max-snippet":"max-snippet:-1","max-image-preview":"max-image-preview:large","max-video-preview":"max-video-preview:-1"},"canonical":"https:\/\/iuget.cm\/en\/mot-du-president\/","og_locale":"en_US","og_type":"article","og_title":"Mot du pr\u00e9sident - IUGET","og_description":"L'option prise par le Cameroun d'atteindre le cap de l'\u00e9mergence \u00e0 l'horizon 2035, trouve dans ce contexte une r\u00e9sonance porteuse de gros espoirs en termes d'emploi et d'opportunit\u00e9 de carri\u00e8re.","og_url":"https:\/\/iuget.cm\/en\/mot-du-president\/","og_site_name":"IUGET","article_publisher":"https:\/\/www.facebook.com\/InstitutUniversitairedesGrandesEcolesdesTropiques","article_modified_time":"2023-04-03T15:51:29+00:00","og_image":[{"width":791,"height":1007,"url":"https:\/\/iuget.cm\/wp-content\/uploads\/2023\/03\/Sans-titre-2-e1679909822481.jpg","type":"image\/jpeg"}],"twitter_misc":{"Est. reading time":"1 minute"},"schema":{"@context":"https:\/\/schema.org","@graph":[{"@type":"WebPage","@id":"https:\/\/iuget.cm\/mot-du-president\/","url":"https:\/\/iuget.cm\/mot-du-president\/","name":"Mot du pr\u00e9sident - IUGET","isPartOf":{"@id":"https:\/\/iuget.cm\/#website"},"primaryImageOfPage":{"@id":"https:\/\/iuget.cm\/mot-du-president\/#primaryimage"},"image":{"@id":"https:\/\/iuget.cm\/mot-du-president\/#primaryimage"},"thumbnailUrl":"https:\/\/iuget.cm\/wp-content\/uploads\/2023\/03\/Sans-titre-2-e1679909822481.jpg","datePublished":"2023-04-03T14:52:00+00:00","dateModified":"2023-04-03T15:51:29+00:00","description":"L'option prise par le Cameroun d'atteindre le cap de l'\u00e9mergence \u00e0 l'horizon 2035, trouve dans ce contexte une r\u00e9sonance porteuse de gros espoirs en termes d'emploi et d'opportunit\u00e9 de carri\u00e8re.","inLanguage":"en-US","potentialAction":[{"@type":"ReadAction","target":["https:\/\/iuget.cm\/mot-du-president\/"]}]},{"@type":"ImageObject","inLanguage":"en-US","@id":"https:\/\/iuget.cm\/mot-du-president\/#primaryimage","url":"https:\/\/iuget.cm\/wp-content\/uploads\/2023\/03\/Sans-titre-2-e1679909822481.jpg","contentUrl":"https:\/\/iuget.cm\/wp-content\/uploads\/2023\/03\/Sans-titre-2-e1679909822481.jpg","width":791,"height":1007},{"@type":"WebSite","@id":"https:\/\/iuget.cm\/#website","url":"https:\/\/iuget.cm\/","name":"IUGET","description":"Institut Universitaire des Grandes Ecoles des Tropiques","publisher":{"@id":"https:\/\/iuget.cm\/#organization"},"potentialAction":[{"@type":"SearchAction","target":{"@type":"EntryPoint","urlTemplate":"https:\/\/iuget.cm\/?s={search_term_string}"},"query-input":"required name=search_term_string"}],"inLanguage":"en-US"},{"@type":"Organization","@id":"https:\/\/iuget.cm\/#organization","name":"Institut Universitaire des Grandes Ecoles des Tropiques","url":"https:\/\/iuget.cm\/","logo":{"@type":"ImageObject","inLanguage":"en-US","@id":"https:\/\/iuget.cm\/#\/schema\/logo\/image\/","url":"https:\/\/iuget.cm\/wp-content\/uploads\/2023\/03\/IUGET-FR-jpeg.png","contentUrl":"https:\/\/iuget.cm\/wp-content\/uploads\/2023\/03\/IUGET-FR-jpeg.png","width":2801,"height":2522,"caption":"Institut Universitaire des Grandes Ecoles des Tropiques"},"image":{"@id":"https:\/\/iuget.cm\/#\/schema\/logo\/image\/"},"sameAs":["https:\/\/www.facebook.com\/InstitutUniversitairedesGrandesEcolesdesTropiques","https:\/\/www.linkedin.com\/company\/iuget-institut-universitaire-des-grandes-ecoles-des-tropiques\/","https:\/\/www.instagram.com\/iuget_cmr\/","https:\/\/www.youtube.com\/@iugetdla7507"]}]}},"_links":{"self":[{"href":"https:\/\/iuget.cm\/en\/wp-json\/wp\/v2\/pages\/755","targetHints":{"allow":["GET"]}}],"collection":[{"href":"https:\/\/iuget.cm\/en\/wp-json\/wp\/v2\/pages"}],"about":[{"href":"https:\/\/iuget.cm\/en\/wp-json\/wp\/v2\/types\/page"}],"author":[{"embeddable":true,"href":"https:\/\/iuget.cm\/en\/wp-json\/wp\/v2\/users\/1"}],"replies":[{"embeddable":true,"href":"https:\/\/iuget.cm\/en\/wp-json\/wp\/v2\/comments?post=755"}],"version-history":[{"count":8,"href":"https:\/\/iuget.cm\/en\/wp-json\/wp\/v2\/pages\/755\/revisions"}],"predecessor-version":[{"id":764,"href":"https:\/\/iuget.cm\/en\/wp-json\/wp\/v2\/pages\/755\/revisions\/764"}],"wp:featuredmedia":[{"embeddable":true,"href":"https:\/\/iuget.cm\/en\/wp-json\/wp\/v2\/media\/250"}],"wp:attachment":[{"href":"https:\/\/iuget.cm\/en\/wp-json\/wp\/v2\/media?parent=755"}],"curies":[{"name":"wp","href":"https:\/\/api.w.org\/{rel}","templated":true}]}}