{"id":743,"date":"2023-04-03T15:21:31","date_gmt":"2023-04-03T14:21:31","guid":{"rendered":"https:\/\/iuget.cm\/?page_id=743"},"modified":"2023-04-03T15:33:24","modified_gmt":"2023-04-03T14:33:24","slug":"sante-et-soins-infirmiers","status":"publish","type":"page","link":"https:\/\/iuget.cm\/en\/vie-au-campus\/sante-et-soins-infirmiers\/","title":{"rendered":"Health and nursing care"},"content":{"rendered":"<div data-elementor-type=\"wp-page\" data-elementor-id=\"743\" class=\"elementor elementor-743\">\n\t\t\t\t\t\t<div class=\"elementor-inner\">\n\t\t\t\t<div class=\"elementor-section-wrap\">\n\t\t\t\t\t\t\t\t\t<section class=\"elementor-section elementor-top-section elementor-element elementor-element-22772ad2 dsvy-col-stretched-none dsvy-bg-color-over-image elementor-section-boxed elementor-section-height-default elementor-section-height-default\" data-id=\"22772ad2\" data-element_type=\"section\">\n\t\t\t\t\t\t<div class=\"elementor-container elementor-column-gap-default\">\n\t\t\t\t\t\t\t<div class=\"elementor-row\">\n\t\t\t\t\t<div class=\"elementor-column elementor-col-100 elementor-top-column elementor-element elementor-element-189a07a9 dsvy-bg-color-over-image\" data-id=\"189a07a9\" data-element_type=\"column\">\n\t\t\t<div class=\"elementor-column-wrap elementor-element-populated\">\n\t\t\t\t\t\t\t<div class=\"elementor-widget-wrap\">\n\t\t\t\t\t\t<div class=\"elementor-element elementor-element-44c324f2 dsvy-align-left elementor-widget elementor-widget-dsvy_heading\" data-id=\"44c324f2\" data-element_type=\"widget\" data-widget_type=\"dsvy_heading.default\">\n\t\t\t\t<div class=\"elementor-widget-container\">\n\t\t\t\t<div class=\"dsvy-heading-subheading left-align dsvy-reverse-heading-yes\"><h4 class=\"dsvy-element-subtitle\">\r\n\t\t\t\r\n\t\t\t\tIUGET \r\n\t\t\t\r\n\t\t\t<\/h4>\r\n\t\t<h2 class=\"dsvy-element-title\">\r\n\t\t\t\r\n\t\t\t\tHealth and nursing care\r\n\t\t\t\r\n\t\t\t<\/h2>\r\n\t\t<\/div>\t\t<\/div>\n\t\t\t\t<\/div>\n\t\t\t\t\t\t<\/div>\n\t\t\t\t\t<\/div>\n\t\t<\/div>\n\t\t\t\t\t\t\t\t<\/div>\n\t\t\t\t\t<\/div>\n\t\t<\/section>\n\t\t\t\t<section class=\"elementor-section elementor-top-section elementor-element elementor-element-2ec49d3a dsvy-col-stretched-none dsvy-bg-color-over-image elementor-section-boxed elementor-section-height-default elementor-section-height-default\" data-id=\"2ec49d3a\" data-element_type=\"section\">\n\t\t\t\t\t\t<div class=\"elementor-container elementor-column-gap-default\">\n\t\t\t\t\t\t\t<div class=\"elementor-row\">\n\t\t\t\t\t<div class=\"elementor-column elementor-col-66 elementor-top-column elementor-element elementor-element-44ad7edf dsvy-bg-color-over-image\" data-id=\"44ad7edf\" data-element_type=\"column\">\n\t\t\t<div class=\"elementor-column-wrap elementor-element-populated\">\n\t\t\t\t\t\t\t<div class=\"elementor-widget-wrap\">\n\t\t\t\t\t\t<div class=\"elementor-element elementor-element-6d14257e elementor-widget elementor-widget-text-editor\" data-id=\"6d14257e\" data-element_type=\"widget\" data-widget_type=\"text-editor.default\">\n\t\t\t\t<div class=\"elementor-widget-container\">\n\t\t\t\t\t\t\t\t<div class=\"elementor-text-editor elementor-clearfix\">\n\t\t\t\t<p>A multidisciplinary and professional team of nurses and doctors is in charge of the medical and sanitary follow-up of the students. They are specifically in charge of :<\/p><ul><li>Compiling the health database of each student;<\/li><li>Ensuring the sanitary protection of students and staff;<\/li><li>Ensure food hygiene on campus;<\/li><li>Administering care to sick students;<\/li><li>Implementing government health policy<\/li><li>NB: The Health and Nursing Service is in partnership with the THEA Medical Foundation.\u00a0<\/li><\/ul><p><u><strong>INCLUSIVE EDUCATION, SELF-DISCIPLINE AND STUDENT SUPPORT<\/strong><\/u><\/p><p>Education through distance learning is a reality and is optimized at IUGET. Students with disabilities also benefit from the support and guidance of the teaching staff.<\/p><p><strong>\u00ab CHOOSEN WELL IS ALREADY BEING SUCCESSFUL\u00a0\u00bb, <\/strong>This motto of IUGET is underpinned by the spirit of self-discipline instilled in students who are first and foremost masters of their own destiny, with the teaching staff playing only the role of guides.<\/p><p>Educational forums and platforms (INSPIRED BY, WEDNESDAY SPECIAL BILINGUALISM) are instances of learning the art of oratory, convivial moments of exchange and confrontation of ideas with the major objective of intellectual edification and social education of students. On these occasions, icons of the society with a brilliant career, <strong><em>sucess story<\/em><\/strong>, are invited to boost the vocations that slumber in the students.<\/p>\t\t\t\t\t<\/div>\n\t\t\t\t\t\t<\/div>\n\t\t\t\t<\/div>\n\t\t\t\t\t\t<\/div>\n\t\t\t\t\t<\/div>\n\t\t<\/div>\n\t\t\t\t<div class=\"elementor-column elementor-col-33 elementor-top-column elementor-element elementor-element-39153fdd dsvy-bg-color-over-image\" data-id=\"39153fdd\" data-element_type=\"column\" data-settings=\"{&quot;background_background&quot;:&quot;classic&quot;}\">\n\t\t\t<div class=\"elementor-column-wrap elementor-element-populated\">\n\t\t\t\t\t\t\t<div class=\"elementor-widget-wrap\">\n\t\t\t\t\t\t<div class=\"elementor-element elementor-element-736e7ba elementor-widget elementor-widget-image\" data-id=\"736e7ba\" data-element_type=\"widget\" data-widget_type=\"image.default\">\n\t\t\t\t<div class=\"elementor-widget-container\">\n\t\t\t\t\t\t\t\t<div class=\"elementor-image\">\n\t\t\t\t\t\t\t\t\t\t\t\t<img loading=\"lazy\" decoding=\"async\" width=\"724\" height=\"1024\" src=\"https:\/\/iuget.cm\/wp-content\/uploads\/2023\/04\/soins-infirmiers-724x1024.jpg\" class=\"attachment-large size-large wp-image-745\" alt=\"\" srcset=\"https:\/\/iuget.cm\/wp-content\/uploads\/2023\/04\/soins-infirmiers-724x1024.jpg 724w, https:\/\/iuget.cm\/wp-content\/uploads\/2023\/04\/soins-infirmiers-212x300.jpg 212w, https:\/\/iuget.cm\/wp-content\/uploads\/2023\/04\/soins-infirmiers-768x1086.jpg 768w, https:\/\/iuget.cm\/wp-content\/uploads\/2023\/04\/soins-infirmiers-1086x1536.jpg 1086w, https:\/\/iuget.cm\/wp-content\/uploads\/2023\/04\/soins-infirmiers-770x1089.jpg 770w, https:\/\/iuget.cm\/wp-content\/uploads\/2023\/04\/soins-infirmiers.jpg 1414w\" sizes=\"auto, (max-width: 724px) 100vw, 724px\" \/>\t\t\t\t\t\t\t\t\t\t\t\t\t\t<\/div>\n\t\t\t\t\t\t<\/div>\n\t\t\t\t<\/div>\n\t\t\t\t\t\t<\/div>\n\t\t\t\t\t<\/div>\n\t\t<\/div>\n\t\t\t\t\t\t\t\t<\/div>\n\t\t\t\t\t<\/div>\n\t\t<\/section>\n\t\t\t\t<section class=\"elementor-section elementor-top-section elementor-element elementor-element-619c9403 elementor-section-full_width elementor-section-content-middle dsvy-col-stretched-none dsvy-bg-color-over-image elementor-section-height-default elementor-section-height-default\" data-id=\"619c9403\" data-element_type=\"section\">\n\t\t\t\t\t\t<div class=\"elementor-container elementor-column-gap-default\">\n\t\t\t\t\t\t\t<div class=\"elementor-row\">\n\t\t\t\t\t<div class=\"elementor-column elementor-col-100 elementor-top-column elementor-element elementor-element-4740dbaf dsvy-bg-color-over-image\" data-id=\"4740dbaf\" data-element_type=\"column\">\n\t\t\t<div class=\"elementor-column-wrap elementor-element-populated\">\n\t\t\t\t\t\t\t<div class=\"elementor-widget-wrap\">\n\t\t\t\t\t\t<div class=\"elementor-element elementor-element-61cbfb9a dsvy-btn-color-globalcolor dsvy-btn-style-flat dsvy-btn-shape-square elementor-widget elementor-widget-button\" data-id=\"61cbfb9a\" data-element_type=\"widget\" data-widget_type=\"button.default\">\n\t\t\t\t<div class=\"elementor-widget-container\">\n\t\t\t\t\t<div class=\"elementor-button-wrapper\">\n\t\t\t<a href=\"#\" class=\"elementor-button-link elementor-button elementor-size-xl\" role=\"button\">\n\t\t\t\t\t\t<span class=\"elementor-button-content-wrapper\">\n\t\t\t\t\t\t\t<span class=\"elementor-button-icon elementor-align-icon-left\">\n\t\t\t\t<i aria-hidden=\"true\" class=\"fas fa-user-graduate\"><\/i>\t\t\t<\/span>\n\t\t\t\t\t\t<span class=\"elementor-button-text\">I wish to pre-register<\/span>\n\t\t<\/span>\n\t\t\t\t\t<\/a>\n\t\t<\/div>\n\t\t\t\t<\/div>\n\t\t\t\t<\/div>\n\t\t\t\t\t\t<\/div>\n\t\t\t\t\t<\/div>\n\t\t<\/div>\n\t\t\t\t\t\t\t\t<\/div>\n\t\t\t\t\t<\/div>\n\t\t<\/section>\n\t\t\t\t\t\t\t\t\t<\/div>\n\t\t\t<\/div>\n\t\t\t\t\t<\/div>","protected":false},"excerpt":{"rendered":"<p>IUGET Sant\u00e9 et soins infirmiers Une \u00e9quipe multidisciplinaire et professionnelle constitu\u00e9e d\u2019infirmiers et de m\u00e9decins veille au suivi m\u00e9dical et sanitaire des \u00e9tudiants. Elle est charg\u00e9e sp\u00e9cifiquement de&nbsp;: Confectionner la base de donn\u00e9es sanitaire de chaque \u00e9tudiant&nbsp;; Assurer la protection sanitaire des \u00e9tudiants et du personnel&nbsp;; Veiller sur l\u2019hygi\u00e8ne alimentaire sur les campus&nbsp;; Administrer des soins aux \u00e9tudiants malades&nbsp;; Impl\u00e9menter la politique gouvernementale en mati\u00e8re de sant\u00e9 NB&nbsp;: le Service[&hellip;]<\/p>","protected":false},"author":1,"featured_media":234,"parent":710,"menu_order":0,"comment_status":"closed","ping_status":"closed","template":"","meta":{"_acf_changed":false,"footnotes":""},"class_list":["post-743","page","type-page","status-publish","has-post-thumbnail","hentry"],"acf":[],"yoast_head":"<!-- This site is optimized with the Yoast SEO plugin v23.0 - https:\/\/yoast.com\/wordpress\/plugins\/seo\/ -->\n<title>Sant\u00e9 et soins infirmiers - IUGET<\/title>\n<meta name=\"description\" content=\"Une \u00e9quipe multidisciplinaire et professionnelle constitu\u00e9e d\u2019infirmiers et de m\u00e9decins veille au suivi m\u00e9dical et sanitaire des \u00e9tudiants\" \/>\n<meta name=\"robots\" content=\"index, follow, max-snippet:-1, max-image-preview:large, max-video-preview:-1\" \/>\n<link rel=\"canonical\" href=\"https:\/\/iuget.cm\/en\/vie-au-campus\/sante-et-soins-infirmiers\/\" \/>\n<meta property=\"og:locale\" content=\"en_US\" \/>\n<meta property=\"og:type\" content=\"article\" \/>\n<meta property=\"og:title\" content=\"Sant\u00e9 et soins infirmiers - IUGET\" \/>\n<meta property=\"og:description\" content=\"Une \u00e9quipe multidisciplinaire et professionnelle constitu\u00e9e d\u2019infirmiers et de m\u00e9decins veille au suivi m\u00e9dical et sanitaire des \u00e9tudiants\" \/>\n<meta property=\"og:url\" content=\"https:\/\/iuget.cm\/en\/vie-au-campus\/sante-et-soins-infirmiers\/\" \/>\n<meta property=\"og:site_name\" content=\"IUGET\" \/>\n<meta property=\"article:publisher\" content=\"https:\/\/www.facebook.com\/InstitutUniversitairedesGrandesEcolesdesTropiques\" \/>\n<meta property=\"article:modified_time\" content=\"2023-04-03T14:33:24+00:00\" \/>\n<meta property=\"og:image\" content=\"https:\/\/iuget.cm\/wp-content\/uploads\/2023\/03\/IUGET-FR-jpeg.png\" \/>\n\t<meta property=\"og:image:width\" content=\"2801\" \/>\n\t<meta property=\"og:image:height\" content=\"2522\" \/>\n\t<meta property=\"og:image:type\" content=\"image\/png\" \/>\n<meta name=\"twitter:label1\" content=\"Est. reading time\" \/>\n\t<meta name=\"twitter:data1\" content=\"2 minutes\" \/>\n<script type=\"application\/ld+json\" class=\"yoast-schema-graph\">{\"@context\":\"https:\/\/schema.org\",\"@graph\":[{\"@type\":\"WebPage\",\"@id\":\"https:\/\/iuget.cm\/vie-au-campus\/sante-et-soins-infirmiers\/\",\"url\":\"https:\/\/iuget.cm\/vie-au-campus\/sante-et-soins-infirmiers\/\",\"name\":\"Sant\u00e9 et soins infirmiers - IUGET\",\"isPartOf\":{\"@id\":\"https:\/\/iuget.cm\/#website\"},\"primaryImageOfPage\":{\"@id\":\"https:\/\/iuget.cm\/vie-au-campus\/sante-et-soins-infirmiers\/#primaryimage\"},\"image\":{\"@id\":\"https:\/\/iuget.cm\/vie-au-campus\/sante-et-soins-infirmiers\/#primaryimage\"},\"thumbnailUrl\":\"https:\/\/iuget.cm\/wp-content\/uploads\/2023\/03\/IUGET-FR-jpeg.png\",\"datePublished\":\"2023-04-03T14:21:31+00:00\",\"dateModified\":\"2023-04-03T14:33:24+00:00\",\"description\":\"Une \u00e9quipe multidisciplinaire et professionnelle constitu\u00e9e d\u2019infirmiers et de m\u00e9decins veille au suivi m\u00e9dical et sanitaire des \u00e9tudiants\",\"breadcrumb\":{\"@id\":\"https:\/\/iuget.cm\/vie-au-campus\/sante-et-soins-infirmiers\/#breadcrumb\"},\"inLanguage\":\"en-US\",\"potentialAction\":[{\"@type\":\"ReadAction\",\"target\":[\"https:\/\/iuget.cm\/vie-au-campus\/sante-et-soins-infirmiers\/\"]}]},{\"@type\":\"ImageObject\",\"inLanguage\":\"en-US\",\"@id\":\"https:\/\/iuget.cm\/vie-au-campus\/sante-et-soins-infirmiers\/#primaryimage\",\"url\":\"https:\/\/iuget.cm\/wp-content\/uploads\/2023\/03\/IUGET-FR-jpeg.png\",\"contentUrl\":\"https:\/\/iuget.cm\/wp-content\/uploads\/2023\/03\/IUGET-FR-jpeg.png\",\"width\":2801,\"height\":2522},{\"@type\":\"BreadcrumbList\",\"@id\":\"https:\/\/iuget.cm\/vie-au-campus\/sante-et-soins-infirmiers\/#breadcrumb\",\"itemListElement\":[{\"@type\":\"ListItem\",\"position\":1,\"name\":\"Vie au campus\",\"item\":\"https:\/\/iuget.cm\/vie-au-campus\/\"},{\"@type\":\"ListItem\",\"position\":2,\"name\":\"Sant\u00e9 et soins infirmiers\"}]},{\"@type\":\"WebSite\",\"@id\":\"https:\/\/iuget.cm\/#website\",\"url\":\"https:\/\/iuget.cm\/\",\"name\":\"IUGET\",\"description\":\"Institut Universitaire des Grandes Ecoles des Tropiques\",\"publisher\":{\"@id\":\"https:\/\/iuget.cm\/#organization\"},\"potentialAction\":[{\"@type\":\"SearchAction\",\"target\":{\"@type\":\"EntryPoint\",\"urlTemplate\":\"https:\/\/iuget.cm\/?s={search_term_string}\"},\"query-input\":\"required name=search_term_string\"}],\"inLanguage\":\"en-US\"},{\"@type\":\"Organization\",\"@id\":\"https:\/\/iuget.cm\/#organization\",\"name\":\"Institut Universitaire des Grandes Ecoles des Tropiques\",\"url\":\"https:\/\/iuget.cm\/\",\"logo\":{\"@type\":\"ImageObject\",\"inLanguage\":\"en-US\",\"@id\":\"https:\/\/iuget.cm\/#\/schema\/logo\/image\/\",\"url\":\"https:\/\/iuget.cm\/wp-content\/uploads\/2023\/03\/IUGET-FR-jpeg.png\",\"contentUrl\":\"https:\/\/iuget.cm\/wp-content\/uploads\/2023\/03\/IUGET-FR-jpeg.png\",\"width\":2801,\"height\":2522,\"caption\":\"Institut Universitaire des Grandes Ecoles des Tropiques\"},\"image\":{\"@id\":\"https:\/\/iuget.cm\/#\/schema\/logo\/image\/\"},\"sameAs\":[\"https:\/\/www.facebook.com\/InstitutUniversitairedesGrandesEcolesdesTropiques\",\"https:\/\/www.linkedin.com\/company\/iuget-institut-universitaire-des-grandes-ecoles-des-tropiques\/\",\"https:\/\/www.instagram.com\/iuget_cmr\/\",\"https:\/\/www.youtube.com\/@iugetdla7507\"]}]}<\/script>\n<!-- \/ Yoast SEO plugin. -->","yoast_head_json":{"title":"Sant\u00e9 et soins infirmiers - IUGET","description":"Une \u00e9quipe multidisciplinaire et professionnelle constitu\u00e9e d\u2019infirmiers et de m\u00e9decins veille au suivi m\u00e9dical et sanitaire des \u00e9tudiants","robots":{"index":"index","follow":"follow","max-snippet":"max-snippet:-1","max-image-preview":"max-image-preview:large","max-video-preview":"max-video-preview:-1"},"canonical":"https:\/\/iuget.cm\/en\/vie-au-campus\/sante-et-soins-infirmiers\/","og_locale":"en_US","og_type":"article","og_title":"Sant\u00e9 et soins infirmiers - IUGET","og_description":"Une \u00e9quipe multidisciplinaire et professionnelle constitu\u00e9e d\u2019infirmiers et de m\u00e9decins veille au suivi m\u00e9dical et sanitaire des \u00e9tudiants","og_url":"https:\/\/iuget.cm\/en\/vie-au-campus\/sante-et-soins-infirmiers\/","og_site_name":"IUGET","article_publisher":"https:\/\/www.facebook.com\/InstitutUniversitairedesGrandesEcolesdesTropiques","article_modified_time":"2023-04-03T14:33:24+00:00","og_image":[{"width":2801,"height":2522,"url":"https:\/\/iuget.cm\/wp-content\/uploads\/2023\/03\/IUGET-FR-jpeg.png","type":"image\/png"}],"twitter_misc":{"Est. reading time":"2 minutes"},"schema":{"@context":"https:\/\/schema.org","@graph":[{"@type":"WebPage","@id":"https:\/\/iuget.cm\/vie-au-campus\/sante-et-soins-infirmiers\/","url":"https:\/\/iuget.cm\/vie-au-campus\/sante-et-soins-infirmiers\/","name":"Sant\u00e9 et soins infirmiers - IUGET","isPartOf":{"@id":"https:\/\/iuget.cm\/#website"},"primaryImageOfPage":{"@id":"https:\/\/iuget.cm\/vie-au-campus\/sante-et-soins-infirmiers\/#primaryimage"},"image":{"@id":"https:\/\/iuget.cm\/vie-au-campus\/sante-et-soins-infirmiers\/#primaryimage"},"thumbnailUrl":"https:\/\/iuget.cm\/wp-content\/uploads\/2023\/03\/IUGET-FR-jpeg.png","datePublished":"2023-04-03T14:21:31+00:00","dateModified":"2023-04-03T14:33:24+00:00","description":"Une \u00e9quipe multidisciplinaire et professionnelle constitu\u00e9e d\u2019infirmiers et de m\u00e9decins veille au suivi m\u00e9dical et sanitaire des \u00e9tudiants","breadcrumb":{"@id":"https:\/\/iuget.cm\/vie-au-campus\/sante-et-soins-infirmiers\/#breadcrumb"},"inLanguage":"en-US","potentialAction":[{"@type":"ReadAction","target":["https:\/\/iuget.cm\/vie-au-campus\/sante-et-soins-infirmiers\/"]}]},{"@type":"ImageObject","inLanguage":"en-US","@id":"https:\/\/iuget.cm\/vie-au-campus\/sante-et-soins-infirmiers\/#primaryimage","url":"https:\/\/iuget.cm\/wp-content\/uploads\/2023\/03\/IUGET-FR-jpeg.png","contentUrl":"https:\/\/iuget.cm\/wp-content\/uploads\/2023\/03\/IUGET-FR-jpeg.png","width":2801,"height":2522},{"@type":"BreadcrumbList","@id":"https:\/\/iuget.cm\/vie-au-campus\/sante-et-soins-infirmiers\/#breadcrumb","itemListElement":[{"@type":"ListItem","position":1,"name":"Vie au campus","item":"https:\/\/iuget.cm\/vie-au-campus\/"},{"@type":"ListItem","position":2,"name":"Sant\u00e9 et soins infirmiers"}]},{"@type":"WebSite","@id":"https:\/\/iuget.cm\/#website","url":"https:\/\/iuget.cm\/","name":"IUGET","description":"Institut Universitaire des Grandes Ecoles des Tropiques","publisher":{"@id":"https:\/\/iuget.cm\/#organization"},"potentialAction":[{"@type":"SearchAction","target":{"@type":"EntryPoint","urlTemplate":"https:\/\/iuget.cm\/?s={search_term_string}"},"query-input":"required name=search_term_string"}],"inLanguage":"en-US"},{"@type":"Organization","@id":"https:\/\/iuget.cm\/#organization","name":"Institut Universitaire des Grandes Ecoles des Tropiques","url":"https:\/\/iuget.cm\/","logo":{"@type":"ImageObject","inLanguage":"en-US","@id":"https:\/\/iuget.cm\/#\/schema\/logo\/image\/","url":"https:\/\/iuget.cm\/wp-content\/uploads\/2023\/03\/IUGET-FR-jpeg.png","contentUrl":"https:\/\/iuget.cm\/wp-content\/uploads\/2023\/03\/IUGET-FR-jpeg.png","width":2801,"height":2522,"caption":"Institut Universitaire des Grandes Ecoles des Tropiques"},"image":{"@id":"https:\/\/iuget.cm\/#\/schema\/logo\/image\/"},"sameAs":["https:\/\/www.facebook.com\/InstitutUniversitairedesGrandesEcolesdesTropiques","https:\/\/www.linkedin.com\/company\/iuget-institut-universitaire-des-grandes-ecoles-des-tropiques\/","https:\/\/www.instagram.com\/iuget_cmr\/","https:\/\/www.youtube.com\/@iugetdla7507"]}]}},"_links":{"self":[{"href":"https:\/\/iuget.cm\/en\/wp-json\/wp\/v2\/pages\/743","targetHints":{"allow":["GET"]}}],"collection":[{"href":"https:\/\/iuget.cm\/en\/wp-json\/wp\/v2\/pages"}],"about":[{"href":"https:\/\/iuget.cm\/en\/wp-json\/wp\/v2\/types\/page"}],"author":[{"embeddable":true,"href":"https:\/\/iuget.cm\/en\/wp-json\/wp\/v2\/users\/1"}],"replies":[{"embeddable":true,"href":"https:\/\/iuget.cm\/en\/wp-json\/wp\/v2\/comments?post=743"}],"version-history":[{"count":7,"href":"https:\/\/iuget.cm\/en\/wp-json\/wp\/v2\/pages\/743\/revisions"}],"predecessor-version":[{"id":752,"href":"https:\/\/iuget.cm\/en\/wp-json\/wp\/v2\/pages\/743\/revisions\/752"}],"up":[{"embeddable":true,"href":"https:\/\/iuget.cm\/en\/wp-json\/wp\/v2\/pages\/710"}],"wp:featuredmedia":[{"embeddable":true,"href":"https:\/\/iuget.cm\/en\/wp-json\/wp\/v2\/media\/234"}],"wp:attachment":[{"href":"https:\/\/iuget.cm\/en\/wp-json\/wp\/v2\/media?parent=743"}],"curies":[{"name":"wp","href":"https:\/\/api.w.org\/{rel}","templated":true}]}}