{"id":728,"date":"2023-04-03T11:56:51","date_gmt":"2023-04-03T10:56:51","guid":{"rendered":"https:\/\/iuget.cm\/?page_id=728"},"modified":"2023-04-03T14:16:35","modified_gmt":"2023-04-03T13:16:35","slug":"club-et-association","status":"publish","type":"page","link":"https:\/\/iuget.cm\/en\/vie-au-campus\/club-et-association\/","title":{"rendered":"Clubs &amp; associations"},"content":{"rendered":"<div data-elementor-type=\"wp-page\" data-elementor-id=\"728\" class=\"elementor elementor-728\">\n\t\t\t\t\t\t<div class=\"elementor-inner\">\n\t\t\t\t<div class=\"elementor-section-wrap\">\n\t\t\t\t\t\t\t\t\t<section class=\"elementor-section elementor-top-section elementor-element elementor-element-1cf7a76c dsvy-col-stretched-none dsvy-bg-color-over-image elementor-section-boxed elementor-section-height-default elementor-section-height-default\" data-id=\"1cf7a76c\" data-element_type=\"section\">\n\t\t\t\t\t\t<div class=\"elementor-container elementor-column-gap-default\">\n\t\t\t\t\t\t\t<div class=\"elementor-row\">\n\t\t\t\t\t<div class=\"elementor-column elementor-col-100 elementor-top-column elementor-element elementor-element-558995d7 dsvy-bg-color-over-image\" data-id=\"558995d7\" data-element_type=\"column\">\n\t\t\t<div class=\"elementor-column-wrap elementor-element-populated\">\n\t\t\t\t\t\t\t<div class=\"elementor-widget-wrap\">\n\t\t\t\t\t\t<div class=\"elementor-element elementor-element-2824d7ee dsvy-align-left elementor-widget elementor-widget-dsvy_heading\" data-id=\"2824d7ee\" data-element_type=\"widget\" data-widget_type=\"dsvy_heading.default\">\n\t\t\t\t<div class=\"elementor-widget-container\">\n\t\t\t\t<div class=\"dsvy-heading-subheading left-align dsvy-reverse-heading-yes\"><h4 class=\"dsvy-element-subtitle\">\r\n\t\t\t\r\n\t\t\t\tIUGET \r\n\t\t\t\r\n\t\t\t<\/h4>\r\n\t\t<h2 class=\"dsvy-element-title\">\r\n\t\t\t\r\n\t\t\t\t Clubs &amp; associations\r\n\t\t\t\r\n\t\t\t<\/h2>\r\n\t\t<\/div>\t\t<\/div>\n\t\t\t\t<\/div>\n\t\t\t\t\t\t<\/div>\n\t\t\t\t\t<\/div>\n\t\t<\/div>\n\t\t\t\t\t\t\t\t<\/div>\n\t\t\t\t\t<\/div>\n\t\t<\/section>\n\t\t\t\t<section class=\"elementor-section elementor-top-section elementor-element elementor-element-442f55fc dsvy-col-stretched-none dsvy-bg-color-over-image elementor-section-boxed elementor-section-height-default elementor-section-height-default\" data-id=\"442f55fc\" data-element_type=\"section\">\n\t\t\t\t\t\t<div class=\"elementor-container elementor-column-gap-default\">\n\t\t\t\t\t\t\t<div class=\"elementor-row\">\n\t\t\t\t\t<div class=\"elementor-column elementor-col-66 elementor-top-column elementor-element elementor-element-b00df06 dsvy-bg-color-over-image\" data-id=\"b00df06\" data-element_type=\"column\">\n\t\t\t<div class=\"elementor-column-wrap elementor-element-populated\">\n\t\t\t\t\t\t\t<div class=\"elementor-widget-wrap\">\n\t\t\t\t\t\t<div class=\"elementor-element elementor-element-4fdcbd87 elementor-widget elementor-widget-text-editor\" data-id=\"4fdcbd87\" data-element_type=\"widget\" data-widget_type=\"text-editor.default\">\n\t\t\t\t<div class=\"elementor-widget-container\">\n\t\t\t\t\t\t\t\t<div class=\"elementor-text-editor elementor-clearfix\">\n\t\t\t\t<p>Student life at IUGET is also declined in a variety of activities during which students show their talents, their ingenuity, their creativity but especially their ability to implement the leadership that lies dormant in them. The Students' Association, a grassroots organization made up solely of students from the two campuses (Bonab\u00e9ri and Bonamoussadi), represents the students before the administrative authorities and works to promote the various clubs through socio-cultural and sports activities.<\/p><p>The president of student\u2019s association is elected each academic year. The post and extracurricular activities are placed under the supervision of the socio-cultural affairs who implements the ideology and cultural policy of IUGET.<\/p><p>The President's Cup is a tradition sports activity as well as the election of   Miss, master of IUGET.<\/p><p>The end of year gala party, IUGET Gospel Choir Show and the biannual conference of the United Nations Club.<\/p>\t\t\t\t\t<\/div>\n\t\t\t\t\t\t<\/div>\n\t\t\t\t<\/div>\n\t\t\t\t\t\t<\/div>\n\t\t\t\t\t<\/div>\n\t\t<\/div>\n\t\t\t\t<div class=\"elementor-column elementor-col-33 elementor-top-column elementor-element elementor-element-2bbc6fc dsvy-bg-color-over-image\" data-id=\"2bbc6fc\" data-element_type=\"column\" data-settings=\"{&quot;background_background&quot;:&quot;classic&quot;}\">\n\t\t\t<div class=\"elementor-column-wrap\">\n\t\t\t\t\t\t\t<div class=\"elementor-widget-wrap\">\n\t\t\t\t\t\t\t\t<\/div>\n\t\t\t\t\t<\/div>\n\t\t<\/div>\n\t\t\t\t\t\t\t\t<\/div>\n\t\t\t\t\t<\/div>\n\t\t<\/section>\n\t\t\t\t<section class=\"elementor-section elementor-top-section elementor-element elementor-element-2a80a4ff elementor-section-full_width elementor-section-content-middle dsvy-col-stretched-none dsvy-bg-color-over-image elementor-section-height-default elementor-section-height-default\" data-id=\"2a80a4ff\" data-element_type=\"section\">\n\t\t\t\t\t\t<div class=\"elementor-container elementor-column-gap-default\">\n\t\t\t\t\t\t\t<div class=\"elementor-row\">\n\t\t\t\t\t<div class=\"elementor-column elementor-col-100 elementor-top-column elementor-element elementor-element-5cd7b9ba dsvy-bg-color-over-image\" data-id=\"5cd7b9ba\" data-element_type=\"column\">\n\t\t\t<div class=\"elementor-column-wrap elementor-element-populated\">\n\t\t\t\t\t\t\t<div class=\"elementor-widget-wrap\">\n\t\t\t\t\t\t<div class=\"elementor-element elementor-element-3f293cc elementor-widget elementor-widget-heading\" data-id=\"3f293cc\" data-element_type=\"widget\" data-widget_type=\"heading.default\">\n\t\t\t\t<div class=\"elementor-widget-container\">\n\t\t\t<h2 class=\"elementor-heading-title elementor-size-default\">List of clubs<\/h2>\t\t<\/div>\n\t\t\t\t<\/div>\n\t\t\t\t<div class=\"elementor-element elementor-element-ef32680 elementor-widget elementor-widget-text-editor\" data-id=\"ef32680\" data-element_type=\"widget\" data-widget_type=\"text-editor.default\">\n\t\t\t\t<div class=\"elementor-widget-container\">\n\t\t\t\t\t\t\t\t<div class=\"elementor-text-editor elementor-clearfix\">\n\t\t\t\t<table border=\"1\" cellspacing=\"0\" cellpadding=\"0\">\n<tbody>\n<tr>\n<td>\n<h5 align=\"center\">N\u00b0<\/h5>\n<\/td>\n<td>\n<h5><strong>NAME OF CLUBS<\/strong><\/h5>\n<\/td>\n<\/tr>\n<tr>\n<td>\n<h5 align=\"center\">1<\/h5>\n<\/td>\n<td>\n<h5>UNITED NATIONS CLUB<\/h5>\n<\/td>\n<\/tr>\n<tr>\n<td>\n<h5 align=\"center\">2<\/h5>\n<\/td>\n<td>\n<h5>FASHION, MISS\/MASTER CLUB<\/h5>\n<\/td>\n<\/tr>\n<tr>\n<td>\n<h5 align=\"center\">3<\/h5>\n<\/td>\n<td>\n<h5>MUSIC CLUB<\/h5>\n<\/td>\n<\/tr>\n<tr>\n<td>\n<h5 align=\"center\">4<\/h5>\n<\/td>\n<td>\n<h5>DRAMA CLUB<\/h5>\n<\/td>\n<\/tr>\n<tr>\n<td>\n<h5 align=\"center\">6<\/h5>\n<\/td>\n<td>\n<h5>DANCE CLUB<\/h5>\n<\/td>\n<\/tr>\n<tr>\n<td>\n<h5 align=\"center\">7<\/h5>\n<\/td>\n<td>\n<h5>SPORTS CLUB<\/h5>\n<\/td>\n<\/tr>\n<tr>\n<td>\n<h5 align=\"center\">8<\/h5>\n<\/td>\n<td>\n<h5>CHEERLEADER CLUB<\/h5>\n<\/td>\n<\/tr>\n<tr>\n<td>\n<h5 align=\"center\">9<\/h5>\n<\/td>\n<td>\n<h5>COMPUTER &amp; TECHNOLOGY CLUB<\/h5>\n<\/td>\n<\/tr>\n<tr>\n<td>\n<h5 align=\"center\">10<\/h5>\n<\/td>\n<td>\n<h5>JOURNAL CLUB<\/h5>\n<\/td>\n<\/tr>\n<tr>\n<td>\n<h5 align=\"center\">11<\/h5>\n<\/td>\n<td>\n<h5>GOSPEL CHOIR CLUB<\/h5>\n<\/td>\n<\/tr>\n<tr>\n<td>\n<h5 align=\"center\">12<\/h5>\n<\/td>\n<td>\n<h5>GRH CLUB<\/h5>\n<\/td>\n<\/tr>\n<tr>\n<td>\n<h5 align=\"center\">13<\/h5>\n<\/td>\n<td>\n<h5>CLUB GLT<\/h5>\n<\/td>\n<\/tr>\n<tr>\n<td>\n<h5 align=\"center\">14<\/h5>\n<\/td>\n<td>\n<h5>HEALTH CLUB<\/h5>\n<\/td>\n<\/tr>\n<tr>\n<td>\n<h5 align=\"center\">15<\/h5>\n<\/td>\n<td>\n<h5 >BILINGUALISM AND CIVIC EDUCATION CLUB<\/h5>\n<\/td>\n<\/tr>\n<\/tbody>\n<\/table>\t\t\t\t\t<\/div>\n\t\t\t\t\t\t<\/div>\n\t\t\t\t<\/div>\n\t\t\t\t<div class=\"elementor-element elementor-element-3eb4c9d2 dsvy-btn-color-globalcolor dsvy-btn-style-flat dsvy-btn-shape-square elementor-widget elementor-widget-button\" data-id=\"3eb4c9d2\" data-element_type=\"widget\" data-widget_type=\"button.default\">\n\t\t\t\t<div class=\"elementor-widget-container\">\n\t\t\t\t\t<div class=\"elementor-button-wrapper\">\n\t\t\t<a href=\"#\" class=\"elementor-button-link elementor-button elementor-size-xl\" role=\"button\">\n\t\t\t\t\t\t<span class=\"elementor-button-content-wrapper\">\n\t\t\t\t\t\t\t<span class=\"elementor-button-icon elementor-align-icon-left\">\n\t\t\t\t<i aria-hidden=\"true\" class=\"fas fa-user-graduate\"><\/i>\t\t\t<\/span>\n\t\t\t\t\t\t<span class=\"elementor-button-text\">I wish to pre-register<\/span>\n\t\t<\/span>\n\t\t\t\t\t<\/a>\n\t\t<\/div>\n\t\t\t\t<\/div>\n\t\t\t\t<\/div>\n\t\t\t\t\t\t<\/div>\n\t\t\t\t\t<\/div>\n\t\t<\/div>\n\t\t\t\t\t\t\t\t<\/div>\n\t\t\t\t\t<\/div>\n\t\t<\/section>\n\t\t\t\t\t\t\t\t\t<\/div>\n\t\t\t<\/div>\n\t\t\t\t\t<\/div>","protected":false},"excerpt":{"rendered":"<p>IUGET Club et association La vie \u00e9tudiante \u00e0 l\u2019IUGET se d\u00e9cline aussi en une kyrielle d\u2019activit\u00e9s au cours desquelles les \u00e9tudiants font montre de leurs talents, de leurs ing\u00e9niosit\u00e9s, de leurs cr\u00e9ativit\u00e9s mais surtout de leurs aptitudes \u00e0 impl\u00e9menter le leadership qui sommeillent en eux. L\u2019Association des Etudiants, organisation \u00e0 la base constitu\u00e9e uniquement des \u00e9tudiants des deux Campus (Bonab\u00e9ri et Bonamoussadi), repr\u00e9sente les \u00e9tudiants aupr\u00e8s des instances administratives et[&hellip;]<\/p>","protected":false},"author":1,"featured_media":234,"parent":710,"menu_order":0,"comment_status":"closed","ping_status":"closed","template":"","meta":{"_acf_changed":false,"footnotes":""},"class_list":["post-728","page","type-page","status-publish","has-post-thumbnail","hentry"],"acf":[],"yoast_head":"<!-- This site is optimized with the Yoast SEO plugin v23.0 - https:\/\/yoast.com\/wordpress\/plugins\/seo\/ -->\n<title>Club et association - IUGET<\/title>\n<meta name=\"robots\" content=\"index, follow, max-snippet:-1, max-image-preview:large, max-video-preview:-1\" \/>\n<link rel=\"canonical\" href=\"https:\/\/iuget.cm\/en\/vie-au-campus\/club-et-association\/\" \/>\n<meta property=\"og:locale\" content=\"en_US\" \/>\n<meta property=\"og:type\" content=\"article\" \/>\n<meta property=\"og:title\" content=\"Club et association - IUGET\" \/>\n<meta property=\"og:description\" content=\"IUGET Club et association La vie \u00e9tudiante \u00e0 l\u2019IUGET se d\u00e9cline aussi en une kyrielle d\u2019activit\u00e9s au cours desquelles les \u00e9tudiants font montre de leurs talents, de leurs ing\u00e9niosit\u00e9s, de leurs cr\u00e9ativit\u00e9s mais surtout de leurs aptitudes \u00e0 impl\u00e9menter le leadership qui sommeillent en eux. L\u2019Association des Etudiants, organisation \u00e0 la base constitu\u00e9e uniquement des \u00e9tudiants des deux Campus (Bonab\u00e9ri et Bonamoussadi), repr\u00e9sente les \u00e9tudiants aupr\u00e8s des instances administratives et[&hellip;]\" \/>\n<meta property=\"og:url\" content=\"https:\/\/iuget.cm\/en\/vie-au-campus\/club-et-association\/\" \/>\n<meta property=\"og:site_name\" content=\"IUGET\" \/>\n<meta property=\"article:publisher\" content=\"https:\/\/www.facebook.com\/InstitutUniversitairedesGrandesEcolesdesTropiques\" \/>\n<meta property=\"article:modified_time\" content=\"2023-04-03T13:16:35+00:00\" \/>\n<meta property=\"og:image\" content=\"https:\/\/iuget.cm\/wp-content\/uploads\/2023\/03\/IUGET-FR-jpeg.png\" \/>\n\t<meta property=\"og:image:width\" content=\"2801\" \/>\n\t<meta property=\"og:image:height\" content=\"2522\" \/>\n\t<meta property=\"og:image:type\" content=\"image\/png\" \/>\n<meta name=\"twitter:label1\" content=\"Est. reading time\" \/>\n\t<meta name=\"twitter:data1\" content=\"2 minutes\" \/>\n<script type=\"application\/ld+json\" class=\"yoast-schema-graph\">{\"@context\":\"https:\/\/schema.org\",\"@graph\":[{\"@type\":\"WebPage\",\"@id\":\"https:\/\/iuget.cm\/vie-au-campus\/club-et-association\/\",\"url\":\"https:\/\/iuget.cm\/vie-au-campus\/club-et-association\/\",\"name\":\"Club et association - IUGET\",\"isPartOf\":{\"@id\":\"https:\/\/iuget.cm\/#website\"},\"primaryImageOfPage\":{\"@id\":\"https:\/\/iuget.cm\/vie-au-campus\/club-et-association\/#primaryimage\"},\"image\":{\"@id\":\"https:\/\/iuget.cm\/vie-au-campus\/club-et-association\/#primaryimage\"},\"thumbnailUrl\":\"https:\/\/iuget.cm\/wp-content\/uploads\/2023\/03\/IUGET-FR-jpeg.png\",\"datePublished\":\"2023-04-03T10:56:51+00:00\",\"dateModified\":\"2023-04-03T13:16:35+00:00\",\"breadcrumb\":{\"@id\":\"https:\/\/iuget.cm\/vie-au-campus\/club-et-association\/#breadcrumb\"},\"inLanguage\":\"en-US\",\"potentialAction\":[{\"@type\":\"ReadAction\",\"target\":[\"https:\/\/iuget.cm\/vie-au-campus\/club-et-association\/\"]}]},{\"@type\":\"ImageObject\",\"inLanguage\":\"en-US\",\"@id\":\"https:\/\/iuget.cm\/vie-au-campus\/club-et-association\/#primaryimage\",\"url\":\"https:\/\/iuget.cm\/wp-content\/uploads\/2023\/03\/IUGET-FR-jpeg.png\",\"contentUrl\":\"https:\/\/iuget.cm\/wp-content\/uploads\/2023\/03\/IUGET-FR-jpeg.png\",\"width\":2801,\"height\":2522},{\"@type\":\"BreadcrumbList\",\"@id\":\"https:\/\/iuget.cm\/vie-au-campus\/club-et-association\/#breadcrumb\",\"itemListElement\":[{\"@type\":\"ListItem\",\"position\":1,\"name\":\"Vie au campus\",\"item\":\"https:\/\/iuget.cm\/vie-au-campus\/\"},{\"@type\":\"ListItem\",\"position\":2,\"name\":\"Club et association\"}]},{\"@type\":\"WebSite\",\"@id\":\"https:\/\/iuget.cm\/#website\",\"url\":\"https:\/\/iuget.cm\/\",\"name\":\"IUGET\",\"description\":\"Institut Universitaire des Grandes Ecoles des Tropiques\",\"publisher\":{\"@id\":\"https:\/\/iuget.cm\/#organization\"},\"potentialAction\":[{\"@type\":\"SearchAction\",\"target\":{\"@type\":\"EntryPoint\",\"urlTemplate\":\"https:\/\/iuget.cm\/?s={search_term_string}\"},\"query-input\":\"required name=search_term_string\"}],\"inLanguage\":\"en-US\"},{\"@type\":\"Organization\",\"@id\":\"https:\/\/iuget.cm\/#organization\",\"name\":\"Institut Universitaire des Grandes Ecoles des Tropiques\",\"url\":\"https:\/\/iuget.cm\/\",\"logo\":{\"@type\":\"ImageObject\",\"inLanguage\":\"en-US\",\"@id\":\"https:\/\/iuget.cm\/#\/schema\/logo\/image\/\",\"url\":\"https:\/\/iuget.cm\/wp-content\/uploads\/2023\/03\/IUGET-FR-jpeg.png\",\"contentUrl\":\"https:\/\/iuget.cm\/wp-content\/uploads\/2023\/03\/IUGET-FR-jpeg.png\",\"width\":2801,\"height\":2522,\"caption\":\"Institut Universitaire des Grandes Ecoles des Tropiques\"},\"image\":{\"@id\":\"https:\/\/iuget.cm\/#\/schema\/logo\/image\/\"},\"sameAs\":[\"https:\/\/www.facebook.com\/InstitutUniversitairedesGrandesEcolesdesTropiques\",\"https:\/\/www.linkedin.com\/company\/iuget-institut-universitaire-des-grandes-ecoles-des-tropiques\/\",\"https:\/\/www.instagram.com\/iuget_cmr\/\",\"https:\/\/www.youtube.com\/@iugetdla7507\"]}]}<\/script>\n<!-- \/ Yoast SEO plugin. -->","yoast_head_json":{"title":"Club et association - IUGET","robots":{"index":"index","follow":"follow","max-snippet":"max-snippet:-1","max-image-preview":"max-image-preview:large","max-video-preview":"max-video-preview:-1"},"canonical":"https:\/\/iuget.cm\/en\/vie-au-campus\/club-et-association\/","og_locale":"en_US","og_type":"article","og_title":"Club et association - IUGET","og_description":"IUGET Club et association La vie \u00e9tudiante \u00e0 l\u2019IUGET se d\u00e9cline aussi en une kyrielle d\u2019activit\u00e9s au cours desquelles les \u00e9tudiants font montre de leurs talents, de leurs ing\u00e9niosit\u00e9s, de leurs cr\u00e9ativit\u00e9s mais surtout de leurs aptitudes \u00e0 impl\u00e9menter le leadership qui sommeillent en eux. L\u2019Association des Etudiants, organisation \u00e0 la base constitu\u00e9e uniquement des \u00e9tudiants des deux Campus (Bonab\u00e9ri et Bonamoussadi), repr\u00e9sente les \u00e9tudiants aupr\u00e8s des instances administratives et[&hellip;]","og_url":"https:\/\/iuget.cm\/en\/vie-au-campus\/club-et-association\/","og_site_name":"IUGET","article_publisher":"https:\/\/www.facebook.com\/InstitutUniversitairedesGrandesEcolesdesTropiques","article_modified_time":"2023-04-03T13:16:35+00:00","og_image":[{"width":2801,"height":2522,"url":"https:\/\/iuget.cm\/wp-content\/uploads\/2023\/03\/IUGET-FR-jpeg.png","type":"image\/png"}],"twitter_misc":{"Est. reading time":"2 minutes"},"schema":{"@context":"https:\/\/schema.org","@graph":[{"@type":"WebPage","@id":"https:\/\/iuget.cm\/vie-au-campus\/club-et-association\/","url":"https:\/\/iuget.cm\/vie-au-campus\/club-et-association\/","name":"Club et association - IUGET","isPartOf":{"@id":"https:\/\/iuget.cm\/#website"},"primaryImageOfPage":{"@id":"https:\/\/iuget.cm\/vie-au-campus\/club-et-association\/#primaryimage"},"image":{"@id":"https:\/\/iuget.cm\/vie-au-campus\/club-et-association\/#primaryimage"},"thumbnailUrl":"https:\/\/iuget.cm\/wp-content\/uploads\/2023\/03\/IUGET-FR-jpeg.png","datePublished":"2023-04-03T10:56:51+00:00","dateModified":"2023-04-03T13:16:35+00:00","breadcrumb":{"@id":"https:\/\/iuget.cm\/vie-au-campus\/club-et-association\/#breadcrumb"},"inLanguage":"en-US","potentialAction":[{"@type":"ReadAction","target":["https:\/\/iuget.cm\/vie-au-campus\/club-et-association\/"]}]},{"@type":"ImageObject","inLanguage":"en-US","@id":"https:\/\/iuget.cm\/vie-au-campus\/club-et-association\/#primaryimage","url":"https:\/\/iuget.cm\/wp-content\/uploads\/2023\/03\/IUGET-FR-jpeg.png","contentUrl":"https:\/\/iuget.cm\/wp-content\/uploads\/2023\/03\/IUGET-FR-jpeg.png","width":2801,"height":2522},{"@type":"BreadcrumbList","@id":"https:\/\/iuget.cm\/vie-au-campus\/club-et-association\/#breadcrumb","itemListElement":[{"@type":"ListItem","position":1,"name":"Vie au campus","item":"https:\/\/iuget.cm\/vie-au-campus\/"},{"@type":"ListItem","position":2,"name":"Club et association"}]},{"@type":"WebSite","@id":"https:\/\/iuget.cm\/#website","url":"https:\/\/iuget.cm\/","name":"IUGET","description":"Institut Universitaire des Grandes Ecoles des Tropiques","publisher":{"@id":"https:\/\/iuget.cm\/#organization"},"potentialAction":[{"@type":"SearchAction","target":{"@type":"EntryPoint","urlTemplate":"https:\/\/iuget.cm\/?s={search_term_string}"},"query-input":"required name=search_term_string"}],"inLanguage":"en-US"},{"@type":"Organization","@id":"https:\/\/iuget.cm\/#organization","name":"Institut Universitaire des Grandes Ecoles des Tropiques","url":"https:\/\/iuget.cm\/","logo":{"@type":"ImageObject","inLanguage":"en-US","@id":"https:\/\/iuget.cm\/#\/schema\/logo\/image\/","url":"https:\/\/iuget.cm\/wp-content\/uploads\/2023\/03\/IUGET-FR-jpeg.png","contentUrl":"https:\/\/iuget.cm\/wp-content\/uploads\/2023\/03\/IUGET-FR-jpeg.png","width":2801,"height":2522,"caption":"Institut Universitaire des Grandes Ecoles des Tropiques"},"image":{"@id":"https:\/\/iuget.cm\/#\/schema\/logo\/image\/"},"sameAs":["https:\/\/www.facebook.com\/InstitutUniversitairedesGrandesEcolesdesTropiques","https:\/\/www.linkedin.com\/company\/iuget-institut-universitaire-des-grandes-ecoles-des-tropiques\/","https:\/\/www.instagram.com\/iuget_cmr\/","https:\/\/www.youtube.com\/@iugetdla7507"]}]}},"_links":{"self":[{"href":"https:\/\/iuget.cm\/en\/wp-json\/wp\/v2\/pages\/728","targetHints":{"allow":["GET"]}}],"collection":[{"href":"https:\/\/iuget.cm\/en\/wp-json\/wp\/v2\/pages"}],"about":[{"href":"https:\/\/iuget.cm\/en\/wp-json\/wp\/v2\/types\/page"}],"author":[{"embeddable":true,"href":"https:\/\/iuget.cm\/en\/wp-json\/wp\/v2\/users\/1"}],"replies":[{"embeddable":true,"href":"https:\/\/iuget.cm\/en\/wp-json\/wp\/v2\/comments?post=728"}],"version-history":[{"count":13,"href":"https:\/\/iuget.cm\/en\/wp-json\/wp\/v2\/pages\/728\/revisions"}],"predecessor-version":[{"id":742,"href":"https:\/\/iuget.cm\/en\/wp-json\/wp\/v2\/pages\/728\/revisions\/742"}],"up":[{"embeddable":true,"href":"https:\/\/iuget.cm\/en\/wp-json\/wp\/v2\/pages\/710"}],"wp:featuredmedia":[{"embeddable":true,"href":"https:\/\/iuget.cm\/en\/wp-json\/wp\/v2\/media\/234"}],"wp:attachment":[{"href":"https:\/\/iuget.cm\/en\/wp-json\/wp\/v2\/media?parent=728"}],"curies":[{"name":"wp","href":"https:\/\/api.w.org\/{rel}","templated":true}]}}