{"id":2724,"date":"2025-05-28T09:43:26","date_gmt":"2025-05-28T08:43:26","guid":{"rendered":"https:\/\/iuget.cm\/?page_id=2724"},"modified":"2025-05-28T12:48:15","modified_gmt":"2025-05-28T11:48:15","slug":"revue-des-enseignents-de-liuget","status":"publish","type":"page","link":"https:\/\/iuget.cm\/en\/revue-des-enseignents-de-liuget\/","title":{"rendered":"ARTICLES SCIENTIFIQUES"},"content":{"rendered":"<div data-elementor-type=\"wp-page\" data-elementor-id=\"2724\" class=\"elementor elementor-2724\">\n\t\t\t\t\t\t<div class=\"elementor-inner\">\n\t\t\t\t<div class=\"elementor-section-wrap\">\n\t\t\t\t\t\t\t\t\t<section class=\"elementor-section elementor-top-section elementor-element elementor-element-90237b3 dsvy-col-stretched-none dsvy-bg-color-over-image elementor-section-boxed elementor-section-height-default elementor-section-height-default\" data-id=\"90237b3\" data-element_type=\"section\">\n\t\t\t\t\t\t<div class=\"elementor-container elementor-column-gap-default\">\n\t\t\t\t\t\t\t<div class=\"elementor-row\">\n\t\t\t\t\t<div class=\"elementor-column elementor-col-100 elementor-top-column elementor-element elementor-element-543018a dsvy-bg-color-over-image\" data-id=\"543018a\" data-element_type=\"column\">\n\t\t\t<div class=\"elementor-column-wrap elementor-element-populated\">\n\t\t\t\t\t\t\t<div class=\"elementor-widget-wrap\">\n\t\t\t\t\t\t<div class=\"elementor-element elementor-element-74916dc dsvy-align-left elementor-widget elementor-widget-dsvy_multiple_icon_heading\" data-id=\"74916dc\" data-element_type=\"widget\" data-widget_type=\"dsvy_multiple_icon_heading.default\">\n\t\t\t\t<div class=\"elementor-widget-container\">\n\t\t\t<div class=\"designervily-element designervily-element-miconheading dsvy-element-miconheading-style-4 designervily-element-viewtype-row-column\" data-show=\"3\" data-columns=\"3\" data-loop=\"false\" data-autoplay=\"false\" data-center=\"false\" data-nav=\"false\" data-dots=\"false\" data-autoplayspeed=\"1000\" data-autoplayhoverpause=\"false\" data-margin=\"\"><div class=\"designervily-element-inner\">\r\n\t\t<div class=\"dsvy-ele-header-area\">\r\n\t\t\t\t<div class=\"dsvy-heading-subheading left-align dsvy-reverse-heading-yes\"><h4 class=\"dsvy-element-subtitle\">\r\n\t\t\t\r\n\t\t\t\tIUGET\r\n\t\t\t\r\n\t\t\t<\/h4>\r\n\t\t<h2 class=\"dsvy-element-title\">\r\n\t\t\t\r\n\t\t\t\tArticles Scientifiques t\u00e9l\u00e9chargeables\r\n\t\t\t\r\n\t\t\t<\/h2>\r\n\t\t<\/div>\t\t<\/div>\r\n\r\n\t\t<div class=\"dsvy-element-posts-wrapper row multi-columns-row\">\r\n\r\n\t\t<article class=\"dsvy-ele dsvy-ele-miconheading dsvy-miconheading-style-4 col-md-4\"><div class=\"dsvy-ihbox dsvy-ihbox-style-4\"><div class=\"dsvy-ihbox-contents\">\r\n\t<div class=\"dsvy-ihbox-headingicon\">\r\n\t\t<div class=\"dsvy-ihbox-icon\"><div class=\"dsvy-ihbox-icon-wrapper dsvy-ihbox-icon-type-image\"><img decoding=\"async\" src=\"https:\/\/iuget.cm\/wp-content\/uploads\/2024\/03\/adobe-pdf3324.jpg\" alt=\"[PDF]\" \/><\/div><\/div>\t\t<div class=\"dsvy-ihbox-contents\">\r\n\t\t\t<h2 class=\"dsvy-element-title\">\r\n\t\t\t\t\r\n\t\t\t\t\t[PDF]\r\n\t\t\t\t\r\n\t\t\t\t<\/h2>\r\n\t\t\t\t\t\t<h4 class=\"dsvy-element-subtitle\">\r\n\t\t\t\t\r\n\t\t\t\t\tAlternatives Manag\u00e9riales et Economiques\r\n\t\t\t\t\r\n\t\t\t\t<\/h4>\r\n\t\t\t\t\t\t<div class=\"dsvy-heading-desc\">Nom: Dr EMADAK\nDescription : article scientifique \nAnn\u00e9e : 2023<\/div>\t\t\t<div class=\"dsvy-ihbox-btn\"><a href=\"https:\/\/iuget.cm\/wp-content\/uploads\/2025\/05\/Article-Scientifique-Dr-EMADAK.pdf\" rel=\"nofollow\"><span>Download<\/span><\/a><\/div>\t\t<\/div><!-- .dsvy-ihbox-contents -->\r\n\t<\/div>\r\n<\/div>\r\n<\/div><\/article><article class=\"dsvy-ele dsvy-ele-miconheading dsvy-miconheading-style-4 col-md-4\"><div class=\"dsvy-ihbox dsvy-ihbox-style-4\"><div class=\"dsvy-ihbox-contents\">\r\n\t<div class=\"dsvy-ihbox-headingicon\">\r\n\t\t<div class=\"dsvy-ihbox-icon\"><div class=\"dsvy-ihbox-icon-wrapper dsvy-ihbox-icon-type-image\"><img decoding=\"async\" src=\"https:\/\/iuget.cm\/wp-content\/uploads\/2024\/03\/adobe-pdf3324.jpg\" alt=\"[PDF]\" \/><\/div><\/div>\t\t<div class=\"dsvy-ihbox-contents\">\r\n\t\t\t<h2 class=\"dsvy-element-title\">\r\n\t\t\t\t\r\n\t\t\t\t\t[PDF]\r\n\t\t\t\t\r\n\t\t\t\t<\/h2>\r\n\t\t\t\t\t\t<h4 class=\"dsvy-element-subtitle\">\r\n\t\t\t\t\r\n\t\t\t\t\tPeau et pouvoir chez les Bamil\u00e9k\u00e9-AH\r\n\t\t\t\t\r\n\t\t\t\t<\/h4>\r\n\t\t\t\t\t\t<div class=\"dsvy-heading-desc\">nom: Dr. KEMFANG\nDescription : article scientifique \nAnn\u00e9e : 2022<\/div>\t\t\t<div class=\"dsvy-ihbox-btn\"><a href=\"https:\/\/iuget.cm\/wp-content\/uploads\/2025\/05\/Peau-et-pouvoir-chez-les-Bamileke-AH-vol7-august-2022-3.pdf\" rel=\"nofollow\"><span>Download<\/span><\/a><\/div>\t\t<\/div><!-- .dsvy-ihbox-contents -->\r\n\t<\/div>\r\n<\/div>\r\n<\/div><\/article>\r\n\t\t<\/div>\r\n\r\n\t\t<\/div><!-- .designervily-element-inner -->   <\/div><!-- .designervily-element -->  \t\t<\/div>\n\t\t\t\t<\/div>\n\t\t\t\t\t\t<\/div>\n\t\t\t\t\t<\/div>\n\t\t<\/div>\n\t\t\t\t\t\t\t\t<\/div>\n\t\t\t\t\t<\/div>\n\t\t<\/section>\n\t\t\t\t\t\t\t\t\t<\/div>\n\t\t\t<\/div>\n\t\t\t\t\t<\/div>","protected":false},"excerpt":{"rendered":"<p>IUGET Articles Scientifiques t\u00e9l\u00e9chargeables [PDF] Alternatives Manag\u00e9riales et Economiques Nom: Dr EMADAK Description : article scientifique Ann\u00e9e : 2023 T\u00e9l\u00e9charger [PDF] Peau et pouvoir chez les Bamil\u00e9k\u00e9-AH nom: Dr. KEMFANG Description : article scientifique Ann\u00e9e : 2022 T\u00e9l\u00e9charger<\/p>","protected":false},"author":1,"featured_media":0,"parent":0,"menu_order":0,"comment_status":"closed","ping_status":"closed","template":"elementor_header_footer","meta":{"_acf_changed":false,"footnotes":""},"class_list":["post-2724","page","type-page","status-publish","hentry"],"acf":[],"yoast_head":"<!-- This site is optimized with the Yoast SEO plugin v23.0 - https:\/\/yoast.com\/wordpress\/plugins\/seo\/ -->\n<title>ARTICLES SCIENTIFIQUES - IUGET<\/title>\n<meta name=\"robots\" content=\"index, follow, max-snippet:-1, max-image-preview:large, max-video-preview:-1\" \/>\n<link rel=\"canonical\" href=\"https:\/\/iuget.cm\/en\/revue-des-enseignents-de-liuget\/\" \/>\n<meta property=\"og:locale\" content=\"en_US\" \/>\n<meta property=\"og:type\" content=\"article\" \/>\n<meta property=\"og:title\" content=\"ARTICLES SCIENTIFIQUES - IUGET\" \/>\n<meta property=\"og:description\" content=\"IUGET Articles Scientifiques t\u00e9l\u00e9chargeables [PDF] Alternatives Manag\u00e9riales et Economiques Nom: Dr EMADAK Description : article scientifique Ann\u00e9e : 2023 T\u00e9l\u00e9charger [PDF] Peau et pouvoir chez les Bamil\u00e9k\u00e9-AH nom: Dr. KEMFANG Description : article scientifique Ann\u00e9e : 2022 T\u00e9l\u00e9charger\" \/>\n<meta property=\"og:url\" content=\"https:\/\/iuget.cm\/en\/revue-des-enseignents-de-liuget\/\" \/>\n<meta property=\"og:site_name\" content=\"IUGET\" \/>\n<meta property=\"article:publisher\" content=\"https:\/\/www.facebook.com\/InstitutUniversitairedesGrandesEcolesdesTropiques\" \/>\n<meta property=\"article:modified_time\" content=\"2025-05-28T11:48:15+00:00\" \/>\n<meta property=\"og:image\" content=\"https:\/\/iuget.cm\/wp-content\/uploads\/2024\/03\/adobe-pdf3324.jpg\" \/>\n<meta name=\"twitter:label1\" content=\"Est. reading time\" \/>\n\t<meta name=\"twitter:data1\" content=\"1 minute\" \/>\n<script type=\"application\/ld+json\" class=\"yoast-schema-graph\">{\"@context\":\"https:\/\/schema.org\",\"@graph\":[{\"@type\":\"WebPage\",\"@id\":\"https:\/\/iuget.cm\/revue-des-enseignents-de-liuget\/\",\"url\":\"https:\/\/iuget.cm\/revue-des-enseignents-de-liuget\/\",\"name\":\"ARTICLES SCIENTIFIQUES - IUGET\",\"isPartOf\":{\"@id\":\"https:\/\/iuget.cm\/#website\"},\"primaryImageOfPage\":{\"@id\":\"https:\/\/iuget.cm\/revue-des-enseignents-de-liuget\/#primaryimage\"},\"image\":{\"@id\":\"https:\/\/iuget.cm\/revue-des-enseignents-de-liuget\/#primaryimage\"},\"thumbnailUrl\":\"https:\/\/iuget.cm\/wp-content\/uploads\/2024\/03\/adobe-pdf3324.jpg\",\"datePublished\":\"2025-05-28T08:43:26+00:00\",\"dateModified\":\"2025-05-28T11:48:15+00:00\",\"inLanguage\":\"en-US\",\"potentialAction\":[{\"@type\":\"ReadAction\",\"target\":[\"https:\/\/iuget.cm\/revue-des-enseignents-de-liuget\/\"]}]},{\"@type\":\"ImageObject\",\"inLanguage\":\"en-US\",\"@id\":\"https:\/\/iuget.cm\/revue-des-enseignents-de-liuget\/#primaryimage\",\"url\":\"https:\/\/iuget.cm\/wp-content\/uploads\/2024\/03\/adobe-pdf3324.jpg\",\"contentUrl\":\"https:\/\/iuget.cm\/wp-content\/uploads\/2024\/03\/adobe-pdf3324.jpg\"},{\"@type\":\"WebSite\",\"@id\":\"https:\/\/iuget.cm\/#website\",\"url\":\"https:\/\/iuget.cm\/\",\"name\":\"IUGET\",\"description\":\"Institut Universitaire des Grandes Ecoles des Tropiques\",\"publisher\":{\"@id\":\"https:\/\/iuget.cm\/#organization\"},\"potentialAction\":[{\"@type\":\"SearchAction\",\"target\":{\"@type\":\"EntryPoint\",\"urlTemplate\":\"https:\/\/iuget.cm\/?s={search_term_string}\"},\"query-input\":\"required name=search_term_string\"}],\"inLanguage\":\"en-US\"},{\"@type\":\"Organization\",\"@id\":\"https:\/\/iuget.cm\/#organization\",\"name\":\"Institut Universitaire des Grandes Ecoles des Tropiques\",\"url\":\"https:\/\/iuget.cm\/\",\"logo\":{\"@type\":\"ImageObject\",\"inLanguage\":\"en-US\",\"@id\":\"https:\/\/iuget.cm\/#\/schema\/logo\/image\/\",\"url\":\"https:\/\/iuget.cm\/wp-content\/uploads\/2023\/03\/IUGET-FR-jpeg.png\",\"contentUrl\":\"https:\/\/iuget.cm\/wp-content\/uploads\/2023\/03\/IUGET-FR-jpeg.png\",\"width\":2801,\"height\":2522,\"caption\":\"Institut Universitaire des Grandes Ecoles des Tropiques\"},\"image\":{\"@id\":\"https:\/\/iuget.cm\/#\/schema\/logo\/image\/\"},\"sameAs\":[\"https:\/\/www.facebook.com\/InstitutUniversitairedesGrandesEcolesdesTropiques\",\"https:\/\/www.linkedin.com\/company\/iuget-institut-universitaire-des-grandes-ecoles-des-tropiques\/\",\"https:\/\/www.instagram.com\/iuget_cmr\/\",\"https:\/\/www.youtube.com\/@iugetdla7507\"]}]}<\/script>\n<!-- \/ Yoast SEO plugin. -->","yoast_head_json":{"title":"ARTICLES SCIENTIFIQUES - IUGET","robots":{"index":"index","follow":"follow","max-snippet":"max-snippet:-1","max-image-preview":"max-image-preview:large","max-video-preview":"max-video-preview:-1"},"canonical":"https:\/\/iuget.cm\/en\/revue-des-enseignents-de-liuget\/","og_locale":"en_US","og_type":"article","og_title":"ARTICLES SCIENTIFIQUES - IUGET","og_description":"IUGET Articles Scientifiques t\u00e9l\u00e9chargeables [PDF] Alternatives Manag\u00e9riales et Economiques Nom: Dr EMADAK Description : article scientifique Ann\u00e9e : 2023 T\u00e9l\u00e9charger [PDF] Peau et pouvoir chez les Bamil\u00e9k\u00e9-AH nom: Dr. KEMFANG Description : article scientifique Ann\u00e9e : 2022 T\u00e9l\u00e9charger","og_url":"https:\/\/iuget.cm\/en\/revue-des-enseignents-de-liuget\/","og_site_name":"IUGET","article_publisher":"https:\/\/www.facebook.com\/InstitutUniversitairedesGrandesEcolesdesTropiques","article_modified_time":"2025-05-28T11:48:15+00:00","og_image":[{"url":"https:\/\/iuget.cm\/wp-content\/uploads\/2024\/03\/adobe-pdf3324.jpg"}],"twitter_misc":{"Est. reading time":"1 minute"},"schema":{"@context":"https:\/\/schema.org","@graph":[{"@type":"WebPage","@id":"https:\/\/iuget.cm\/revue-des-enseignents-de-liuget\/","url":"https:\/\/iuget.cm\/revue-des-enseignents-de-liuget\/","name":"ARTICLES SCIENTIFIQUES - IUGET","isPartOf":{"@id":"https:\/\/iuget.cm\/#website"},"primaryImageOfPage":{"@id":"https:\/\/iuget.cm\/revue-des-enseignents-de-liuget\/#primaryimage"},"image":{"@id":"https:\/\/iuget.cm\/revue-des-enseignents-de-liuget\/#primaryimage"},"thumbnailUrl":"https:\/\/iuget.cm\/wp-content\/uploads\/2024\/03\/adobe-pdf3324.jpg","datePublished":"2025-05-28T08:43:26+00:00","dateModified":"2025-05-28T11:48:15+00:00","inLanguage":"en-US","potentialAction":[{"@type":"ReadAction","target":["https:\/\/iuget.cm\/revue-des-enseignents-de-liuget\/"]}]},{"@type":"ImageObject","inLanguage":"en-US","@id":"https:\/\/iuget.cm\/revue-des-enseignents-de-liuget\/#primaryimage","url":"https:\/\/iuget.cm\/wp-content\/uploads\/2024\/03\/adobe-pdf3324.jpg","contentUrl":"https:\/\/iuget.cm\/wp-content\/uploads\/2024\/03\/adobe-pdf3324.jpg"},{"@type":"WebSite","@id":"https:\/\/iuget.cm\/#website","url":"https:\/\/iuget.cm\/","name":"IUGET","description":"Institut Universitaire des Grandes Ecoles des Tropiques","publisher":{"@id":"https:\/\/iuget.cm\/#organization"},"potentialAction":[{"@type":"SearchAction","target":{"@type":"EntryPoint","urlTemplate":"https:\/\/iuget.cm\/?s={search_term_string}"},"query-input":"required name=search_term_string"}],"inLanguage":"en-US"},{"@type":"Organization","@id":"https:\/\/iuget.cm\/#organization","name":"Institut Universitaire des Grandes Ecoles des Tropiques","url":"https:\/\/iuget.cm\/","logo":{"@type":"ImageObject","inLanguage":"en-US","@id":"https:\/\/iuget.cm\/#\/schema\/logo\/image\/","url":"https:\/\/iuget.cm\/wp-content\/uploads\/2023\/03\/IUGET-FR-jpeg.png","contentUrl":"https:\/\/iuget.cm\/wp-content\/uploads\/2023\/03\/IUGET-FR-jpeg.png","width":2801,"height":2522,"caption":"Institut Universitaire des Grandes Ecoles des Tropiques"},"image":{"@id":"https:\/\/iuget.cm\/#\/schema\/logo\/image\/"},"sameAs":["https:\/\/www.facebook.com\/InstitutUniversitairedesGrandesEcolesdesTropiques","https:\/\/www.linkedin.com\/company\/iuget-institut-universitaire-des-grandes-ecoles-des-tropiques\/","https:\/\/www.instagram.com\/iuget_cmr\/","https:\/\/www.youtube.com\/@iugetdla7507"]}]}},"_links":{"self":[{"href":"https:\/\/iuget.cm\/en\/wp-json\/wp\/v2\/pages\/2724","targetHints":{"allow":["GET"]}}],"collection":[{"href":"https:\/\/iuget.cm\/en\/wp-json\/wp\/v2\/pages"}],"about":[{"href":"https:\/\/iuget.cm\/en\/wp-json\/wp\/v2\/types\/page"}],"author":[{"embeddable":true,"href":"https:\/\/iuget.cm\/en\/wp-json\/wp\/v2\/users\/1"}],"replies":[{"embeddable":true,"href":"https:\/\/iuget.cm\/en\/wp-json\/wp\/v2\/comments?post=2724"}],"version-history":[{"count":27,"href":"https:\/\/iuget.cm\/en\/wp-json\/wp\/v2\/pages\/2724\/revisions"}],"predecessor-version":[{"id":2764,"href":"https:\/\/iuget.cm\/en\/wp-json\/wp\/v2\/pages\/2724\/revisions\/2764"}],"wp:attachment":[{"href":"https:\/\/iuget.cm\/en\/wp-json\/wp\/v2\/media?parent=2724"}],"curies":[{"name":"wp","href":"https:\/\/api.w.org\/{rel}","templated":true}]}}