{"id":2383,"date":"2024-07-30T13:20:49","date_gmt":"2024-07-30T12:20:49","guid":{"rendered":"https:\/\/iuget.cm\/?page_id=2383"},"modified":"2024-08-29T15:19:20","modified_gmt":"2024-08-29T14:19:20","slug":"journal","status":"publish","type":"page","link":"https:\/\/iuget.cm\/en\/mediatheque\/journal\/","title":{"rendered":"Journal de l&rsquo;IUGET"},"content":{"rendered":"<div data-elementor-type=\"wp-page\" data-elementor-id=\"2383\" class=\"elementor elementor-2383\">\n\t\t\t\t\t\t<div class=\"elementor-inner\">\n\t\t\t\t<div class=\"elementor-section-wrap\">\n\t\t\t\t\t\t\t\t\t<section class=\"elementor-section elementor-top-section elementor-element elementor-element-e7ae084 dsvy-col-stretched-none dsvy-bg-color-over-image elementor-section-boxed elementor-section-height-default elementor-section-height-default\" data-id=\"e7ae084\" data-element_type=\"section\">\n\t\t\t\t\t\t<div class=\"elementor-container elementor-column-gap-default\">\n\t\t\t\t\t\t\t<div class=\"elementor-row\">\n\t\t\t\t\t<div class=\"elementor-column elementor-col-33 elementor-top-column elementor-element elementor-element-2674a3e dsvy-bg-color-over-image\" data-id=\"2674a3e\" data-element_type=\"column\">\n\t\t\t<div class=\"elementor-column-wrap elementor-element-populated\">\n\t\t\t\t\t\t\t<div class=\"elementor-widget-wrap\">\n\t\t\t\t\t\t<div class=\"elementor-element elementor-element-d44c485 elementor-widget elementor-widget-dsvy_icon_heading\" data-id=\"d44c485\" data-element_type=\"widget\" data-widget_type=\"dsvy_icon_heading.default\">\n\t\t\t\t<div class=\"elementor-widget-container\">\n\t\t\t<div class=\"dsvy-ihbox dsvy-ihbox-style-2\"><div class=\"dsvy-ihbox-box\">\r\n\t<div class=\"dsvy-ihbox-headingicon\">\r\n\t\t<div class=\"dsvy-ihbox-icon\"><div class=\"dsvy-ihbox-icon-wrapper dsvy-ihbox-icon-type-image\"><img decoding=\"async\" src=\"https:\/\/iuget.cm\/wp-content\/uploads\/2024\/07\/JOURNAL-IUGET-Numero-1-Cover.jpg\" alt=\"N\u00b0001 - Janvier 2024\" \/><\/div><\/div>\t\t\t\t<\/div>\r\n\t\t<div class=\"dsvy-ihbox-contents\">\r\n\t\t\t\t\t\t<h2 class=\"dsvy-element-title\">\r\n\t\t\t\t\t<a href=\"https:\/\/iuget.cm\/en\/journal-de-liuget-001\/\"><span>\r\n\t\t\t\t\t\tN\u00b0001 - Janvier 2024\r\n\t\t\t\t\t<\/span><\/a>\r\n\t\t\t\t\t<\/h2>\r\n\t\t\t\t\t\t\t\r\n\t\t\t\t\t\t<div class=\"dsvy-ihbox-btn\"><a href=\"https:\/\/iuget.cm\/en\/journal-de-liuget-001\/\"><span>Lire le Journal<\/span><\/a><\/div>\t\t<\/div><!-- .dsvy-ihbox-contents -->\r\n<\/div>\r\n<\/div>\t\t<\/div>\n\t\t\t\t<\/div>\n\t\t\t\t\t\t<\/div>\n\t\t\t\t\t<\/div>\n\t\t<\/div>\n\t\t\t\t<div class=\"elementor-column elementor-col-33 elementor-top-column elementor-element elementor-element-393a308 dsvy-bg-color-over-image\" data-id=\"393a308\" data-element_type=\"column\">\n\t\t\t<div class=\"elementor-column-wrap elementor-element-populated\">\n\t\t\t\t\t\t\t<div class=\"elementor-widget-wrap\">\n\t\t\t\t\t\t<div class=\"elementor-element elementor-element-d76a567 elementor-widget elementor-widget-dsvy_icon_heading\" data-id=\"d76a567\" data-element_type=\"widget\" data-widget_type=\"dsvy_icon_heading.default\">\n\t\t\t\t<div class=\"elementor-widget-container\">\n\t\t\t<div class=\"dsvy-ihbox dsvy-ihbox-style-2\"><div class=\"dsvy-ihbox-box\">\r\n\t<div class=\"dsvy-ihbox-headingicon\">\r\n\t\t<div class=\"dsvy-ihbox-icon\"><div class=\"dsvy-ihbox-icon-wrapper dsvy-ihbox-icon-type-image\"><img decoding=\"async\" src=\"https:\/\/iuget.cm\/wp-content\/uploads\/2024\/07\/JOURNAL-IUGET-N2-Cover.jpg\" alt=\"N\u00b0002 - Avril 2024\" \/><\/div><\/div>\t\t\t\t<\/div>\r\n\t\t<div class=\"dsvy-ihbox-contents\">\r\n\t\t\t\t\t\t<h2 class=\"dsvy-element-title\">\r\n\t\t\t\t\t<a href=\"https:\/\/iuget.cm\/en\/journal\/journal-de-liuget-002\/\"><span>\r\n\t\t\t\t\t\tN\u00b0002 - Avril 2024\r\n\t\t\t\t\t<\/span><\/a>\r\n\t\t\t\t\t<\/h2>\r\n\t\t\t\t\t\t\t\r\n\t\t\t\t\t\t<div class=\"dsvy-ihbox-btn\"><a href=\"https:\/\/iuget.cm\/en\/journal\/journal-de-liuget-002\/\"><span>Lire le Journal<\/span><\/a><\/div>\t\t<\/div><!-- .dsvy-ihbox-contents -->\r\n<\/div>\r\n<\/div>\t\t<\/div>\n\t\t\t\t<\/div>\n\t\t\t\t\t\t<\/div>\n\t\t\t\t\t<\/div>\n\t\t<\/div>\n\t\t\t\t<div class=\"elementor-column elementor-col-33 elementor-top-column elementor-element elementor-element-23a89ec dsvy-bg-color-over-image\" data-id=\"23a89ec\" data-element_type=\"column\">\n\t\t\t<div class=\"elementor-column-wrap\">\n\t\t\t\t\t\t\t<div class=\"elementor-widget-wrap\">\n\t\t\t\t\t\t\t\t<\/div>\n\t\t\t\t\t<\/div>\n\t\t<\/div>\n\t\t\t\t\t\t\t\t<\/div>\n\t\t\t\t\t<\/div>\n\t\t<\/section>\n\t\t\t\t\t\t\t\t\t<\/div>\n\t\t\t<\/div>\n\t\t\t\t\t<\/div>","protected":false},"excerpt":{"rendered":"<p>N\u00b0001 &#8211; Janvier 2024 Lire le Journal N\u00b0002 &#8211; Avril 2024 Lire le Journal<\/p>","protected":false},"author":1,"featured_media":0,"parent":861,"menu_order":0,"comment_status":"closed","ping_status":"closed","template":"","meta":{"_acf_changed":false,"footnotes":""},"class_list":["post-2383","page","type-page","status-publish","hentry"],"acf":[],"yoast_head":"<!-- This site is optimized with the Yoast SEO plugin v23.0 - https:\/\/yoast.com\/wordpress\/plugins\/seo\/ -->\n<title>Journal de l&#039;IUGET - IUGET<\/title>\n<meta name=\"description\" content=\"Trouvez tous les num\u00e9ros du Journal de l&#039;IUGET, et restez connect\u00e9 a nos actualit\u00e9s et \u00e9v\u00e8nements. Bien choisir c&#039;est d\u00e9j\u00e0 r\u00e9ussir.\" \/>\n<meta name=\"robots\" content=\"index, follow, max-snippet:-1, max-image-preview:large, max-video-preview:-1\" \/>\n<link rel=\"canonical\" href=\"https:\/\/iuget.cm\/en\/mediatheque\/journal\/\" \/>\n<meta property=\"og:locale\" content=\"en_US\" \/>\n<meta property=\"og:type\" content=\"article\" \/>\n<meta property=\"og:title\" content=\"Journal de l&#039;IUGET - IUGET\" \/>\n<meta property=\"og:description\" content=\"Trouvez tous les num\u00e9ros du Journal de l&#039;IUGET, et restez connect\u00e9 a nos actualit\u00e9s et \u00e9v\u00e8nements. Bien choisir c&#039;est d\u00e9j\u00e0 r\u00e9ussir.\" \/>\n<meta property=\"og:url\" content=\"https:\/\/iuget.cm\/en\/mediatheque\/journal\/\" \/>\n<meta property=\"og:site_name\" content=\"IUGET\" \/>\n<meta property=\"article:publisher\" content=\"https:\/\/www.facebook.com\/InstitutUniversitairedesGrandesEcolesdesTropiques\" \/>\n<meta property=\"article:modified_time\" content=\"2024-08-29T14:19:20+00:00\" \/>\n<meta property=\"og:image\" content=\"https:\/\/iuget.cm\/wp-content\/uploads\/2024\/07\/JOURNAL-IUGET-Numero-1-Cover.jpg\" \/>\n<meta name=\"twitter:label1\" content=\"Est. reading time\" \/>\n\t<meta name=\"twitter:data1\" content=\"1 minute\" \/>\n<script type=\"application\/ld+json\" class=\"yoast-schema-graph\">{\"@context\":\"https:\/\/schema.org\",\"@graph\":[{\"@type\":\"WebPage\",\"@id\":\"https:\/\/iuget.cm\/mediatheque\/journal\/\",\"url\":\"https:\/\/iuget.cm\/mediatheque\/journal\/\",\"name\":\"Journal de l'IUGET - IUGET\",\"isPartOf\":{\"@id\":\"https:\/\/iuget.cm\/#website\"},\"primaryImageOfPage\":{\"@id\":\"https:\/\/iuget.cm\/mediatheque\/journal\/#primaryimage\"},\"image\":{\"@id\":\"https:\/\/iuget.cm\/mediatheque\/journal\/#primaryimage\"},\"thumbnailUrl\":\"https:\/\/iuget.cm\/wp-content\/uploads\/2024\/07\/JOURNAL-IUGET-Numero-1-Cover.jpg\",\"datePublished\":\"2024-07-30T12:20:49+00:00\",\"dateModified\":\"2024-08-29T14:19:20+00:00\",\"description\":\"Trouvez tous les num\u00e9ros du Journal de l'IUGET, et restez connect\u00e9 a nos actualit\u00e9s et \u00e9v\u00e8nements. Bien choisir c'est d\u00e9j\u00e0 r\u00e9ussir.\",\"breadcrumb\":{\"@id\":\"https:\/\/iuget.cm\/mediatheque\/journal\/#breadcrumb\"},\"inLanguage\":\"en-US\",\"potentialAction\":[{\"@type\":\"ReadAction\",\"target\":[\"https:\/\/iuget.cm\/mediatheque\/journal\/\"]}]},{\"@type\":\"ImageObject\",\"inLanguage\":\"en-US\",\"@id\":\"https:\/\/iuget.cm\/mediatheque\/journal\/#primaryimage\",\"url\":\"https:\/\/iuget.cm\/wp-content\/uploads\/2024\/07\/JOURNAL-IUGET-Numero-1-Cover.jpg\",\"contentUrl\":\"https:\/\/iuget.cm\/wp-content\/uploads\/2024\/07\/JOURNAL-IUGET-Numero-1-Cover.jpg\"},{\"@type\":\"BreadcrumbList\",\"@id\":\"https:\/\/iuget.cm\/mediatheque\/journal\/#breadcrumb\",\"itemListElement\":[{\"@type\":\"ListItem\",\"position\":1,\"name\":\"M\u00e9diath\u00e8que\",\"item\":\"https:\/\/iuget.cm\/mediatheque\/\"},{\"@type\":\"ListItem\",\"position\":2,\"name\":\"Journal de l&rsquo;IUGET\"}]},{\"@type\":\"WebSite\",\"@id\":\"https:\/\/iuget.cm\/#website\",\"url\":\"https:\/\/iuget.cm\/\",\"name\":\"IUGET\",\"description\":\"Institut Universitaire des Grandes Ecoles des Tropiques\",\"publisher\":{\"@id\":\"https:\/\/iuget.cm\/#organization\"},\"potentialAction\":[{\"@type\":\"SearchAction\",\"target\":{\"@type\":\"EntryPoint\",\"urlTemplate\":\"https:\/\/iuget.cm\/?s={search_term_string}\"},\"query-input\":\"required name=search_term_string\"}],\"inLanguage\":\"en-US\"},{\"@type\":\"Organization\",\"@id\":\"https:\/\/iuget.cm\/#organization\",\"name\":\"Institut Universitaire des Grandes Ecoles des Tropiques\",\"url\":\"https:\/\/iuget.cm\/\",\"logo\":{\"@type\":\"ImageObject\",\"inLanguage\":\"en-US\",\"@id\":\"https:\/\/iuget.cm\/#\/schema\/logo\/image\/\",\"url\":\"https:\/\/iuget.cm\/wp-content\/uploads\/2023\/03\/IUGET-FR-jpeg.png\",\"contentUrl\":\"https:\/\/iuget.cm\/wp-content\/uploads\/2023\/03\/IUGET-FR-jpeg.png\",\"width\":2801,\"height\":2522,\"caption\":\"Institut Universitaire des Grandes Ecoles des Tropiques\"},\"image\":{\"@id\":\"https:\/\/iuget.cm\/#\/schema\/logo\/image\/\"},\"sameAs\":[\"https:\/\/www.facebook.com\/InstitutUniversitairedesGrandesEcolesdesTropiques\",\"https:\/\/www.linkedin.com\/company\/iuget-institut-universitaire-des-grandes-ecoles-des-tropiques\/\",\"https:\/\/www.instagram.com\/iuget_cmr\/\",\"https:\/\/www.youtube.com\/@iugetdla7507\"]}]}<\/script>\n<!-- \/ Yoast SEO plugin. -->","yoast_head_json":{"title":"Journal de l'IUGET - IUGET","description":"Trouvez tous les num\u00e9ros du Journal de l'IUGET, et restez connect\u00e9 a nos actualit\u00e9s et \u00e9v\u00e8nements. Bien choisir c'est d\u00e9j\u00e0 r\u00e9ussir.","robots":{"index":"index","follow":"follow","max-snippet":"max-snippet:-1","max-image-preview":"max-image-preview:large","max-video-preview":"max-video-preview:-1"},"canonical":"https:\/\/iuget.cm\/en\/mediatheque\/journal\/","og_locale":"en_US","og_type":"article","og_title":"Journal de l'IUGET - IUGET","og_description":"Trouvez tous les num\u00e9ros du Journal de l'IUGET, et restez connect\u00e9 a nos actualit\u00e9s et \u00e9v\u00e8nements. Bien choisir c'est d\u00e9j\u00e0 r\u00e9ussir.","og_url":"https:\/\/iuget.cm\/en\/mediatheque\/journal\/","og_site_name":"IUGET","article_publisher":"https:\/\/www.facebook.com\/InstitutUniversitairedesGrandesEcolesdesTropiques","article_modified_time":"2024-08-29T14:19:20+00:00","og_image":[{"url":"https:\/\/iuget.cm\/wp-content\/uploads\/2024\/07\/JOURNAL-IUGET-Numero-1-Cover.jpg"}],"twitter_misc":{"Est. reading time":"1 minute"},"schema":{"@context":"https:\/\/schema.org","@graph":[{"@type":"WebPage","@id":"https:\/\/iuget.cm\/mediatheque\/journal\/","url":"https:\/\/iuget.cm\/mediatheque\/journal\/","name":"Journal de l'IUGET - IUGET","isPartOf":{"@id":"https:\/\/iuget.cm\/#website"},"primaryImageOfPage":{"@id":"https:\/\/iuget.cm\/mediatheque\/journal\/#primaryimage"},"image":{"@id":"https:\/\/iuget.cm\/mediatheque\/journal\/#primaryimage"},"thumbnailUrl":"https:\/\/iuget.cm\/wp-content\/uploads\/2024\/07\/JOURNAL-IUGET-Numero-1-Cover.jpg","datePublished":"2024-07-30T12:20:49+00:00","dateModified":"2024-08-29T14:19:20+00:00","description":"Trouvez tous les num\u00e9ros du Journal de l'IUGET, et restez connect\u00e9 a nos actualit\u00e9s et \u00e9v\u00e8nements. Bien choisir c'est d\u00e9j\u00e0 r\u00e9ussir.","breadcrumb":{"@id":"https:\/\/iuget.cm\/mediatheque\/journal\/#breadcrumb"},"inLanguage":"en-US","potentialAction":[{"@type":"ReadAction","target":["https:\/\/iuget.cm\/mediatheque\/journal\/"]}]},{"@type":"ImageObject","inLanguage":"en-US","@id":"https:\/\/iuget.cm\/mediatheque\/journal\/#primaryimage","url":"https:\/\/iuget.cm\/wp-content\/uploads\/2024\/07\/JOURNAL-IUGET-Numero-1-Cover.jpg","contentUrl":"https:\/\/iuget.cm\/wp-content\/uploads\/2024\/07\/JOURNAL-IUGET-Numero-1-Cover.jpg"},{"@type":"BreadcrumbList","@id":"https:\/\/iuget.cm\/mediatheque\/journal\/#breadcrumb","itemListElement":[{"@type":"ListItem","position":1,"name":"M\u00e9diath\u00e8que","item":"https:\/\/iuget.cm\/mediatheque\/"},{"@type":"ListItem","position":2,"name":"Journal de l&rsquo;IUGET"}]},{"@type":"WebSite","@id":"https:\/\/iuget.cm\/#website","url":"https:\/\/iuget.cm\/","name":"IUGET","description":"Institut Universitaire des Grandes Ecoles des Tropiques","publisher":{"@id":"https:\/\/iuget.cm\/#organization"},"potentialAction":[{"@type":"SearchAction","target":{"@type":"EntryPoint","urlTemplate":"https:\/\/iuget.cm\/?s={search_term_string}"},"query-input":"required name=search_term_string"}],"inLanguage":"en-US"},{"@type":"Organization","@id":"https:\/\/iuget.cm\/#organization","name":"Institut Universitaire des Grandes Ecoles des Tropiques","url":"https:\/\/iuget.cm\/","logo":{"@type":"ImageObject","inLanguage":"en-US","@id":"https:\/\/iuget.cm\/#\/schema\/logo\/image\/","url":"https:\/\/iuget.cm\/wp-content\/uploads\/2023\/03\/IUGET-FR-jpeg.png","contentUrl":"https:\/\/iuget.cm\/wp-content\/uploads\/2023\/03\/IUGET-FR-jpeg.png","width":2801,"height":2522,"caption":"Institut Universitaire des Grandes Ecoles des Tropiques"},"image":{"@id":"https:\/\/iuget.cm\/#\/schema\/logo\/image\/"},"sameAs":["https:\/\/www.facebook.com\/InstitutUniversitairedesGrandesEcolesdesTropiques","https:\/\/www.linkedin.com\/company\/iuget-institut-universitaire-des-grandes-ecoles-des-tropiques\/","https:\/\/www.instagram.com\/iuget_cmr\/","https:\/\/www.youtube.com\/@iugetdla7507"]}]}},"_links":{"self":[{"href":"https:\/\/iuget.cm\/en\/wp-json\/wp\/v2\/pages\/2383","targetHints":{"allow":["GET"]}}],"collection":[{"href":"https:\/\/iuget.cm\/en\/wp-json\/wp\/v2\/pages"}],"about":[{"href":"https:\/\/iuget.cm\/en\/wp-json\/wp\/v2\/types\/page"}],"author":[{"embeddable":true,"href":"https:\/\/iuget.cm\/en\/wp-json\/wp\/v2\/users\/1"}],"replies":[{"embeddable":true,"href":"https:\/\/iuget.cm\/en\/wp-json\/wp\/v2\/comments?post=2383"}],"version-history":[{"count":16,"href":"https:\/\/iuget.cm\/en\/wp-json\/wp\/v2\/pages\/2383\/revisions"}],"predecessor-version":[{"id":2412,"href":"https:\/\/iuget.cm\/en\/wp-json\/wp\/v2\/pages\/2383\/revisions\/2412"}],"up":[{"embeddable":true,"href":"https:\/\/iuget.cm\/en\/wp-json\/wp\/v2\/pages\/861"}],"wp:attachment":[{"href":"https:\/\/iuget.cm\/en\/wp-json\/wp\/v2\/media?parent=2383"}],"curies":[{"name":"wp","href":"https:\/\/api.w.org\/{rel}","templated":true}]}}