{"id":2065,"date":"2023-09-21T15:19:09","date_gmt":"2023-09-21T14:19:09","guid":{"rendered":"https:\/\/iuget.cm\/?page_id=2065"},"modified":"2023-10-02T16:26:52","modified_gmt":"2023-10-02T15:26:52","slug":"aws-academy","status":"publish","type":"page","link":"https:\/\/iuget.cm\/en\/aws-academy\/","title":{"rendered":"Amazon Web Services Academy"},"content":{"rendered":"<div data-elementor-type=\"wp-page\" data-elementor-id=\"2065\" class=\"elementor elementor-2065\">\n\t\t\t\t\t\t<div class=\"elementor-inner\">\n\t\t\t\t<div class=\"elementor-section-wrap\">\n\t\t\t\t\t\t\t\t\t<section class=\"elementor-section elementor-top-section elementor-element elementor-element-de23428 dsvy-col-stretched-none dsvy-bg-color-over-image elementor-section-boxed elementor-section-height-default elementor-section-height-default\" data-id=\"de23428\" data-element_type=\"section\">\n\t\t\t\t\t\t<div class=\"elementor-container elementor-column-gap-default\">\n\t\t\t\t\t\t\t<div class=\"elementor-row\">\n\t\t\t\t\t<div class=\"elementor-column elementor-col-100 elementor-top-column elementor-element elementor-element-5bd1ea4 dsvy-bg-color-over-image\" data-id=\"5bd1ea4\" data-element_type=\"column\">\n\t\t\t<div class=\"elementor-column-wrap elementor-element-populated\">\n\t\t\t\t\t\t\t<div class=\"elementor-widget-wrap\">\n\t\t\t\t\t\t<div class=\"elementor-element elementor-element-c35ef68 dsvy-align-left elementor-widget elementor-widget-dsvy_heading\" data-id=\"c35ef68\" data-element_type=\"widget\" data-widget_type=\"dsvy_heading.default\">\n\t\t\t\t<div class=\"elementor-widget-container\">\n\t\t\t\t<div class=\"dsvy-heading-subheading left-align\"><h2 class=\"dsvy-element-title\">\r\n\t\t\t\r\n\t\t\t\tAmazon Web Services Academy\r\n\t\t\t\r\n\t\t\t<\/h2>\r\n\t\t<h4 class=\"dsvy-element-subtitle\">\r\n\t\t\t\r\n\t\t\t\tBienvenue dans notre acad\u00e9mie AWS\r\n\t\t\t\r\n\t\t\t<\/h4>\r\n\t\t<\/div>\t\t<\/div>\n\t\t\t\t<\/div>\n\t\t\t\t\t\t<\/div>\n\t\t\t\t\t<\/div>\n\t\t<\/div>\n\t\t\t\t\t\t\t\t<\/div>\n\t\t\t\t\t<\/div>\n\t\t<\/section>\n\t\t\t\t<section class=\"elementor-section elementor-top-section elementor-element elementor-element-8bed4e6 dsvy-col-stretched-none dsvy-bg-color-over-image elementor-section-boxed elementor-section-height-default elementor-section-height-default\" data-id=\"8bed4e6\" data-element_type=\"section\">\n\t\t\t\t\t\t<div class=\"elementor-container elementor-column-gap-default\">\n\t\t\t\t\t\t\t<div class=\"elementor-row\">\n\t\t\t\t\t<div class=\"elementor-column elementor-col-100 elementor-top-column elementor-element elementor-element-a2f0ed7 dsvy-bg-color-over-image\" data-id=\"a2f0ed7\" data-element_type=\"column\">\n\t\t\t<div class=\"elementor-column-wrap elementor-element-populated\">\n\t\t\t\t\t\t\t<div class=\"elementor-widget-wrap\">\n\t\t\t\t\t\t<div class=\"elementor-element elementor-element-8e9d747 elementor-arrows-position-inside elementor-pagination-position-outside elementor-widget elementor-widget-image-carousel\" data-id=\"8e9d747\" data-element_type=\"widget\" data-settings=\"{&quot;slides_to_show&quot;:&quot;1&quot;,&quot;pause_on_hover&quot;:&quot;no&quot;,&quot;navigation&quot;:&quot;both&quot;,&quot;autoplay&quot;:&quot;yes&quot;,&quot;pause_on_interaction&quot;:&quot;yes&quot;,&quot;autoplay_speed&quot;:5000,&quot;infinite&quot;:&quot;yes&quot;,&quot;effect&quot;:&quot;slide&quot;,&quot;speed&quot;:500}\" data-widget_type=\"image-carousel.default\">\n\t\t\t\t<div class=\"elementor-widget-container\">\n\t\t\t\t\t<div class=\"elementor-image-carousel-wrapper swiper-container\" dir=\"ltr\">\n\t\t\t<div class=\"elementor-image-carousel swiper-wrapper\">\n\t\t\t\t\t\t\t\t<div class=\"swiper-slide\"><figure class=\"swiper-slide-inner\"><img decoding=\"async\" class=\"swiper-slide-image\" src=\"https:\/\/iuget.cm\/wp-content\/uploads\/2023\/09\/IUGET-AWS-EN.jpg\" alt=\"IUGET---AWS--EN\" \/><\/figure><\/div><div class=\"swiper-slide\"><figure class=\"swiper-slide-inner\"><img decoding=\"async\" class=\"swiper-slide-image\" src=\"https:\/\/iuget.cm\/wp-content\/uploads\/2023\/09\/IUGET-AWS-FR.jpg\" alt=\"IUGET---AWS--FR\" \/><\/figure><\/div>\t\t\t<\/div>\n\t\t\t\t\t\t\t\t\t\t\t\t<div class=\"swiper-pagination\"><\/div>\n\t\t\t\t\t\t\t\t\t\t\t\t\t<div class=\"elementor-swiper-button elementor-swiper-button-prev\">\n\t\t\t\t\t\t<i aria-hidden=\"true\" class=\"fas fa-arrow-left\"><\/i>\t\t\t\t\t\t<span class=\"elementor-screen-only\">Previous<\/span>\n\t\t\t\t\t<\/div>\n\t\t\t\t\t<div class=\"elementor-swiper-button elementor-swiper-button-next\">\n\t\t\t\t\t\t<i aria-hidden=\"true\" class=\"fas fa-arrow-right\"><\/i>\t\t\t\t\t\t<span class=\"elementor-screen-only\">Next<\/span>\n\t\t\t\t\t<\/div>\n\t\t\t\t\t\t\t\t\t<\/div>\n\t\t\t\t<\/div>\n\t\t\t\t<\/div>\n\t\t\t\t\t\t<\/div>\n\t\t\t\t\t<\/div>\n\t\t<\/div>\n\t\t\t\t\t\t\t\t<\/div>\n\t\t\t\t\t<\/div>\n\t\t<\/section>\n\t\t\t\t<section class=\"elementor-section elementor-top-section elementor-element elementor-element-93c7051 dsvy-col-stretched-none dsvy-bg-color-over-image elementor-section-boxed elementor-section-height-default elementor-section-height-default\" data-id=\"93c7051\" data-element_type=\"section\">\n\t\t\t\t\t\t<div class=\"elementor-container elementor-column-gap-default\">\n\t\t\t\t\t\t\t<div class=\"elementor-row\">\n\t\t\t\t\t<div class=\"elementor-column elementor-col-100 elementor-top-column elementor-element elementor-element-c987a3a dsvy-bg-color-over-image\" data-id=\"c987a3a\" data-element_type=\"column\">\n\t\t\t<div class=\"elementor-column-wrap elementor-element-populated\">\n\t\t\t\t\t\t\t<div class=\"elementor-widget-wrap\">\n\t\t\t\t\t\t<div class=\"elementor-element elementor-element-98aaffa elementor-widget elementor-widget-text-editor\" data-id=\"98aaffa\" data-element_type=\"widget\" data-widget_type=\"text-editor.default\">\n\t\t\t\t<div class=\"elementor-widget-container\">\n\t\t\t\t\t\t\t\t<div class=\"elementor-text-editor elementor-clearfix\">\n\t\t\t\t<p><span class=\"fontstyle0\">IUGET rejoint <span style=\"color: #e03434;\">AWS Academy<\/span> pour fournir aux \u00e9tudiants et aux professionnels des comp\u00e9tences tr\u00e8s demand\u00e9es en <span style=\"color: #e03434;\">CLOUD COMPUTING<\/span><\/span><span class=\"fontstyle2\" style=\"color: #e03434;\">.<\/span><\/p>\t\t\t\t\t<\/div>\n\t\t\t\t\t\t<\/div>\n\t\t\t\t<\/div>\n\t\t\t\t<div class=\"elementor-element elementor-element-935f923 elementor-button-success elementor-align-center dsvy-btn-color-globalcolor dsvy-btn-style-flat dsvy-btn-shape-square elementor-widget elementor-widget-button\" data-id=\"935f923\" data-element_type=\"widget\" data-widget_type=\"button.default\">\n\t\t\t\t<div class=\"elementor-widget-container\">\n\t\t\t\t\t<div class=\"elementor-button-wrapper\">\n\t\t\t<a href=\"https:\/\/forms.gle\/vPXDGGXaAFNY2yKF7\" target=\"_blank\" class=\"elementor-button-link elementor-button elementor-size-sm\" role=\"button\">\n\t\t\t\t\t\t<span class=\"elementor-button-content-wrapper\">\n\t\t\t\t\t\t\t<span class=\"elementor-button-icon elementor-align-icon-right\">\n\t\t\t\t<i aria-hidden=\"true\" class=\"fas fa-external-link-alt\"><\/i>\t\t\t<\/span>\n\t\t\t\t\t\t<span class=\"elementor-button-text\">Participer au prochain seminaire<\/span>\n\t\t<\/span>\n\t\t\t\t\t<\/a>\n\t\t<\/div>\n\t\t\t\t<\/div>\n\t\t\t\t<\/div>\n\t\t\t\t\t\t<\/div>\n\t\t\t\t\t<\/div>\n\t\t<\/div>\n\t\t\t\t\t\t\t\t<\/div>\n\t\t\t\t\t<\/div>\n\t\t<\/section>\n\t\t\t\t<section class=\"elementor-section elementor-top-section elementor-element elementor-element-a83077a dsvy-col-stretched-none dsvy-bg-color-over-image elementor-section-boxed elementor-section-height-default elementor-section-height-default\" data-id=\"a83077a\" data-element_type=\"section\">\n\t\t\t\t\t\t<div class=\"elementor-container elementor-column-gap-default\">\n\t\t\t\t\t\t\t<div class=\"elementor-row\">\n\t\t\t\t\t<div class=\"elementor-column elementor-col-100 elementor-top-column elementor-element elementor-element-1a9311f dsvy-bg-color-over-image\" data-id=\"1a9311f\" data-element_type=\"column\">\n\t\t\t<div class=\"elementor-column-wrap elementor-element-populated\">\n\t\t\t\t\t\t\t<div class=\"elementor-widget-wrap\">\n\t\t\t\t\t\t<div class=\"elementor-element elementor-element-d98e1ed elementor-widget elementor-widget-text-editor\" data-id=\"d98e1ed\" data-element_type=\"widget\" data-widget_type=\"text-editor.default\">\n\t\t\t\t<div class=\"elementor-widget-container\">\n\t\t\t\t\t\t\t\t<div class=\"elementor-text-editor elementor-clearfix\">\n\t\t\t\t<p>\u00a0<span class=\"fontstyle0\">Douala, le 15 Juin 2023 &#8211; L&rsquo;Institut Universitaire des Grandes \u00c9coles des Tropiques (<a href=\"https:\/\/iuget.cm\/en\/\">IUGET<\/a>) a rejoint AWS Academy, un programme de Amazon Web Services (AWS) qui propose aux instituts d&rsquo;enseignement sup\u00e9rieur un cursus de cloud computing pr\u00eat \u00e0 l&#8217;emploi.<br \/><\/span><\/p><p><span class=\"fontstyle0\">\u00c0 partir de Novembre 2023, les \u00e9tudiants et professionnels pourront s&rsquo;inscrire \u00e0 des cours qui les pr\u00e9pareront \u00e0 poursuivre des carri\u00e8res dans l&rsquo;espace de <strong>cloud computing<\/strong> \u00e0 croissance rapide et aux certifications <strong>AWS<\/strong> reconnues par l&rsquo;industrie.<\/span><\/p>\t\t\t\t\t<\/div>\n\t\t\t\t\t\t<\/div>\n\t\t\t\t<\/div>\n\t\t\t\t\t\t<\/div>\n\t\t\t\t\t<\/div>\n\t\t<\/div>\n\t\t\t\t\t\t\t\t<\/div>\n\t\t\t\t\t<\/div>\n\t\t<\/section>\n\t\t\t\t<section class=\"elementor-section elementor-top-section elementor-element elementor-element-54e92de dsvy-col-stretched-none dsvy-bg-color-over-image elementor-section-boxed elementor-section-height-default elementor-section-height-default\" data-id=\"54e92de\" data-element_type=\"section\">\n\t\t\t\t\t\t<div class=\"elementor-container elementor-column-gap-default\">\n\t\t\t\t\t\t\t<div class=\"elementor-row\">\n\t\t\t\t\t<div class=\"elementor-column elementor-col-50 elementor-top-column elementor-element elementor-element-5b93031 dsvy-bg-color-over-image\" data-id=\"5b93031\" data-element_type=\"column\">\n\t\t\t<div class=\"elementor-column-wrap elementor-element-populated\">\n\t\t\t\t\t\t\t<div class=\"elementor-widget-wrap\">\n\t\t\t\t\t\t<div class=\"elementor-element elementor-element-ea9562b elementor-widget elementor-widget-image\" data-id=\"ea9562b\" data-element_type=\"widget\" data-widget_type=\"image.default\">\n\t\t\t\t<div class=\"elementor-widget-container\">\n\t\t\t\t\t\t\t\t<div class=\"elementor-image\">\n\t\t\t\t\t\t\t\t\t\t\t\t<img loading=\"lazy\" decoding=\"async\" width=\"847\" height=\"710\" src=\"https:\/\/iuget.cm\/wp-content\/uploads\/2023\/09\/Entree-a-IUGET.png\" class=\"attachment-large size-large wp-image-2086\" alt=\"\" srcset=\"https:\/\/iuget.cm\/wp-content\/uploads\/2023\/09\/Entree-a-IUGET.png 940w, https:\/\/iuget.cm\/wp-content\/uploads\/2023\/09\/Entree-a-IUGET-300x251.png 300w, https:\/\/iuget.cm\/wp-content\/uploads\/2023\/09\/Entree-a-IUGET-768x644.png 768w, https:\/\/iuget.cm\/wp-content\/uploads\/2023\/09\/Entree-a-IUGET-14x12.png 14w, https:\/\/iuget.cm\/wp-content\/uploads\/2023\/09\/Entree-a-IUGET-770x645.png 770w\" sizes=\"auto, (max-width: 847px) 100vw, 847px\" \/>\t\t\t\t\t\t\t\t\t\t\t\t\t\t<\/div>\n\t\t\t\t\t\t<\/div>\n\t\t\t\t<\/div>\n\t\t\t\t\t\t<\/div>\n\t\t\t\t\t<\/div>\n\t\t<\/div>\n\t\t\t\t<div class=\"elementor-column elementor-col-50 elementor-top-column elementor-element elementor-element-6825d2f dsvy-bg-color-over-image\" data-id=\"6825d2f\" data-element_type=\"column\">\n\t\t\t<div class=\"elementor-column-wrap elementor-element-populated\">\n\t\t\t\t\t\t\t<div class=\"elementor-widget-wrap\">\n\t\t\t\t\t\t<div class=\"elementor-element elementor-element-6094e34 elementor-widget elementor-widget-text-editor\" data-id=\"6094e34\" data-element_type=\"widget\" data-widget_type=\"text-editor.default\">\n\t\t\t\t<div class=\"elementor-widget-container\">\n\t\t\t\t\t\t\t\t<div class=\"elementor-text-editor elementor-clearfix\">\n\t\t\t\t<p><strong><span class=\"fontstyle0\">AWS Academy <\/span><\/strong><span class=\"fontstyle2\">propose des cours et des ressources d&rsquo;apprentissage qui permettent aux \u00e9tudiants de d\u00e9velopper une gamme de comp\u00e9tences dans le AWS Cloud. Les \u00e9ducateurs accr\u00e9dit\u00e9s ont acc\u00e8s \u00e0 tous les cours offerts par AWS Academy et aux AWS Academy Learner Labs. AWS Academy est un programme d\u00e9velopp\u00e9 et maintenu par Amazon Web Services (AWS).<\/span> <\/p>\t\t\t\t\t<\/div>\n\t\t\t\t\t\t<\/div>\n\t\t\t\t<\/div>\n\t\t\t\t\t\t<\/div>\n\t\t\t\t\t<\/div>\n\t\t<\/div>\n\t\t\t\t\t\t\t\t<\/div>\n\t\t\t\t\t<\/div>\n\t\t<\/section>\n\t\t\t\t\t\t\t\t\t<\/div>\n\t\t\t<\/div>\n\t\t\t\t\t<\/div>","protected":false},"excerpt":{"rendered":"<p>Amazon Web Services Academy Bienvenue dans notre acad\u00e9mie AWS Pr\u00e9c\u00e9dent Suivant IUGET rejoint AWS Academy pour fournir aux \u00e9tudiants et aux professionnels des comp\u00e9tences tr\u00e8s demand\u00e9es en CLOUD COMPUTING. Participer au prochain seminaire \u00a0Douala, le 15 Juin 2023 &#8211; L&rsquo;Institut Universitaire des Grandes \u00c9coles des Tropiques (IUGET) a rejoint AWS Academy, un programme de Amazon Web Services (AWS) qui propose aux instituts d&rsquo;enseignement sup\u00e9rieur un cursus de cloud computing pr\u00eat[&hellip;]<\/p>","protected":false},"author":1,"featured_media":2069,"parent":0,"menu_order":0,"comment_status":"closed","ping_status":"closed","template":"","meta":{"_acf_changed":false,"footnotes":""},"class_list":["post-2065","page","type-page","status-publish","has-post-thumbnail","hentry"],"acf":[],"yoast_head":"<!-- This site is optimized with the Yoast SEO plugin v23.0 - https:\/\/yoast.com\/wordpress\/plugins\/seo\/ -->\n<title>Amazon Web Services Academy - IUGET<\/title>\n<meta name=\"robots\" content=\"index, follow, max-snippet:-1, max-image-preview:large, max-video-preview:-1\" \/>\n<link rel=\"canonical\" href=\"https:\/\/iuget.cm\/en\/aws-academy\/\" \/>\n<meta property=\"og:locale\" content=\"en_US\" \/>\n<meta property=\"og:type\" content=\"article\" \/>\n<meta property=\"og:title\" content=\"Amazon Web Services Academy - IUGET\" \/>\n<meta property=\"og:description\" content=\"Amazon Web Services Academy Bienvenue dans notre acad\u00e9mie AWS Pr\u00e9c\u00e9dent Suivant IUGET rejoint AWS Academy pour fournir aux \u00e9tudiants et aux professionnels des comp\u00e9tences tr\u00e8s demand\u00e9es en CLOUD COMPUTING. Participer au prochain seminaire \u00a0Douala, le 15 Juin 2023 &#8211; L&rsquo;Institut Universitaire des Grandes \u00c9coles des Tropiques (IUGET) a rejoint AWS Academy, un programme de Amazon Web Services (AWS) qui propose aux instituts d&rsquo;enseignement sup\u00e9rieur un cursus de cloud computing pr\u00eat[&hellip;]\" \/>\n<meta property=\"og:url\" content=\"https:\/\/iuget.cm\/en\/aws-academy\/\" \/>\n<meta property=\"og:site_name\" content=\"IUGET\" \/>\n<meta property=\"article:publisher\" content=\"https:\/\/www.facebook.com\/InstitutUniversitairedesGrandesEcolesdesTropiques\" \/>\n<meta property=\"article:modified_time\" content=\"2023-10-02T15:26:52+00:00\" \/>\n<meta property=\"og:image\" content=\"https:\/\/iuget.cm\/wp-content\/uploads\/2023\/09\/IUGET-AWS-FR.jpg\" \/>\n\t<meta property=\"og:image:width\" content=\"1380\" \/>\n\t<meta property=\"og:image:height\" content=\"690\" \/>\n\t<meta property=\"og:image:type\" content=\"image\/jpeg\" \/>\n<meta name=\"twitter:label1\" content=\"Est. reading time\" \/>\n\t<meta name=\"twitter:data1\" content=\"1 minute\" \/>\n<script type=\"application\/ld+json\" class=\"yoast-schema-graph\">{\"@context\":\"https:\/\/schema.org\",\"@graph\":[{\"@type\":\"WebPage\",\"@id\":\"https:\/\/iuget.cm\/aws-academy\/\",\"url\":\"https:\/\/iuget.cm\/aws-academy\/\",\"name\":\"Amazon Web Services Academy - IUGET\",\"isPartOf\":{\"@id\":\"https:\/\/iuget.cm\/#website\"},\"primaryImageOfPage\":{\"@id\":\"https:\/\/iuget.cm\/aws-academy\/#primaryimage\"},\"image\":{\"@id\":\"https:\/\/iuget.cm\/aws-academy\/#primaryimage\"},\"thumbnailUrl\":\"https:\/\/iuget.cm\/wp-content\/uploads\/2023\/09\/IUGET-AWS-FR.jpg\",\"datePublished\":\"2023-09-21T14:19:09+00:00\",\"dateModified\":\"2023-10-02T15:26:52+00:00\",\"inLanguage\":\"en-US\",\"potentialAction\":[{\"@type\":\"ReadAction\",\"target\":[\"https:\/\/iuget.cm\/aws-academy\/\"]}]},{\"@type\":\"ImageObject\",\"inLanguage\":\"en-US\",\"@id\":\"https:\/\/iuget.cm\/aws-academy\/#primaryimage\",\"url\":\"https:\/\/iuget.cm\/wp-content\/uploads\/2023\/09\/IUGET-AWS-FR.jpg\",\"contentUrl\":\"https:\/\/iuget.cm\/wp-content\/uploads\/2023\/09\/IUGET-AWS-FR.jpg\",\"width\":1380,\"height\":690},{\"@type\":\"WebSite\",\"@id\":\"https:\/\/iuget.cm\/#website\",\"url\":\"https:\/\/iuget.cm\/\",\"name\":\"IUGET\",\"description\":\"Institut Universitaire des Grandes Ecoles des Tropiques\",\"publisher\":{\"@id\":\"https:\/\/iuget.cm\/#organization\"},\"potentialAction\":[{\"@type\":\"SearchAction\",\"target\":{\"@type\":\"EntryPoint\",\"urlTemplate\":\"https:\/\/iuget.cm\/?s={search_term_string}\"},\"query-input\":\"required name=search_term_string\"}],\"inLanguage\":\"en-US\"},{\"@type\":\"Organization\",\"@id\":\"https:\/\/iuget.cm\/#organization\",\"name\":\"Institut Universitaire des Grandes Ecoles des Tropiques\",\"url\":\"https:\/\/iuget.cm\/\",\"logo\":{\"@type\":\"ImageObject\",\"inLanguage\":\"en-US\",\"@id\":\"https:\/\/iuget.cm\/#\/schema\/logo\/image\/\",\"url\":\"https:\/\/iuget.cm\/wp-content\/uploads\/2023\/03\/IUGET-FR-jpeg.png\",\"contentUrl\":\"https:\/\/iuget.cm\/wp-content\/uploads\/2023\/03\/IUGET-FR-jpeg.png\",\"width\":2801,\"height\":2522,\"caption\":\"Institut Universitaire des Grandes Ecoles des Tropiques\"},\"image\":{\"@id\":\"https:\/\/iuget.cm\/#\/schema\/logo\/image\/\"},\"sameAs\":[\"https:\/\/www.facebook.com\/InstitutUniversitairedesGrandesEcolesdesTropiques\",\"https:\/\/www.linkedin.com\/company\/iuget-institut-universitaire-des-grandes-ecoles-des-tropiques\/\",\"https:\/\/www.instagram.com\/iuget_cmr\/\",\"https:\/\/www.youtube.com\/@iugetdla7507\"]}]}<\/script>\n<!-- \/ Yoast SEO plugin. -->","yoast_head_json":{"title":"Amazon Web Services Academy - IUGET","robots":{"index":"index","follow":"follow","max-snippet":"max-snippet:-1","max-image-preview":"max-image-preview:large","max-video-preview":"max-video-preview:-1"},"canonical":"https:\/\/iuget.cm\/en\/aws-academy\/","og_locale":"en_US","og_type":"article","og_title":"Amazon Web Services Academy - IUGET","og_description":"Amazon Web Services Academy Bienvenue dans notre acad\u00e9mie AWS Pr\u00e9c\u00e9dent Suivant IUGET rejoint AWS Academy pour fournir aux \u00e9tudiants et aux professionnels des comp\u00e9tences tr\u00e8s demand\u00e9es en CLOUD COMPUTING. Participer au prochain seminaire \u00a0Douala, le 15 Juin 2023 &#8211; L&rsquo;Institut Universitaire des Grandes \u00c9coles des Tropiques (IUGET) a rejoint AWS Academy, un programme de Amazon Web Services (AWS) qui propose aux instituts d&rsquo;enseignement sup\u00e9rieur un cursus de cloud computing pr\u00eat[&hellip;]","og_url":"https:\/\/iuget.cm\/en\/aws-academy\/","og_site_name":"IUGET","article_publisher":"https:\/\/www.facebook.com\/InstitutUniversitairedesGrandesEcolesdesTropiques","article_modified_time":"2023-10-02T15:26:52+00:00","og_image":[{"width":1380,"height":690,"url":"https:\/\/iuget.cm\/wp-content\/uploads\/2023\/09\/IUGET-AWS-FR.jpg","type":"image\/jpeg"}],"twitter_misc":{"Est. reading time":"1 minute"},"schema":{"@context":"https:\/\/schema.org","@graph":[{"@type":"WebPage","@id":"https:\/\/iuget.cm\/aws-academy\/","url":"https:\/\/iuget.cm\/aws-academy\/","name":"Amazon Web Services Academy - IUGET","isPartOf":{"@id":"https:\/\/iuget.cm\/#website"},"primaryImageOfPage":{"@id":"https:\/\/iuget.cm\/aws-academy\/#primaryimage"},"image":{"@id":"https:\/\/iuget.cm\/aws-academy\/#primaryimage"},"thumbnailUrl":"https:\/\/iuget.cm\/wp-content\/uploads\/2023\/09\/IUGET-AWS-FR.jpg","datePublished":"2023-09-21T14:19:09+00:00","dateModified":"2023-10-02T15:26:52+00:00","inLanguage":"en-US","potentialAction":[{"@type":"ReadAction","target":["https:\/\/iuget.cm\/aws-academy\/"]}]},{"@type":"ImageObject","inLanguage":"en-US","@id":"https:\/\/iuget.cm\/aws-academy\/#primaryimage","url":"https:\/\/iuget.cm\/wp-content\/uploads\/2023\/09\/IUGET-AWS-FR.jpg","contentUrl":"https:\/\/iuget.cm\/wp-content\/uploads\/2023\/09\/IUGET-AWS-FR.jpg","width":1380,"height":690},{"@type":"WebSite","@id":"https:\/\/iuget.cm\/#website","url":"https:\/\/iuget.cm\/","name":"IUGET","description":"Institut Universitaire des Grandes Ecoles des Tropiques","publisher":{"@id":"https:\/\/iuget.cm\/#organization"},"potentialAction":[{"@type":"SearchAction","target":{"@type":"EntryPoint","urlTemplate":"https:\/\/iuget.cm\/?s={search_term_string}"},"query-input":"required name=search_term_string"}],"inLanguage":"en-US"},{"@type":"Organization","@id":"https:\/\/iuget.cm\/#organization","name":"Institut Universitaire des Grandes Ecoles des Tropiques","url":"https:\/\/iuget.cm\/","logo":{"@type":"ImageObject","inLanguage":"en-US","@id":"https:\/\/iuget.cm\/#\/schema\/logo\/image\/","url":"https:\/\/iuget.cm\/wp-content\/uploads\/2023\/03\/IUGET-FR-jpeg.png","contentUrl":"https:\/\/iuget.cm\/wp-content\/uploads\/2023\/03\/IUGET-FR-jpeg.png","width":2801,"height":2522,"caption":"Institut Universitaire des Grandes Ecoles des Tropiques"},"image":{"@id":"https:\/\/iuget.cm\/#\/schema\/logo\/image\/"},"sameAs":["https:\/\/www.facebook.com\/InstitutUniversitairedesGrandesEcolesdesTropiques","https:\/\/www.linkedin.com\/company\/iuget-institut-universitaire-des-grandes-ecoles-des-tropiques\/","https:\/\/www.instagram.com\/iuget_cmr\/","https:\/\/www.youtube.com\/@iugetdla7507"]}]}},"_links":{"self":[{"href":"https:\/\/iuget.cm\/en\/wp-json\/wp\/v2\/pages\/2065","targetHints":{"allow":["GET"]}}],"collection":[{"href":"https:\/\/iuget.cm\/en\/wp-json\/wp\/v2\/pages"}],"about":[{"href":"https:\/\/iuget.cm\/en\/wp-json\/wp\/v2\/types\/page"}],"author":[{"embeddable":true,"href":"https:\/\/iuget.cm\/en\/wp-json\/wp\/v2\/users\/1"}],"replies":[{"embeddable":true,"href":"https:\/\/iuget.cm\/en\/wp-json\/wp\/v2\/comments?post=2065"}],"version-history":[{"count":23,"href":"https:\/\/iuget.cm\/en\/wp-json\/wp\/v2\/pages\/2065\/revisions"}],"predecessor-version":[{"id":2100,"href":"https:\/\/iuget.cm\/en\/wp-json\/wp\/v2\/pages\/2065\/revisions\/2100"}],"wp:featuredmedia":[{"embeddable":true,"href":"https:\/\/iuget.cm\/en\/wp-json\/wp\/v2\/media\/2069"}],"wp:attachment":[{"href":"https:\/\/iuget.cm\/en\/wp-json\/wp\/v2\/media?parent=2065"}],"curies":[{"name":"wp","href":"https:\/\/api.w.org\/{rel}","templated":true}]}}