{"id":139,"date":"2023-03-30T07:25:39","date_gmt":"2023-03-30T06:25:39","guid":{"rendered":"http:\/\/digicop.designervily.com\/demo1\/?page_id=12842"},"modified":"2023-09-12T09:05:26","modified_gmt":"2023-09-12T08:05:26","slug":"contacter-iuget","status":"publish","type":"page","link":"https:\/\/iuget.cm\/en\/contacter-iuget\/","title":{"rendered":"Get in touch"},"content":{"rendered":"<div data-elementor-type=\"wp-page\" data-elementor-id=\"139\" class=\"elementor elementor-139\">\n\t\t\t\t\t\t<div class=\"elementor-inner\">\n\t\t\t\t<div class=\"elementor-section-wrap\">\n\t\t\t\t\t\t\t\t\t<section class=\"elementor-section elementor-top-section elementor-element elementor-element-9930bc3 dsvy-bg-color-yes dsvy-elementor-bg-color-white dsvy-col-stretched-none dsvy-bg-color-over-image elementor-section-boxed elementor-section-height-default elementor-section-height-default\" data-id=\"9930bc3\" data-element_type=\"section\">\n\t\t\t\t\t\t<div class=\"elementor-container elementor-column-gap-no\">\n\t\t\t\t\t\t\t<div class=\"elementor-row\">\n\t\t\t\t\t<div class=\"elementor-column elementor-col-100 elementor-top-column elementor-element elementor-element-a4f9b81 dsvy-bg-color-over-image\" data-id=\"a4f9b81\" data-element_type=\"column\">\n\t\t\t<div class=\"elementor-column-wrap elementor-element-populated\">\n\t\t\t\t\t\t\t<div class=\"elementor-widget-wrap\">\n\t\t\t\t\t\t<div class=\"elementor-element elementor-element-dbbbe1c dsvy-align-center elementor-widget elementor-widget-dsvy_heading\" data-id=\"dbbbe1c\" data-element_type=\"widget\" data-widget_type=\"dsvy_heading.default\">\n\t\t\t\t<div class=\"elementor-widget-container\">\n\t\t\t\t<div class=\"dsvy-heading-subheading center-align dsvy-reverse-heading-yes\"><h4 class=\"dsvy-element-subtitle\">\r\n\t\t\t\r\n\t\t\t\tContact us\r\n\t\t\t\r\n\t\t\t<\/h4>\r\n\t\t<h2 class=\"dsvy-element-title\">\r\n\t\t\t\r\n\t\t\t\tCall us or mail us\r\n\t\t\t\r\n\t\t\t<\/h2>\r\n\t\t<div class=\"dsvy-heading-desc\"><strong>Campus 1 :<\/strong> Bonamoussadi- Rond-point Maetur<br>\n<strong>Campus 2 :<\/strong> Bonab\u00e9ri , Rails in front of TRESOR VOYAGE<br>\n<strong>Campus 3 :<\/strong> Bonab\u00e9ri, place called Quatre \u00e9tage<br>\n<strong>P.O BOX <\/strong>25080, Douala Cameroon<\/div><\/div>\t\t<\/div>\n\t\t\t\t<\/div>\n\t\t\t\t<section class=\"elementor-section elementor-inner-section elementor-element elementor-element-45e0928 dsvy-col-stretched-none dsvy-bg-color-over-image elementor-section-boxed elementor-section-height-default elementor-section-height-default\" data-id=\"45e0928\" data-element_type=\"section\">\n\t\t\t\t\t\t<div class=\"elementor-container elementor-column-gap-no\">\n\t\t\t\t\t\t\t<div class=\"elementor-row\">\n\t\t\t\t\t<div class=\"elementor-column elementor-col-33 elementor-inner-column elementor-element elementor-element-af7d5fe dsvy-bg-color-over-image\" data-id=\"af7d5fe\" data-element_type=\"column\">\n\t\t\t<div class=\"elementor-column-wrap elementor-element-populated\">\n\t\t\t\t\t\t\t<div class=\"elementor-widget-wrap\">\n\t\t\t\t\t\t<div class=\"elementor-element elementor-element-28af8da elementor-widget elementor-widget-dsvy_icon_heading\" data-id=\"28af8da\" data-element_type=\"widget\" data-widget_type=\"dsvy_icon_heading.default\">\n\t\t\t\t<div class=\"elementor-widget-container\">\n\t\t\t<div class=\"dsvy-ihbox dsvy-ihbox-style-7\">\r\n<div class=\"d-flex dsvy-ihbox-box\">\r\n\t<div class=\"dsvy-ihbox-icon\"><div class=\"dsvy-ihbox-icon-wrapper\"><i class=\"dsvy-lyfpro-icon dsvy-lyfpro-icon-pin\"><\/i><\/div><\/div>\t\r\n\t<div class=\"dsvy-ihbox-contents\">\t\r\n\t\t<h2 class=\"dsvy-element-title\">\r\n\t\t\t\t\t\r\n\t\t\t\t\t\tLocation\n\r\n\t\t\t\t\t\r\n\t\t\t\t\t<\/h2>\r\n\t\t\t\t\t\r\n\t\t\t\t<div class=\"dsvy-heading-desc\">Douala, Bonamoussadi <br \/>Rond-point MAETUR <\/div>\t\t\t<\/div><!-- .dsvy-ihbox-contents -->\r\n<\/div><\/div>\t\t<\/div>\n\t\t\t\t<\/div>\n\t\t\t\t\t\t<\/div>\n\t\t\t\t\t<\/div>\n\t\t<\/div>\n\t\t\t\t<div class=\"elementor-column elementor-col-33 elementor-inner-column elementor-element elementor-element-1af8f50 dsvy-bg-color-over-image\" data-id=\"1af8f50\" data-element_type=\"column\">\n\t\t\t<div class=\"elementor-column-wrap elementor-element-populated\">\n\t\t\t\t\t\t\t<div class=\"elementor-widget-wrap\">\n\t\t\t\t\t\t<div class=\"elementor-element elementor-element-cc70f8e elementor-widget elementor-widget-dsvy_icon_heading\" data-id=\"cc70f8e\" data-element_type=\"widget\" data-widget_type=\"dsvy_icon_heading.default\">\n\t\t\t\t<div class=\"elementor-widget-container\">\n\t\t\t<div class=\"dsvy-ihbox dsvy-ihbox-style-7\">\r\n<div class=\"d-flex dsvy-ihbox-box\">\r\n\t<div class=\"dsvy-ihbox-icon\"><div class=\"dsvy-ihbox-icon-wrapper\"><i class=\"dsvy-lyfpro-icon dsvy-lyfpro-icon-call\"><\/i><\/div><\/div>\t\r\n\t<div class=\"dsvy-ihbox-contents\">\t\r\n\t\t<h2 class=\"dsvy-element-title\">\r\n\t\t\t\t\t\r\n\t\t\t\t\t\tPhone\r\n\t\t\t\t\t\r\n\t\t\t\t\t<\/h2>\r\n\t\t\t\t\t\r\n\t\t\t\t<div class=\"dsvy-heading-desc\">+237 6 51 26 26 26<br \/>\n+237 6 93 68 28 58 <br \/>\n+237 654 10 10 80<\/div>\t\t\t<\/div><!-- .dsvy-ihbox-contents -->\r\n<\/div><\/div>\t\t<\/div>\n\t\t\t\t<\/div>\n\t\t\t\t\t\t<\/div>\n\t\t\t\t\t<\/div>\n\t\t<\/div>\n\t\t\t\t<div class=\"elementor-column elementor-col-33 elementor-inner-column elementor-element elementor-element-9ff1c48 dsvy-bg-color-over-image\" data-id=\"9ff1c48\" data-element_type=\"column\">\n\t\t\t<div class=\"elementor-column-wrap elementor-element-populated\">\n\t\t\t\t\t\t\t<div class=\"elementor-widget-wrap\">\n\t\t\t\t\t\t<div class=\"elementor-element elementor-element-16d04f7 elementor-widget elementor-widget-dsvy_icon_heading\" data-id=\"16d04f7\" data-element_type=\"widget\" data-widget_type=\"dsvy_icon_heading.default\">\n\t\t\t\t<div class=\"elementor-widget-container\">\n\t\t\t<div class=\"dsvy-ihbox dsvy-ihbox-style-7\">\r\n<div class=\"d-flex dsvy-ihbox-box\">\r\n\t<div class=\"dsvy-ihbox-icon\"><div class=\"dsvy-ihbox-icon-wrapper\"><i class=\"dsvy-lyfpro-icon dsvy-lyfpro-icon-email-1\"><\/i><\/div><\/div>\t\r\n\t<div class=\"dsvy-ihbox-contents\">\t\r\n\t\t<h2 class=\"dsvy-element-title\">\r\n\t\t\t\t\t\r\n\t\t\t\t\t\tEmail\r\n\t\t\t\t\t\r\n\t\t\t\t\t<\/h2>\r\n\t\t\t\t\t\r\n\t\t\t\t<div class=\"dsvy-heading-desc\">info@iuget.org<\/div>\t\t\t<\/div><!-- .dsvy-ihbox-contents -->\r\n<\/div><\/div>\t\t<\/div>\n\t\t\t\t<\/div>\n\t\t\t\t\t\t<\/div>\n\t\t\t\t\t<\/div>\n\t\t<\/div>\n\t\t\t\t\t\t\t\t<\/div>\n\t\t\t\t\t<\/div>\n\t\t<\/section>\n\t\t\t\t\t\t<\/div>\n\t\t\t\t\t<\/div>\n\t\t<\/div>\n\t\t\t\t\t\t\t\t<\/div>\n\t\t\t\t\t<\/div>\n\t\t<\/section>\n\t\t\t\t<section class=\"elementor-section elementor-top-section elementor-element elementor-element-e1b7b07 dsvy-bg-color-yes dsvy-elementor-bg-color-blackish dsvy-bg-image-over-color elementor-section-stretched dsvy-col-stretched-none elementor-section-boxed elementor-section-height-default elementor-section-height-default\" data-id=\"e1b7b07\" data-element_type=\"section\" data-settings=\"{&quot;stretch_section&quot;:&quot;section-stretched&quot;,&quot;background_background&quot;:&quot;classic&quot;}\">\n\t\t\t\t\t\t<div class=\"elementor-container elementor-column-gap-default\">\n\t\t\t\t\t\t\t<div class=\"elementor-row\">\n\t\t\t\t\t<div class=\"elementor-column elementor-col-50 elementor-top-column elementor-element elementor-element-67e9278 dsvy-bg-color-over-image\" data-id=\"67e9278\" data-element_type=\"column\">\n\t\t\t<div class=\"elementor-column-wrap\">\n\t\t\t\t\t\t\t<div class=\"elementor-widget-wrap\">\n\t\t\t\t\t\t\t\t<\/div>\n\t\t\t\t\t<\/div>\n\t\t<\/div>\n\t\t\t\t<div class=\"elementor-column elementor-col-50 elementor-top-column elementor-element elementor-element-088d6c4 dsvy-bg-color-yes dsvy-elementor-bg-color-blackish dsvy-text-color-white dsvy-bg-image-over-color\" data-id=\"088d6c4\" data-element_type=\"column\" data-settings=\"{&quot;background_background&quot;:&quot;classic&quot;}\">\n\t\t\t<div class=\"elementor-column-wrap elementor-element-populated\">\n\t\t\t\t\t<div class=\"elementor-background-overlay\"><\/div>\n\t\t\t\t\t\t\t<div class=\"elementor-widget-wrap\">\n\t\t\t\t\t\t<div class=\"elementor-element elementor-element-931848d dsvy-align-left elementor-widget elementor-widget-dsvy_heading\" data-id=\"931848d\" data-element_type=\"widget\" data-widget_type=\"dsvy_heading.default\">\n\t\t\t\t<div class=\"elementor-widget-container\">\n\t\t\t\t<div class=\"dsvy-heading-subheading left-align dsvy-reverse-heading-yes\"><h4 class=\"dsvy-element-subtitle\">\r\n\t\t\t\r\n\t\t\t\tGet in touch\r\n\t\t\t\r\n\t\t\t<\/h4>\r\n\t\t<h2 class=\"dsvy-element-title\">\r\n\t\t\t\r\n\t\t\t\tPlease fill the form\n\r\n\t\t\t\r\n\t\t\t<\/h2>\r\n\t\t<\/div>\t\t<\/div>\n\t\t\t\t<\/div>\n\t\t\t\t<div class=\"elementor-element elementor-element-ac399fc elementor-widget elementor-widget-shortcode\" data-id=\"ac399fc\" data-element_type=\"widget\" data-widget_type=\"shortcode.default\">\n\t\t\t\t<div class=\"elementor-widget-container\">\n\t\t\t\t\t<div class=\"elementor-shortcode\">\n<div class=\"wpcf7 no-js\" id=\"wpcf7-f121-o1\" lang=\"en-US\" dir=\"ltr\">\n<div class=\"screen-reader-response\"><p role=\"status\" aria-live=\"polite\" aria-atomic=\"true\"><\/p> <ul><\/ul><\/div>\n<form action=\"\/en\/wp-json\/wp\/v2\/pages\/139#wpcf7-f121-o1\" method=\"post\" class=\"wpcf7-form init cf7mls-no-scroll cf7mls-no-moving-animation\" aria-label=\"Contact form\" novalidate=\"novalidate\" data-status=\"init\" data-trp-original-action=\"\/en\/wp-json\/wp\/v2\/pages\/139#wpcf7-f121-o1\">\n<div style=\"display: none;\">\n<input type=\"hidden\" name=\"_wpcf7\" value=\"121\" \/>\n<input type=\"hidden\" name=\"_wpcf7_version\" value=\"5.7.5.1\" \/>\n<input type=\"hidden\" name=\"_wpcf7_locale\" value=\"en_US\" \/>\n<input type=\"hidden\" name=\"_wpcf7_unit_tag\" value=\"wpcf7-f121-o1\" \/>\n<input type=\"hidden\" name=\"_wpcf7_container_post\" value=\"0\" \/>\n<input type=\"hidden\" name=\"_wpcf7_posted_data_hash\" value=\"\" \/>\n<\/div>\n<div class=\"main-form dsvy-form-style-1\">\n\t<div class=\"row\">\n\t\t<div class=\"col-md-6\">\n\t\t\t<div class=\"input-group\">\n\t\t\t\t<p><span class=\"wpcf7-form-control-wrap\" data-name=\"your-name\"><input size=\"40\" class=\"wpcf7-form-control wpcf7-text wpcf7-validates-as-required\" aria-required=\"true\" aria-invalid=\"false\" placeholder=\"Last name *\" value=\"\" type=\"text\" name=\"your-name\" \/><\/span>\n\t\t\t\t<\/p>\n\t\t\t<\/div>\n\t\t<\/div>\n\t\t<div class=\"col-md-6\">\n\t\t\t<div class=\"input-group\">\n\t\t\t\t<p><span class=\"wpcf7-form-control-wrap\" data-name=\"your-email\"><input size=\"40\" class=\"wpcf7-form-control wpcf7-text wpcf7-email wpcf7-validates-as-required wpcf7-validates-as-email\" aria-required=\"true\" aria-invalid=\"false\" placeholder=\"Email *\" value=\"\" type=\"email\" name=\"your-email\" \/><\/span>\n\t\t\t\t<\/p>\n\t\t\t<\/div>\n\t\t<\/div>\n\t\t<div class=\"col-md-6\">\n\t\t\t<div class=\"input-group\">\n\t\t\t\t<p><span class=\"wpcf7-form-control-wrap\" data-name=\"phone\"><input size=\"40\" class=\"wpcf7-form-control wpcf7-text\" aria-invalid=\"false\" placeholder=\"Phone\" value=\"\" type=\"text\" name=\"phone\" \/><\/span>\n\t\t\t\t<\/p>\n\t\t\t<\/div>\n\t\t<\/div>\n\t\t<div class=\"col-md-6\">\n\t\t\t<div class=\"input-group\">\n\t\t\t\t<p><span class=\"wpcf7-form-control-wrap\" data-name=\"sujet\"><input size=\"40\" class=\"wpcf7-form-control wpcf7-text wpcf7-validates-as-required\" aria-required=\"true\" aria-invalid=\"false\" placeholder=\"Sujet *\" value=\"\" type=\"text\" name=\"sujet\" \/><\/span>\n\t\t\t\t<\/p>\n\t\t\t<\/div>\n\t\t<\/div>\n\t\t<div class=\"col-md-12\">\n\t\t\t<div class=\"input-group input-button\">\n\t\t\t\t<p><span class=\"wpcf7-form-control-wrap\" data-name=\"message\"><textarea cols=\"40\" rows=\"4\" class=\"wpcf7-form-control wpcf7-textarea wpcf7-validates-as-required\" aria-required=\"true\" aria-invalid=\"false\" placeholder=\"Votre message\" name=\"message\"><\/textarea><\/span>\n\t\t\t\t<\/p>\n\t\t\t<\/div>\n\t\t<\/div>\n\t\t<div class=\"col-md-8 col-sm-12\">\n\t\t\t<div class=\"input-group input-button\">\n\t\t\t\t<p><button id='submit' class='wpcf7-form-control wpcf7-submit'>Send<\/button>\n\t\t\t\t<\/p>\n\t\t\t<\/div>\n\t\t<\/div>\n\t<\/div>\n<\/div><p style=\"display: none !important;\" class=\"akismet-fields-container\" data-prefix=\"_wpcf7_ak_\"><label>&#916;<textarea name=\"_wpcf7_ak_hp_textarea\" cols=\"45\" rows=\"8\" maxlength=\"100\"><\/textarea><\/label><input type=\"hidden\" id=\"ak_js_1\" name=\"_wpcf7_ak_js\" value=\"13\"\/><script>document.getElementById( \"ak_js_1\" ).setAttribute( \"value\", ( new Date() ).getTime() );<\/script><\/p><div class=\"wpcf7-response-output\" aria-hidden=\"true\"><\/div>\n<input type=\"hidden\" name=\"trp-form-language\" value=\"en\"\/><\/form>\n<\/div>\n<\/div>\n\t\t\t\t<\/div>\n\t\t\t\t<\/div>\n\t\t\t\t\t\t<\/div>\n\t\t\t\t\t<\/div>\n\t\t<\/div>\n\t\t\t\t\t\t\t\t<\/div>\n\t\t\t\t\t<\/div>\n\t\t<\/section>\n\t\t\t\t<section class=\"elementor-section elementor-top-section elementor-element elementor-element-ed521e1 elementor-section-stretched dsvy-bg-color-yes dsvy-elementor-bg-color-light elementor-section-full_width dsvy-col-stretched-none dsvy-bg-color-over-image elementor-section-height-default elementor-section-height-default\" data-id=\"ed521e1\" data-element_type=\"section\" data-settings=\"{&quot;stretch_section&quot;:&quot;section-stretched&quot;}\">\n\t\t\t\t\t\t<div class=\"elementor-container elementor-column-gap-default\">\n\t\t\t\t\t\t\t<div class=\"elementor-row\">\n\t\t\t\t\t<div class=\"elementor-column elementor-col-100 elementor-top-column elementor-element elementor-element-0d73d74 dsvy-bg-color-over-image\" data-id=\"0d73d74\" data-element_type=\"column\">\n\t\t\t<div class=\"elementor-column-wrap elementor-element-populated\">\n\t\t\t\t\t\t\t<div class=\"elementor-widget-wrap\">\n\t\t\t\t\t\t<div class=\"elementor-element elementor-element-783fc33 elementor-widget elementor-widget-google_maps\" data-id=\"783fc33\" data-element_type=\"widget\" data-widget_type=\"google_maps.default\">\n\t\t\t\t<div class=\"elementor-widget-container\">\n\t\t\t\t\t<div class=\"elementor-custom-embed\">\n\t\t\t<iframe loading=\"lazy\"\n\t\t\t\t\tsrc=\"https:\/\/maps.google.com\/maps?q=uiget%20bonamoussadi&#038;t=m&#038;z=15&#038;output=embed&#038;iwloc=near\"\n\t\t\t\t\ttitle=\"uiget bonamoussadi\"\n\t\t\t\t\taria-label=\"uiget bonamoussadi\"\n\t\t\t><\/iframe>\n\t\t<\/div>\n\t\t\t\t<\/div>\n\t\t\t\t<\/div>\n\t\t\t\t\t\t<\/div>\n\t\t\t\t\t<\/div>\n\t\t<\/div>\n\t\t\t\t\t\t\t\t<\/div>\n\t\t\t\t\t<\/div>\n\t\t<\/section>\n\t\t\t\t\t\t\t\t\t<\/div>\n\t\t\t<\/div>\n\t\t\t\t\t<\/div>","protected":false},"excerpt":{"rendered":"<p>Contact Appelez-nous ou \u00e9crivez-nous Campus 1 : Bonamoussadi- Rond-point Maetur Campus 2 : Bonab\u00e9ri , Rails face TRESOR VOYAGE Campus 3 : Bonab\u00e9ri, lieu dit Quatre \u00e9tage B.P: 25080, Douala Cameroun Localisation Douala, Bonamoussadi Rond-point MAETUR T\u00e9l\u00e9phone +237 6 51 26 26 26 +237 6 93 68 28 58 +237 654 10 10 80 Email info@iuget.org Contactez-nous Veuillez remplir le formulaire<\/p>","protected":false},"author":1,"featured_media":234,"parent":0,"menu_order":15,"comment_status":"closed","ping_status":"closed","template":"","meta":{"_acf_changed":false,"footnotes":""},"class_list":["post-139","page","type-page","status-publish","has-post-thumbnail","hentry"],"acf":[],"yoast_head":"<!-- This site is optimized with the Yoast SEO plugin v23.0 - https:\/\/yoast.com\/wordpress\/plugins\/seo\/ -->\n<title>Contactez l&#039;IUGET - IUGET<\/title>\n<meta name=\"description\" content=\"Campus 1 : Bonamoussadi - Rond-point Maetur. Campus 2 : Bonab\u00e9ri , Rails face TRESOR VOYAGE. Campus 3 : Bonab\u00e9ri, lieu dit Quatre \u00e9tage\" \/>\n<meta name=\"robots\" content=\"index, follow, max-snippet:-1, max-image-preview:large, max-video-preview:-1\" \/>\n<link rel=\"canonical\" href=\"https:\/\/iuget.cm\/en\/contacter-iuget\/\" \/>\n<meta property=\"og:locale\" content=\"en_US\" \/>\n<meta property=\"og:type\" content=\"article\" \/>\n<meta property=\"og:title\" content=\"Contactez l&#039;IUGET - IUGET\" \/>\n<meta property=\"og:description\" content=\"Campus 1 : Bonamoussadi - Rond-point Maetur. Campus 2 : Bonab\u00e9ri , Rails face TRESOR VOYAGE. Campus 3 : Bonab\u00e9ri, lieu dit Quatre \u00e9tage\" \/>\n<meta property=\"og:url\" content=\"https:\/\/iuget.cm\/en\/contacter-iuget\/\" \/>\n<meta property=\"og:site_name\" content=\"IUGET\" \/>\n<meta property=\"article:publisher\" content=\"https:\/\/www.facebook.com\/InstitutUniversitairedesGrandesEcolesdesTropiques\" \/>\n<meta property=\"article:modified_time\" content=\"2023-09-12T08:05:26+00:00\" \/>\n<meta property=\"og:image\" content=\"https:\/\/iuget.cm\/wp-content\/uploads\/2023\/03\/IUGET-FR-jpeg.png\" \/>\n\t<meta property=\"og:image:width\" content=\"2801\" \/>\n\t<meta property=\"og:image:height\" content=\"2522\" \/>\n\t<meta property=\"og:image:type\" content=\"image\/png\" \/>\n<meta name=\"twitter:label1\" content=\"Est. reading time\" \/>\n\t<meta name=\"twitter:data1\" content=\"1 minute\" \/>\n<script type=\"application\/ld+json\" class=\"yoast-schema-graph\">{\"@context\":\"https:\/\/schema.org\",\"@graph\":[{\"@type\":\"WebPage\",\"@id\":\"https:\/\/iuget.cm\/contacter-iuget\/\",\"url\":\"https:\/\/iuget.cm\/contacter-iuget\/\",\"name\":\"Contactez l'IUGET - IUGET\",\"isPartOf\":{\"@id\":\"https:\/\/iuget.cm\/#website\"},\"primaryImageOfPage\":{\"@id\":\"https:\/\/iuget.cm\/contacter-iuget\/#primaryimage\"},\"image\":{\"@id\":\"https:\/\/iuget.cm\/contacter-iuget\/#primaryimage\"},\"thumbnailUrl\":\"https:\/\/iuget.cm\/wp-content\/uploads\/2023\/03\/IUGET-FR-jpeg.png\",\"datePublished\":\"2023-03-30T06:25:39+00:00\",\"dateModified\":\"2023-09-12T08:05:26+00:00\",\"description\":\"Campus 1 : Bonamoussadi - Rond-point Maetur. Campus 2 : Bonab\u00e9ri , Rails face TRESOR VOYAGE. Campus 3 : Bonab\u00e9ri, lieu dit Quatre \u00e9tage\",\"inLanguage\":\"en-US\",\"potentialAction\":[{\"@type\":\"ReadAction\",\"target\":[\"https:\/\/iuget.cm\/contacter-iuget\/\"]}]},{\"@type\":\"ImageObject\",\"inLanguage\":\"en-US\",\"@id\":\"https:\/\/iuget.cm\/contacter-iuget\/#primaryimage\",\"url\":\"https:\/\/iuget.cm\/wp-content\/uploads\/2023\/03\/IUGET-FR-jpeg.png\",\"contentUrl\":\"https:\/\/iuget.cm\/wp-content\/uploads\/2023\/03\/IUGET-FR-jpeg.png\",\"width\":2801,\"height\":2522},{\"@type\":\"WebSite\",\"@id\":\"https:\/\/iuget.cm\/#website\",\"url\":\"https:\/\/iuget.cm\/\",\"name\":\"IUGET\",\"description\":\"Institut Universitaire des Grandes Ecoles des Tropiques\",\"publisher\":{\"@id\":\"https:\/\/iuget.cm\/#organization\"},\"potentialAction\":[{\"@type\":\"SearchAction\",\"target\":{\"@type\":\"EntryPoint\",\"urlTemplate\":\"https:\/\/iuget.cm\/?s={search_term_string}\"},\"query-input\":\"required name=search_term_string\"}],\"inLanguage\":\"en-US\"},{\"@type\":\"Organization\",\"@id\":\"https:\/\/iuget.cm\/#organization\",\"name\":\"Institut Universitaire des Grandes Ecoles des Tropiques\",\"url\":\"https:\/\/iuget.cm\/\",\"logo\":{\"@type\":\"ImageObject\",\"inLanguage\":\"en-US\",\"@id\":\"https:\/\/iuget.cm\/#\/schema\/logo\/image\/\",\"url\":\"https:\/\/iuget.cm\/wp-content\/uploads\/2023\/03\/IUGET-FR-jpeg.png\",\"contentUrl\":\"https:\/\/iuget.cm\/wp-content\/uploads\/2023\/03\/IUGET-FR-jpeg.png\",\"width\":2801,\"height\":2522,\"caption\":\"Institut Universitaire des Grandes Ecoles des Tropiques\"},\"image\":{\"@id\":\"https:\/\/iuget.cm\/#\/schema\/logo\/image\/\"},\"sameAs\":[\"https:\/\/www.facebook.com\/InstitutUniversitairedesGrandesEcolesdesTropiques\",\"https:\/\/www.linkedin.com\/company\/iuget-institut-universitaire-des-grandes-ecoles-des-tropiques\/\",\"https:\/\/www.instagram.com\/iuget_cmr\/\",\"https:\/\/www.youtube.com\/@iugetdla7507\"]}]}<\/script>\n<!-- \/ Yoast SEO plugin. -->","yoast_head_json":{"title":"Contactez l'IUGET - IUGET","description":"Campus 1 : Bonamoussadi - Rond-point Maetur. Campus 2 : Bonab\u00e9ri , Rails face TRESOR VOYAGE. Campus 3 : Bonab\u00e9ri, lieu dit Quatre \u00e9tage","robots":{"index":"index","follow":"follow","max-snippet":"max-snippet:-1","max-image-preview":"max-image-preview:large","max-video-preview":"max-video-preview:-1"},"canonical":"https:\/\/iuget.cm\/en\/contacter-iuget\/","og_locale":"en_US","og_type":"article","og_title":"Contactez l'IUGET - IUGET","og_description":"Campus 1 : Bonamoussadi - Rond-point Maetur. Campus 2 : Bonab\u00e9ri , Rails face TRESOR VOYAGE. Campus 3 : Bonab\u00e9ri, lieu dit Quatre \u00e9tage","og_url":"https:\/\/iuget.cm\/en\/contacter-iuget\/","og_site_name":"IUGET","article_publisher":"https:\/\/www.facebook.com\/InstitutUniversitairedesGrandesEcolesdesTropiques","article_modified_time":"2023-09-12T08:05:26+00:00","og_image":[{"width":2801,"height":2522,"url":"https:\/\/iuget.cm\/wp-content\/uploads\/2023\/03\/IUGET-FR-jpeg.png","type":"image\/png"}],"twitter_misc":{"Est. reading time":"1 minute"},"schema":{"@context":"https:\/\/schema.org","@graph":[{"@type":"WebPage","@id":"https:\/\/iuget.cm\/contacter-iuget\/","url":"https:\/\/iuget.cm\/contacter-iuget\/","name":"Contactez l'IUGET - IUGET","isPartOf":{"@id":"https:\/\/iuget.cm\/#website"},"primaryImageOfPage":{"@id":"https:\/\/iuget.cm\/contacter-iuget\/#primaryimage"},"image":{"@id":"https:\/\/iuget.cm\/contacter-iuget\/#primaryimage"},"thumbnailUrl":"https:\/\/iuget.cm\/wp-content\/uploads\/2023\/03\/IUGET-FR-jpeg.png","datePublished":"2023-03-30T06:25:39+00:00","dateModified":"2023-09-12T08:05:26+00:00","description":"Campus 1 : Bonamoussadi - Rond-point Maetur. Campus 2 : Bonab\u00e9ri , Rails face TRESOR VOYAGE. Campus 3 : Bonab\u00e9ri, lieu dit Quatre \u00e9tage","inLanguage":"en-US","potentialAction":[{"@type":"ReadAction","target":["https:\/\/iuget.cm\/contacter-iuget\/"]}]},{"@type":"ImageObject","inLanguage":"en-US","@id":"https:\/\/iuget.cm\/contacter-iuget\/#primaryimage","url":"https:\/\/iuget.cm\/wp-content\/uploads\/2023\/03\/IUGET-FR-jpeg.png","contentUrl":"https:\/\/iuget.cm\/wp-content\/uploads\/2023\/03\/IUGET-FR-jpeg.png","width":2801,"height":2522},{"@type":"WebSite","@id":"https:\/\/iuget.cm\/#website","url":"https:\/\/iuget.cm\/","name":"IUGET","description":"Institut Universitaire des Grandes Ecoles des Tropiques","publisher":{"@id":"https:\/\/iuget.cm\/#organization"},"potentialAction":[{"@type":"SearchAction","target":{"@type":"EntryPoint","urlTemplate":"https:\/\/iuget.cm\/?s={search_term_string}"},"query-input":"required name=search_term_string"}],"inLanguage":"en-US"},{"@type":"Organization","@id":"https:\/\/iuget.cm\/#organization","name":"Institut Universitaire des Grandes Ecoles des Tropiques","url":"https:\/\/iuget.cm\/","logo":{"@type":"ImageObject","inLanguage":"en-US","@id":"https:\/\/iuget.cm\/#\/schema\/logo\/image\/","url":"https:\/\/iuget.cm\/wp-content\/uploads\/2023\/03\/IUGET-FR-jpeg.png","contentUrl":"https:\/\/iuget.cm\/wp-content\/uploads\/2023\/03\/IUGET-FR-jpeg.png","width":2801,"height":2522,"caption":"Institut Universitaire des Grandes Ecoles des Tropiques"},"image":{"@id":"https:\/\/iuget.cm\/#\/schema\/logo\/image\/"},"sameAs":["https:\/\/www.facebook.com\/InstitutUniversitairedesGrandesEcolesdesTropiques","https:\/\/www.linkedin.com\/company\/iuget-institut-universitaire-des-grandes-ecoles-des-tropiques\/","https:\/\/www.instagram.com\/iuget_cmr\/","https:\/\/www.youtube.com\/@iugetdla7507"]}]}},"_links":{"self":[{"href":"https:\/\/iuget.cm\/en\/wp-json\/wp\/v2\/pages\/139","targetHints":{"allow":["GET"]}}],"collection":[{"href":"https:\/\/iuget.cm\/en\/wp-json\/wp\/v2\/pages"}],"about":[{"href":"https:\/\/iuget.cm\/en\/wp-json\/wp\/v2\/types\/page"}],"author":[{"embeddable":true,"href":"https:\/\/iuget.cm\/en\/wp-json\/wp\/v2\/users\/1"}],"replies":[{"embeddable":true,"href":"https:\/\/iuget.cm\/en\/wp-json\/wp\/v2\/comments?post=139"}],"version-history":[{"count":44,"href":"https:\/\/iuget.cm\/en\/wp-json\/wp\/v2\/pages\/139\/revisions"}],"predecessor-version":[{"id":2061,"href":"https:\/\/iuget.cm\/en\/wp-json\/wp\/v2\/pages\/139\/revisions\/2061"}],"wp:featuredmedia":[{"embeddable":true,"href":"https:\/\/iuget.cm\/en\/wp-json\/wp\/v2\/media\/234"}],"wp:attachment":[{"href":"https:\/\/iuget.cm\/en\/wp-json\/wp\/v2\/media?parent=139"}],"curies":[{"name":"wp","href":"https:\/\/api.w.org\/{rel}","templated":true}]}}