{"id":1330,"date":"2023-07-22T10:53:42","date_gmt":"2023-07-22T09:53:42","guid":{"rendered":"https:\/\/iuget.cm\/?page_id=1330"},"modified":"2024-08-29T14:43:34","modified_gmt":"2024-08-29T13:43:34","slug":"assurance","status":"publish","type":"page","link":"https:\/\/iuget.cm\/en\/formations\/bts-commercial\/assurance\/","title":{"rendered":"ASSURANCE"},"content":{"rendered":"<div data-elementor-type=\"wp-page\" data-elementor-id=\"1330\" class=\"elementor elementor-1330\">\n\t\t\t\t\t\t<div class=\"elementor-inner\">\n\t\t\t\t<div class=\"elementor-section-wrap\">\n\t\t\t\t\t\t\t\t\t<section class=\"elementor-section elementor-top-section elementor-element elementor-element-6efcb1f dsvy-col-stretched-none dsvy-bg-color-over-image elementor-section-boxed elementor-section-height-default elementor-section-height-default\" data-id=\"6efcb1f\" data-element_type=\"section\">\n\t\t\t\t\t\t<div class=\"elementor-container elementor-column-gap-default\">\n\t\t\t\t\t\t\t<div class=\"elementor-row\">\n\t\t\t\t\t<div class=\"elementor-column elementor-col-100 elementor-top-column elementor-element elementor-element-d458dd9 dsvy-bg-color-over-image\" data-id=\"d458dd9\" data-element_type=\"column\">\n\t\t\t<div class=\"elementor-column-wrap elementor-element-populated\">\n\t\t\t\t\t\t\t<div class=\"elementor-widget-wrap\">\n\t\t\t\t\t\t<div class=\"elementor-element elementor-element-41f3904 dsvy-align-left elementor-widget elementor-widget-dsvy_heading\" data-id=\"41f3904\" data-element_type=\"widget\" data-widget_type=\"dsvy_heading.default\">\n\t\t\t\t<div class=\"elementor-widget-container\">\n\t\t\t\t<div class=\"dsvy-heading-subheading left-align\"><h2 class=\"dsvy-element-title\">\r\n\t\t\t\r\n\t\t\t\tDomaine : Commerce, Gestion, Droit\r\n\t\t\t\r\n\t\t\t<\/h2>\r\n\t\t<h4 class=\"dsvy-element-subtitle\">\r\n\t\t\t\r\n\t\t\t\tFili\u00e8re : Gestion\r\n\t\t\t\r\n\t\t\t<\/h4>\r\n\t\t<div class=\"dsvy-heading-desc\">Sp\u00e9cialit\u00e9 : Assurance<\/div><\/div>\t\t<\/div>\n\t\t\t\t<\/div>\n\t\t\t\t\t\t<\/div>\n\t\t\t\t\t<\/div>\n\t\t<\/div>\n\t\t\t\t\t\t\t\t<\/div>\n\t\t\t\t\t<\/div>\n\t\t<\/section>\n\t\t\t\t<section class=\"elementor-section elementor-top-section elementor-element elementor-element-bfa86d6 dsvy-col-stretched-none dsvy-bg-color-over-image elementor-section-boxed elementor-section-height-default elementor-section-height-default\" data-id=\"bfa86d6\" data-element_type=\"section\">\n\t\t\t\t\t\t<div class=\"elementor-container elementor-column-gap-default\">\n\t\t\t\t\t\t\t<div class=\"elementor-row\">\n\t\t\t\t\t<div class=\"elementor-column elementor-col-100 elementor-top-column elementor-element elementor-element-b9b0e98 dsvy-bg-color-over-image\" data-id=\"b9b0e98\" data-element_type=\"column\">\n\t\t\t<div class=\"elementor-column-wrap elementor-element-populated\">\n\t\t\t\t\t\t\t<div class=\"elementor-widget-wrap\">\n\t\t\t\t\t\t<div class=\"elementor-element elementor-element-1c3faba elementor-widget elementor-widget-dsvy_timeline_element\" data-id=\"1c3faba\" data-element_type=\"widget\" data-widget_type=\"dsvy_timeline_element.default\">\n\t\t\t\t<div class=\"elementor-widget-container\">\n\t\t\t\r\n\t\t<div class=\"dsvy-timeline\">\r\n\r\n\t\t\t<div class=\"dsvy-ele-header-area\">\r\n\t\t\t\t\t<div class=\"dsvy-heading-subheading left-align\"><\/div>\t\t\t<\/div>\r\n\r\n\t\t\t\r\n\t\t\t\t\t<div class=\"dsvy-timeline-inner\">\r\n\t\t\t\t\t\t<div class=\"col-sm-12 dsvy-ourhistory dsvy-ourhistory-type2\">\r\n\t\t\t\t\t\t\t<div class=\"row dsvy-ourhistory-row\">\r\n\r\n\t\t\t\t\t\t\t\t<div class=\"col-md-2 dsvy-ourhistory-left\">\r\n\t\t\t\t\t\t\t\t\t<span class=\"label\">01<\/span>\r\n\t\t\t\t\t\t\t\t<\/div>\r\n\t\t\t\t\t\t\t\t<div class=\"col-md-10 col-sm-10 col-xs-10 dsvy-ourhistory-right\">\r\n\t\t\t\t\t\t\t\t\t<span class=\"dsvy-timeline-image\"><\/span>\r\n\t\t\t\t\t\t\t\t\t<span class=\"label\">01<\/span>\r\n\t\t\t\t\t\t\t\t\t<div class=\"content\">\r\n\t\t\t\t\t\t\t\t\t\t<h4>OBJECTIF DE LA FORMATION<\/h4>\r\n\t\t\t\t\t\t\t\t\t\t<div class=\"simple-text\">\r\n\t\t\t\t\t\t\t\t\t\t\t<p>Cette sp\u00e9cialit\u00e9 conduit \u00e0 la formation des professionnels appel\u00e9s \u00e0 exercer des\nactivit\u00e9s \u00e0 caract\u00e8re commercial, technique et de gestion dans le domaine de la\nsouscription ou du r\u00e8glement des sinistres dans des soci\u00e9t\u00e9s d\u2019assurance ou de la\nprotection sociale en int\u00e9grant la relation client.<\/p>\r\n\t\t\t\t\t\t\t\t\t\t<\/div>\r\n\r\n\t\t\t\t\t\t\t\t\t\t\r\n\t\t\t\t\t\t\t\t\t<\/div>\r\n\t\t\t\t\t\t\t\t<\/div>\r\n\t\t\t\t\t\t\t<\/div> \r\n\t\t\t\t\t\t<\/div>\r\n\t\t\t\t\t<\/div>\r\n\r\n\t\t\t\t\r\n\t\t\t\t\t<div class=\"dsvy-timeline-inner\">\r\n\t\t\t\t\t\t<div class=\"col-sm-12 dsvy-ourhistory dsvy-ourhistory-type2\">\r\n\t\t\t\t\t\t\t<div class=\"row dsvy-ourhistory-row\">\r\n\r\n\t\t\t\t\t\t\t\t<div class=\"col-md-2 dsvy-ourhistory-left\">\r\n\t\t\t\t\t\t\t\t\t<span class=\"label\">02<\/span>\r\n\t\t\t\t\t\t\t\t<\/div>\r\n\t\t\t\t\t\t\t\t<div class=\"col-md-10 col-sm-10 col-xs-10 dsvy-ourhistory-right\">\r\n\t\t\t\t\t\t\t\t\t<span class=\"dsvy-timeline-image\"><\/span>\r\n\t\t\t\t\t\t\t\t\t<span class=\"label\">02<\/span>\r\n\t\t\t\t\t\t\t\t\t<div class=\"content\">\r\n\t\t\t\t\t\t\t\t\t\t<h4>COMP\u00c9TENCES RECHERCH\u00c9ES<\/h4>\r\n\t\t\t\t\t\t\t\t\t\t<div class=\"simple-text\">\r\n\t\t\t\t\t\t\t\t\t\t\t<p><ul>\n        <li><strong> Comp\u00e9tences g\u00e9n\u00e9riques<\/strong>\n            <ul>\n                <li>Avoir des aptitudes \u00e0 la vente et \u00e0 la n\u00e9gociation ;<\/li>\n                <li> Ma\u00eetriser le cadre juridique de l\u2019activit\u00e9 ;<\/li>\n                <li>Ma\u00eetriser la communication orale et \u00e9crite ;<\/li>\n                <li>Comprendre l\u2019environnement professionnel ;<\/li>\n                <li>Capable de diriger une \u00e9quipe.<\/li>\n            <\/ul>\n        <\/li>\n        <li><strong>Comp\u00e9tences sp\u00e9cifiques<\/strong>\n            <ul>\n                <li>Cerner l\u2019environnement \u00e9conomique et juridique du secteur de l\u2019assurance ;<\/li>\n                <li>Utiliser les techniques sp\u00e9cifiques aux diff\u00e9rentes branches d\u2019assurance ;<\/li>\n                <li>Conseiller le client et proposer des contrats d\u2019assurance ;<\/li>\n                <li>G\u00e9rer les relations avec les clients ;<\/li>\n                <li>Communiquer dans un environnement professionnel, juridique, fiscal et\nfinancier ;<\/li>\n                <li>Contribuer \u00e0 la fid\u00e9lisation des clients et au d\u00e9veloppement du portefeuille.<\/li>\n            <\/ul>\n        <\/li>\n     <\/ul><\/p>\r\n\t\t\t\t\t\t\t\t\t\t<\/div>\r\n\r\n\t\t\t\t\t\t\t\t\t\t\r\n\t\t\t\t\t\t\t\t\t<\/div>\r\n\t\t\t\t\t\t\t\t<\/div>\r\n\t\t\t\t\t\t\t<\/div> \r\n\t\t\t\t\t\t<\/div>\r\n\t\t\t\t\t<\/div>\r\n\r\n\t\t\t\t\r\n\t\t\t\t\t<div class=\"dsvy-timeline-inner\">\r\n\t\t\t\t\t\t<div class=\"col-sm-12 dsvy-ourhistory dsvy-ourhistory-type2\">\r\n\t\t\t\t\t\t\t<div class=\"row dsvy-ourhistory-row\">\r\n\r\n\t\t\t\t\t\t\t\t<div class=\"col-md-2 dsvy-ourhistory-left\">\r\n\t\t\t\t\t\t\t\t\t<span class=\"label\">03<\/span>\r\n\t\t\t\t\t\t\t\t<\/div>\r\n\t\t\t\t\t\t\t\t<div class=\"col-md-10 col-sm-10 col-xs-10 dsvy-ourhistory-right\">\r\n\t\t\t\t\t\t\t\t\t<span class=\"dsvy-timeline-image\"><\/span>\r\n\t\t\t\t\t\t\t\t\t<span class=\"label\">03<\/span>\r\n\t\t\t\t\t\t\t\t\t<div class=\"content\">\r\n\t\t\t\t\t\t\t\t\t\t<h4>D\u00c9BOUCH\u00c9S<\/h4>\r\n\t\t\t\t\t\t\t\t\t\t<div class=\"simple-text\">\r\n\t\t\t\t\t\t\t\t\t\t\t<p> <ul>\n                <li>Souscripteur ;<\/li>\n                <li>Conseiller ;<\/li>\n                <li>Charg\u00e9 d\u2019indemnisation ;<\/li>\n                <li>Gestionnaire assurance vie individuelle\/collective;<\/li>\n                <li>Collaborateur d\u2019agent g\u00e9n\u00e9ral ou de courtier d\u2019assurance ;<\/li>\n                <li>Technicien d\u2019assurance.<\/li>\n            <\/ul><\/p>\r\n\t\t\t\t\t\t\t\t\t\t<\/div>\r\n\r\n\t\t\t\t\t\t\t\t\t\t\r\n\t\t\t\t\t\t\t\t\t<\/div>\r\n\t\t\t\t\t\t\t\t<\/div>\r\n\t\t\t\t\t\t\t<\/div> \r\n\t\t\t\t\t\t<\/div>\r\n\t\t\t\t\t<\/div>\r\n\r\n\t\t\t\t\r\n\t\t\t\t\t<div class=\"dsvy-timeline-inner\">\r\n\t\t\t\t\t\t<div class=\"col-sm-12 dsvy-ourhistory dsvy-ourhistory-type2\">\r\n\t\t\t\t\t\t\t<div class=\"row dsvy-ourhistory-row\">\r\n\r\n\t\t\t\t\t\t\t\t<div class=\"col-md-2 dsvy-ourhistory-left\">\r\n\t\t\t\t\t\t\t\t\t<span class=\"label\">04<\/span>\r\n\t\t\t\t\t\t\t\t<\/div>\r\n\t\t\t\t\t\t\t\t<div class=\"col-md-10 col-sm-10 col-xs-10 dsvy-ourhistory-right\">\r\n\t\t\t\t\t\t\t\t\t<span class=\"dsvy-timeline-image\"><\/span>\r\n\t\t\t\t\t\t\t\t\t<span class=\"label\">04<\/span>\r\n\t\t\t\t\t\t\t\t\t<div class=\"content\">\r\n\t\t\t\t\t\t\t\t\t\t<h4>DUR\u00c9E DE LA FORMATION<\/h4>\r\n\t\t\t\t\t\t\t\t\t\t<div class=\"simple-text\">\r\n\t\t\t\t\t\t\t\t\t\t\t<p>Pour une dur\u00e9e de deux ans, un ensemble de cours th\u00e9oriques et pratiques est\nadministr\u00e9 aux \u00e9tudiants en vue de l\u2019obtention d\u2019un Brevet de Technicien\nSup\u00e9rieur (BTS) sanctionn\u00e9 par le MINESUP.<\/p>\r\n\t\t\t\t\t\t\t\t\t\t<\/div>\r\n\r\n\t\t\t\t\t\t\t\t\t\t\r\n\t\t\t\t\t\t\t\t\t<\/div>\r\n\t\t\t\t\t\t\t\t<\/div>\r\n\t\t\t\t\t\t\t<\/div> \r\n\t\t\t\t\t\t<\/div>\r\n\t\t\t\t\t<\/div>\r\n\r\n\t\t\t\t\r\n\t\t\t\t\t<div class=\"dsvy-timeline-inner\">\r\n\t\t\t\t\t\t<div class=\"col-sm-12 dsvy-ourhistory dsvy-ourhistory-type2\">\r\n\t\t\t\t\t\t\t<div class=\"row dsvy-ourhistory-row\">\r\n\r\n\t\t\t\t\t\t\t\t<div class=\"col-md-2 dsvy-ourhistory-left\">\r\n\t\t\t\t\t\t\t\t\t<span class=\"label\">05<\/span>\r\n\t\t\t\t\t\t\t\t<\/div>\r\n\t\t\t\t\t\t\t\t<div class=\"col-md-10 col-sm-10 col-xs-10 dsvy-ourhistory-right\">\r\n\t\t\t\t\t\t\t\t\t<span class=\"dsvy-timeline-image\"><\/span>\r\n\t\t\t\t\t\t\t\t\t<span class=\"label\">05<\/span>\r\n\t\t\t\t\t\t\t\t\t<div class=\"content\">\r\n\t\t\t\t\t\t\t\t\t\t<h4>CONDITIONS D\u2019ADMISSION<\/h4>\r\n\t\t\t\t\t\t\t\t\t\t<div class=\"simple-text\">\r\n\t\t\t\t\t\t\t\t\t\t\t<p>Inscription directe sur \u00e9tude de dossier : \n<ul>\n                <li>01 demande d\u2019admission adress\u00e9e au Directeur de l\u2019ISTTI ;<\/li>\n                <li>01 fiche d\u2019inscription dument remplie (disponible au campus) ;<\/li>\n                <li>01 photocopie de l\u2019acte de naissance ;<\/li>\n                <li>01 photocopie du relev\u00e9 du BAC ;<\/li>\n                <li>Frais de couverture m\u00e9dical annuelle : 5000 F CFA ;<\/li>\n                <li>Frais d\u2019inscription : 35 000 FCFA ;<\/li>\n                <li>Frais d\u2019\u00e9tude de dossier : Gratuit.<\/li>\n            <\/ul><\/p>\r\n\t\t\t\t\t\t\t\t\t\t<\/div>\r\n\r\n\t\t\t\t\t\t\t\t\t\t\r\n\t\t\t\t\t\t\t\t\t<\/div>\r\n\t\t\t\t\t\t\t\t<\/div>\r\n\t\t\t\t\t\t\t<\/div> \r\n\t\t\t\t\t\t<\/div>\r\n\t\t\t\t\t<\/div>\r\n\r\n\t\t\t\t\r\n\t\t\t\t\t<div class=\"dsvy-timeline-inner\">\r\n\t\t\t\t\t\t<div class=\"col-sm-12 dsvy-ourhistory dsvy-ourhistory-type2\">\r\n\t\t\t\t\t\t\t<div class=\"row dsvy-ourhistory-row\">\r\n\r\n\t\t\t\t\t\t\t\t<div class=\"col-md-2 dsvy-ourhistory-left\">\r\n\t\t\t\t\t\t\t\t\t<span class=\"label\">06<\/span>\r\n\t\t\t\t\t\t\t\t<\/div>\r\n\t\t\t\t\t\t\t\t<div class=\"col-md-10 col-sm-10 col-xs-10 dsvy-ourhistory-right\">\r\n\t\t\t\t\t\t\t\t\t<span class=\"dsvy-timeline-image\"><\/span>\r\n\t\t\t\t\t\t\t\t\t<span class=\"label\">06<\/span>\r\n\t\t\t\t\t\t\t\t\t<div class=\"content\">\r\n\t\t\t\t\t\t\t\t\t\t<h4>APPROCHES P\u00c9DAGOGIQUES<\/h4>\r\n\t\t\t\t\t\t\t\t\t\t<div class=\"simple-text\">\r\n\t\t\t\t\t\t\t\t\t\t\t<p><ul>\n                <li>Cours magistraux ;<\/li>\n                <li>Des travaux pratiques et travaux personnels ;<\/li>\n                <li>Des stages d\u2019immersion dans les m\u00e9tiers accompagn\u00e9s par un corps\nenseignant et des cadres d\u2019entreprise.<\/li>\n            <\/ul><\/p>\r\n\t\t\t\t\t\t\t\t\t\t<\/div>\r\n\r\n\t\t\t\t\t\t\t\t\t\t\r\n\t\t\t\t\t\t\t\t\t<\/div>\r\n\t\t\t\t\t\t\t\t<\/div>\r\n\t\t\t\t\t\t\t<\/div> \r\n\t\t\t\t\t\t<\/div>\r\n\t\t\t\t\t<\/div>\r\n\r\n\t\t\t\t\r\n\t\t\t\t\t<div class=\"dsvy-timeline-inner\">\r\n\t\t\t\t\t\t<div class=\"col-sm-12 dsvy-ourhistory dsvy-ourhistory-type2\">\r\n\t\t\t\t\t\t\t<div class=\"row dsvy-ourhistory-row\">\r\n\r\n\t\t\t\t\t\t\t\t<div class=\"col-md-2 dsvy-ourhistory-left\">\r\n\t\t\t\t\t\t\t\t\t<span class=\"label\">07<\/span>\r\n\t\t\t\t\t\t\t\t<\/div>\r\n\t\t\t\t\t\t\t\t<div class=\"col-md-10 col-sm-10 col-xs-10 dsvy-ourhistory-right\">\r\n\t\t\t\t\t\t\t\t\t<span class=\"dsvy-timeline-image\"><\/span>\r\n\t\t\t\t\t\t\t\t\t<span class=\"label\">07<\/span>\r\n\t\t\t\t\t\t\t\t\t<div class=\"content\">\r\n\t\t\t\t\t\t\t\t\t\t<h4>TECHNIQUES D\u2019\u00c9VALUATION<\/h4>\r\n\t\t\t\t\t\t\t\t\t\t<div class=\"simple-text\">\r\n\t\t\t\t\t\t\t\t\t\t\t<p><ul>\n                <li>Un contr\u00f4le continu pour chaque cours magistral ;<\/li>\n                <li>Une session d\u2019examen (oral ou \u00e9crit) \u00e0 la fin de chaque semestre organis\u00e9 en\nfonction des mati\u00e8res inscrites au semestre ;<\/li>\n                <li>R\u00e9daction d\u2019un rapport de stage soutenu devant un jury en fin de cycle ;<\/li>\n<li>Examen National de BTS.<\/li>\n            <\/ul><\/p>\r\n\t\t\t\t\t\t\t\t\t\t<\/div>\r\n\r\n\t\t\t\t\t\t\t\t\t\t\r\n\t\t\t\t\t\t\t\t\t<\/div>\r\n\t\t\t\t\t\t\t\t<\/div>\r\n\t\t\t\t\t\t\t<\/div> \r\n\t\t\t\t\t\t<\/div>\r\n\t\t\t\t\t<\/div>\r\n\r\n\t\t\t\t\r\n\t\t<\/div>\r\n\r\n\t    \t\t<\/div>\n\t\t\t\t<\/div>\n\t\t\t\t\t\t<\/div>\n\t\t\t\t\t<\/div>\n\t\t<\/div>\n\t\t\t\t\t\t\t\t<\/div>\n\t\t\t\t\t<\/div>\n\t\t<\/section>\n\t\t\t\t<section class=\"elementor-section elementor-top-section elementor-element elementor-element-45cb7231 elementor-section-full_width elementor-section-content-middle dsvy-col-stretched-none dsvy-bg-color-over-image elementor-section-height-default elementor-section-height-default\" data-id=\"45cb7231\" data-element_type=\"section\">\n\t\t\t\t\t\t<div class=\"elementor-container elementor-column-gap-default\">\n\t\t\t\t\t\t\t<div class=\"elementor-row\">\n\t\t\t\t\t<div class=\"elementor-column elementor-col-100 elementor-top-column elementor-element elementor-element-1751675e dsvy-bg-color-over-image\" data-id=\"1751675e\" data-element_type=\"column\">\n\t\t\t<div class=\"elementor-column-wrap\">\n\t\t\t\t\t\t\t<div class=\"elementor-widget-wrap\">\n\t\t\t\t\t\t\t\t<\/div>\n\t\t\t\t\t<\/div>\n\t\t<\/div>\n\t\t\t\t\t\t\t\t<\/div>\n\t\t\t\t\t<\/div>\n\t\t<\/section>\n\t\t\t\t<section class=\"elementor-section elementor-top-section elementor-element elementor-element-990907b dsvy-col-stretched-none dsvy-bg-color-over-image elementor-section-boxed elementor-section-height-default elementor-section-height-default\" data-id=\"990907b\" data-element_type=\"section\">\n\t\t\t\t\t\t<div class=\"elementor-container elementor-column-gap-default\">\n\t\t\t\t\t\t\t<div class=\"elementor-row\">\n\t\t\t\t\t<div class=\"elementor-column elementor-col-50 elementor-top-column elementor-element elementor-element-57ec948 dsvy-bg-color-over-image\" data-id=\"57ec948\" data-element_type=\"column\">\n\t\t\t<div class=\"elementor-column-wrap elementor-element-populated\">\n\t\t\t\t\t\t\t<div class=\"elementor-widget-wrap\">\n\t\t\t\t\t\t<div class=\"elementor-element elementor-element-a3e925d dsvy-btn-color-globalcolor dsvy-btn-style-flat dsvy-btn-shape-square elementor-widget elementor-widget-button\" data-id=\"a3e925d\" data-element_type=\"widget\" data-widget_type=\"button.default\">\n\t\t\t\t<div class=\"elementor-widget-container\">\n\t\t\t\t\t<div class=\"elementor-button-wrapper\">\n\t\t\t<a href=\"https:\/\/iuget.cm\/en\/download\/1318\/ \/\" class=\"elementor-button-link elementor-button elementor-size-xl\" role=\"button\">\n\t\t\t\t\t\t<span class=\"elementor-button-content-wrapper\">\n\t\t\t\t\t\t\t<span class=\"elementor-button-icon elementor-align-icon-left\">\n\t\t\t\t<i aria-hidden=\"true\" class=\"mdi mdi-file-download\"><\/i>\t\t\t<\/span>\n\t\t\t\t\t\t<span class=\"elementor-button-text\">T\u00e9l\u00e9charger la fiche d\u00e9taill\u00e9e<\/span>\n\t\t<\/span>\n\t\t\t\t\t<\/a>\n\t\t<\/div>\n\t\t\t\t<\/div>\n\t\t\t\t<\/div>\n\t\t\t\t\t\t<\/div>\n\t\t\t\t\t<\/div>\n\t\t<\/div>\n\t\t\t\t<div class=\"elementor-column elementor-col-50 elementor-top-column elementor-element elementor-element-ff75ceb dsvy-bg-color-over-image\" data-id=\"ff75ceb\" data-element_type=\"column\">\n\t\t\t<div class=\"elementor-column-wrap elementor-element-populated\">\n\t\t\t\t\t\t\t<div class=\"elementor-widget-wrap\">\n\t\t\t\t\t\t<div class=\"elementor-element elementor-element-3ea86a5b dsvy-btn-color-globalcolor dsvy-btn-style-flat dsvy-btn-shape-square elementor-widget elementor-widget-button\" data-id=\"3ea86a5b\" data-element_type=\"widget\" data-widget_type=\"button.default\">\n\t\t\t\t<div class=\"elementor-widget-container\">\n\t\t\t\t\t<div class=\"elementor-button-wrapper\">\n\t\t\t<a href=\"https:\/\/iuget.cm\/en\/preinscription-en-ligne\/\" class=\"elementor-button-link elementor-button elementor-size-xl\" role=\"button\">\n\t\t\t\t\t\t<span class=\"elementor-button-content-wrapper\">\n\t\t\t\t\t\t\t<span class=\"elementor-button-icon elementor-align-icon-left\">\n\t\t\t\t<i aria-hidden=\"true\" class=\"fas fa-user-graduate\"><\/i>\t\t\t<\/span>\n\t\t\t\t\t\t<span class=\"elementor-button-text\">I wish to pre-register<\/span>\n\t\t<\/span>\n\t\t\t\t\t<\/a>\n\t\t<\/div>\n\t\t\t\t<\/div>\n\t\t\t\t<\/div>\n\t\t\t\t\t\t<\/div>\n\t\t\t\t\t<\/div>\n\t\t<\/div>\n\t\t\t\t\t\t\t\t<\/div>\n\t\t\t\t\t<\/div>\n\t\t<\/section>\n\t\t\t\t\t\t\t\t\t<\/div>\n\t\t\t<\/div>\n\t\t\t\t\t<\/div>","protected":false},"excerpt":{"rendered":"<p>Domaine : Commerce, Gestion, Droit Fili\u00e8re : Gestion Sp\u00e9cialit\u00e9 : Assurance 01 01 OBJECTIF DE LA FORMATION Cette sp\u00e9cialit\u00e9 conduit \u00e0 la formation des professionnels appel\u00e9s \u00e0 exercer des activit\u00e9s \u00e0 caract\u00e8re commercial, technique et de gestion dans le domaine de la souscription ou du r\u00e8glement des sinistres dans des soci\u00e9t\u00e9s d\u2019assurance ou de la protection sociale en int\u00e9grant la relation client. 02 02 COMP\u00c9TENCES RECHERCH\u00c9ES Comp\u00e9tences g\u00e9n\u00e9riques Avoir des[&hellip;]<\/p>","protected":false},"author":1,"featured_media":0,"parent":1302,"menu_order":0,"comment_status":"closed","ping_status":"closed","template":"","meta":{"_acf_changed":false,"footnotes":""},"class_list":["post-1330","page","type-page","status-publish","hentry"],"acf":[],"yoast_head":"<!-- This site is optimized with the Yoast SEO plugin v23.0 - https:\/\/yoast.com\/wordpress\/plugins\/seo\/ -->\n<title>ASSURANCE - IUGET<\/title>\n<meta name=\"description\" content=\"Cette sp\u00e9cialit\u00e9 conduit \u00e0 la formation des professionnels appel\u00e9s \u00e0 exercer desactivit\u00e9s \u00e0 caract\u00e8re commercial, technique et de gestion\" \/>\n<meta name=\"robots\" content=\"index, follow, max-snippet:-1, max-image-preview:large, max-video-preview:-1\" \/>\n<link rel=\"canonical\" href=\"https:\/\/iuget.cm\/en\/formations\/bts-commercial\/assurance\/\" \/>\n<meta property=\"og:locale\" content=\"en_US\" \/>\n<meta property=\"og:type\" content=\"article\" \/>\n<meta property=\"og:title\" content=\"ASSURANCE - IUGET\" \/>\n<meta property=\"og:description\" content=\"Cette sp\u00e9cialit\u00e9 conduit \u00e0 la formation des professionnels appel\u00e9s \u00e0 exercer desactivit\u00e9s \u00e0 caract\u00e8re commercial, technique et de gestion\" \/>\n<meta property=\"og:url\" content=\"https:\/\/iuget.cm\/en\/formations\/bts-commercial\/assurance\/\" \/>\n<meta property=\"og:site_name\" content=\"IUGET\" \/>\n<meta property=\"article:publisher\" content=\"https:\/\/www.facebook.com\/InstitutUniversitairedesGrandesEcolesdesTropiques\" \/>\n<meta property=\"article:modified_time\" content=\"2024-08-29T13:43:34+00:00\" \/>\n<meta name=\"twitter:label1\" content=\"Est. reading time\" \/>\n\t<meta name=\"twitter:data1\" content=\"2 minutes\" \/>\n<script type=\"application\/ld+json\" class=\"yoast-schema-graph\">{\"@context\":\"https:\/\/schema.org\",\"@graph\":[{\"@type\":\"WebPage\",\"@id\":\"https:\/\/iuget.cm\/formations\/bts-commercial\/assurance\/\",\"url\":\"https:\/\/iuget.cm\/formations\/bts-commercial\/assurance\/\",\"name\":\"ASSURANCE - IUGET\",\"isPartOf\":{\"@id\":\"https:\/\/iuget.cm\/#website\"},\"datePublished\":\"2023-07-22T09:53:42+00:00\",\"dateModified\":\"2024-08-29T13:43:34+00:00\",\"description\":\"Cette sp\u00e9cialit\u00e9 conduit \u00e0 la formation des professionnels appel\u00e9s \u00e0 exercer desactivit\u00e9s \u00e0 caract\u00e8re commercial, technique et de gestion\",\"breadcrumb\":{\"@id\":\"https:\/\/iuget.cm\/formations\/bts-commercial\/assurance\/#breadcrumb\"},\"inLanguage\":\"en-US\",\"potentialAction\":[{\"@type\":\"ReadAction\",\"target\":[\"https:\/\/iuget.cm\/formations\/bts-commercial\/assurance\/\"]}]},{\"@type\":\"BreadcrumbList\",\"@id\":\"https:\/\/iuget.cm\/formations\/bts-commercial\/assurance\/#breadcrumb\",\"itemListElement\":[{\"@type\":\"ListItem\",\"position\":1,\"name\":\"Nos formations\",\"item\":\"https:\/\/iuget.cm\/formations\/\"},{\"@type\":\"ListItem\",\"position\":2,\"name\":\"BTS Commercial\",\"item\":\"https:\/\/iuget.cm\/formations\/bts-commercial\/\"},{\"@type\":\"ListItem\",\"position\":3,\"name\":\"ASSURANCE\"}]},{\"@type\":\"WebSite\",\"@id\":\"https:\/\/iuget.cm\/#website\",\"url\":\"https:\/\/iuget.cm\/\",\"name\":\"IUGET\",\"description\":\"Institut Universitaire des Grandes Ecoles des Tropiques\",\"publisher\":{\"@id\":\"https:\/\/iuget.cm\/#organization\"},\"potentialAction\":[{\"@type\":\"SearchAction\",\"target\":{\"@type\":\"EntryPoint\",\"urlTemplate\":\"https:\/\/iuget.cm\/?s={search_term_string}\"},\"query-input\":\"required name=search_term_string\"}],\"inLanguage\":\"en-US\"},{\"@type\":\"Organization\",\"@id\":\"https:\/\/iuget.cm\/#organization\",\"name\":\"Institut Universitaire des Grandes Ecoles des Tropiques\",\"url\":\"https:\/\/iuget.cm\/\",\"logo\":{\"@type\":\"ImageObject\",\"inLanguage\":\"en-US\",\"@id\":\"https:\/\/iuget.cm\/#\/schema\/logo\/image\/\",\"url\":\"https:\/\/iuget.cm\/wp-content\/uploads\/2023\/03\/IUGET-FR-jpeg.png\",\"contentUrl\":\"https:\/\/iuget.cm\/wp-content\/uploads\/2023\/03\/IUGET-FR-jpeg.png\",\"width\":2801,\"height\":2522,\"caption\":\"Institut Universitaire des Grandes Ecoles des Tropiques\"},\"image\":{\"@id\":\"https:\/\/iuget.cm\/#\/schema\/logo\/image\/\"},\"sameAs\":[\"https:\/\/www.facebook.com\/InstitutUniversitairedesGrandesEcolesdesTropiques\",\"https:\/\/www.linkedin.com\/company\/iuget-institut-universitaire-des-grandes-ecoles-des-tropiques\/\",\"https:\/\/www.instagram.com\/iuget_cmr\/\",\"https:\/\/www.youtube.com\/@iugetdla7507\"]}]}<\/script>\n<!-- \/ Yoast SEO plugin. -->","yoast_head_json":{"title":"ASSURANCE - IUGET","description":"Cette sp\u00e9cialit\u00e9 conduit \u00e0 la formation des professionnels appel\u00e9s \u00e0 exercer desactivit\u00e9s \u00e0 caract\u00e8re commercial, technique et de gestion","robots":{"index":"index","follow":"follow","max-snippet":"max-snippet:-1","max-image-preview":"max-image-preview:large","max-video-preview":"max-video-preview:-1"},"canonical":"https:\/\/iuget.cm\/en\/formations\/bts-commercial\/assurance\/","og_locale":"en_US","og_type":"article","og_title":"ASSURANCE - IUGET","og_description":"Cette sp\u00e9cialit\u00e9 conduit \u00e0 la formation des professionnels appel\u00e9s \u00e0 exercer desactivit\u00e9s \u00e0 caract\u00e8re commercial, technique et de gestion","og_url":"https:\/\/iuget.cm\/en\/formations\/bts-commercial\/assurance\/","og_site_name":"IUGET","article_publisher":"https:\/\/www.facebook.com\/InstitutUniversitairedesGrandesEcolesdesTropiques","article_modified_time":"2024-08-29T13:43:34+00:00","twitter_misc":{"Est. reading time":"2 minutes"},"schema":{"@context":"https:\/\/schema.org","@graph":[{"@type":"WebPage","@id":"https:\/\/iuget.cm\/formations\/bts-commercial\/assurance\/","url":"https:\/\/iuget.cm\/formations\/bts-commercial\/assurance\/","name":"ASSURANCE - IUGET","isPartOf":{"@id":"https:\/\/iuget.cm\/#website"},"datePublished":"2023-07-22T09:53:42+00:00","dateModified":"2024-08-29T13:43:34+00:00","description":"Cette sp\u00e9cialit\u00e9 conduit \u00e0 la formation des professionnels appel\u00e9s \u00e0 exercer desactivit\u00e9s \u00e0 caract\u00e8re commercial, technique et de gestion","breadcrumb":{"@id":"https:\/\/iuget.cm\/formations\/bts-commercial\/assurance\/#breadcrumb"},"inLanguage":"en-US","potentialAction":[{"@type":"ReadAction","target":["https:\/\/iuget.cm\/formations\/bts-commercial\/assurance\/"]}]},{"@type":"BreadcrumbList","@id":"https:\/\/iuget.cm\/formations\/bts-commercial\/assurance\/#breadcrumb","itemListElement":[{"@type":"ListItem","position":1,"name":"Nos formations","item":"https:\/\/iuget.cm\/formations\/"},{"@type":"ListItem","position":2,"name":"BTS Commercial","item":"https:\/\/iuget.cm\/formations\/bts-commercial\/"},{"@type":"ListItem","position":3,"name":"ASSURANCE"}]},{"@type":"WebSite","@id":"https:\/\/iuget.cm\/#website","url":"https:\/\/iuget.cm\/","name":"IUGET","description":"Institut Universitaire des Grandes Ecoles des Tropiques","publisher":{"@id":"https:\/\/iuget.cm\/#organization"},"potentialAction":[{"@type":"SearchAction","target":{"@type":"EntryPoint","urlTemplate":"https:\/\/iuget.cm\/?s={search_term_string}"},"query-input":"required name=search_term_string"}],"inLanguage":"en-US"},{"@type":"Organization","@id":"https:\/\/iuget.cm\/#organization","name":"Institut Universitaire des Grandes Ecoles des Tropiques","url":"https:\/\/iuget.cm\/","logo":{"@type":"ImageObject","inLanguage":"en-US","@id":"https:\/\/iuget.cm\/#\/schema\/logo\/image\/","url":"https:\/\/iuget.cm\/wp-content\/uploads\/2023\/03\/IUGET-FR-jpeg.png","contentUrl":"https:\/\/iuget.cm\/wp-content\/uploads\/2023\/03\/IUGET-FR-jpeg.png","width":2801,"height":2522,"caption":"Institut Universitaire des Grandes Ecoles des Tropiques"},"image":{"@id":"https:\/\/iuget.cm\/#\/schema\/logo\/image\/"},"sameAs":["https:\/\/www.facebook.com\/InstitutUniversitairedesGrandesEcolesdesTropiques","https:\/\/www.linkedin.com\/company\/iuget-institut-universitaire-des-grandes-ecoles-des-tropiques\/","https:\/\/www.instagram.com\/iuget_cmr\/","https:\/\/www.youtube.com\/@iugetdla7507"]}]}},"_links":{"self":[{"href":"https:\/\/iuget.cm\/en\/wp-json\/wp\/v2\/pages\/1330","targetHints":{"allow":["GET"]}}],"collection":[{"href":"https:\/\/iuget.cm\/en\/wp-json\/wp\/v2\/pages"}],"about":[{"href":"https:\/\/iuget.cm\/en\/wp-json\/wp\/v2\/types\/page"}],"author":[{"embeddable":true,"href":"https:\/\/iuget.cm\/en\/wp-json\/wp\/v2\/users\/1"}],"replies":[{"embeddable":true,"href":"https:\/\/iuget.cm\/en\/wp-json\/wp\/v2\/comments?post=1330"}],"version-history":[{"count":8,"href":"https:\/\/iuget.cm\/en\/wp-json\/wp\/v2\/pages\/1330\/revisions"}],"predecessor-version":[{"id":1347,"href":"https:\/\/iuget.cm\/en\/wp-json\/wp\/v2\/pages\/1330\/revisions\/1347"}],"up":[{"embeddable":true,"href":"https:\/\/iuget.cm\/en\/wp-json\/wp\/v2\/pages\/1302"}],"wp:attachment":[{"href":"https:\/\/iuget.cm\/en\/wp-json\/wp\/v2\/media?parent=1330"}],"curies":[{"name":"wp","href":"https:\/\/api.w.org\/{rel}","templated":true}]}}